{"id":61948,"date":"2022-02-26T12:49:57","date_gmt":"2022-02-26T11:49:57","guid":{"rendered":"https:\/\/www.customeeple.com\/?post_type=product&#038;p=61948"},"modified":"2022-02-26T17:14:28","modified_gmt":"2022-02-26T16:14:28","slug":"set-de-objectivos-middle-earth-18-units","status":"publish","type":"product","link":"https:\/\/www.customeeple.com\/es\/producto\/set-de-objectivos-middle-earth-18-units\/","title":{"rendered":"Set de Objectivos Middle Earth (18 Units)"},"content":{"rendered":"<p>Ese nuestras fichas para marcar sus objetivos y si est\u00e1n controlados por uno de los jugadores en cualquier partida de Middle Earth Battle Strategy Game<\/p>\n<p>Este juego incluye 18 marcadores:<\/p>\n<p>Ficha de objetivo x6<br \/>\nFicha del Lado Luminoso x6<br \/>\nFicha del lado oscuro x6<\/p>\n<p>El color del pack es fijo y es el mismo que en la imagen. Este pack encajar\u00e1 perfectamente con el juego <strong>Middle Earth Battle Strategy Game<\/strong><\/p>\n<p><strong style=\"font-size: 14px; line-height: 1.5em;\">Material:\u00a0<\/strong><span style=\"font-size: 14px; line-height: 1.5em;\">Metacrilato o M<\/span><span style=\"font-size: 14px; line-height: 1.5em;\">adera<\/span><\/p>\n<div class=\"moreinfo\">\n<p dir=\"ltr\"><strong>Espesor:<\/strong>\u00a03 mm<\/p>\n<p dir=\"ltr\"><strong>Tama\u00f1o:<\/strong> 6 units x 2,5 x 2,5 cm. 12 units x 2 x 2cm<strong><br \/>\n<\/strong><\/p>\n<p dir=\"ltr\"><strong>Cantidad:<\/strong> 18 marcadores<\/p>\n<p><strong>Use:<\/strong> Marcadores para juegos de <strong>Middle Earth Battle Strategy Game<\/strong><\/p>\n<\/div>\n<div><strong>Middle Earth Battle Strategy Game <\/strong>es un juego publicado por <strong>Games Workshop<\/strong> Customeeple no esta afiliado con esta compa\u00f1\u00eda y este producto no est\u00e1 apoyado pro ellos de ninguna manera.<\/div>\n<div><\/div>\n<div class=\"infopreorder\"><strong>Nota:<\/strong> El color de las piezas de metacrilato puede variar ligeramente del de las fotos.<\/div>\n","protected":false},"excerpt":{"rendered":"<p>Un pack de marcadores para <strong>Middle Earth Battle Strategy Game<\/strong><\/p>\n","protected":false},"featured_media":61825,"template":"","meta":{"_acf_changed":false},"product_brand":[],"product_cat":[1370,1400,1177,2081,1623],"product_tag":[1670],"class_list":{"0":"post-61948","1":"product","2":"type-product","3":"status-publish","4":"has-post-thumbnail","6":"product_cat-customeeple-es","7":"product_cat-fantasia","8":"product_cat-games-workshop-es","9":"product_cat-middle-earth-battle-strategy-game-es","10":"product_cat-wargames-es-2","11":"product_tag-codex-es-2","12":"pa_methacrylate-colors-roble","13":"pa_methacrylate-colors-negro-moba","15":"first","16":"instock","17":"taxable","18":"shipping-taxable","19":"purchasable","20":"product-type-variable"},"exclude_global_add_ons":[],"addons":[],"acf":[],"_links":{"self":[{"href":"https:\/\/www.customeeple.com\/es\/wp-json\/wp\/v2\/product\/61948","targetHints":{"allow":["GET"]}}],"collection":[{"href":"https:\/\/www.customeeple.com\/es\/wp-json\/wp\/v2\/product"}],"about":[{"href":"https:\/\/www.customeeple.com\/es\/wp-json\/wp\/v2\/types\/product"}],"wp:featuredmedia":[{"embeddable":true,"href":"https:\/\/www.customeeple.com\/es\/wp-json\/wp\/v2\/media\/61825"}],"wp:attachment":[{"href":"https:\/\/www.customeeple.com\/es\/wp-json\/wp\/v2\/media?parent=61948"}],"wp:term":[{"taxonomy":"product_brand","embeddable":true,"href":"https:\/\/www.customeeple.com\/es\/wp-json\/wp\/v2\/product_brand?post=61948"},{"taxonomy":"product_cat","embeddable":true,"href":"https:\/\/www.customeeple.com\/es\/wp-json\/wp\/v2\/product_cat?post=61948"},{"taxonomy":"product_tag","embeddable":true,"href":"https:\/\/www.customeeple.com\/es\/wp-json\/wp\/v2\/product_tag?post=61948"}],"curies":[{"name":"wp","href":"https:\/\/api.w.org\/{rel}","templated":true}]}}