{"id":61882,"date":"2022-02-23T20:23:27","date_gmt":"2022-02-23T19:23:27","guid":{"rendered":"https:\/\/www.customeeple.com\/product\/elven-union-blood-bowl-team\/"},"modified":"2026-03-26T11:55:05","modified_gmt":"2026-03-26T10:55:05","slug":"elven-union-blood-bowl-team","status":"publish","type":"product","link":"https:\/\/www.customeeple.com\/es\/producto\/elven-union-blood-bowl-team\/","title":{"rendered":"The Elfheim Eagles &#8211; Elven Union Blood Bowl Team"},"content":{"rendered":"<p>Los Elfheim Eagles destacan por abandonar los uniformes elegantes y las fiestas extravagantes de los otros equipos de Elfs y cambiarlos por entrenamientos, sesiones de ejercicio, y a\u00fan m\u00e1s entrenamientos. Puede que al principio los hinchas no estuvieran contentos, pero despu\u00e9s de que los Elfheim Eagles se abrieran paso a trav\u00e9s de los Nurgle\u2019s Rotters y ganaran la Blood Bowl XX, se ganaron la fama de ser uno de los equipos con mejor juego de pases de la historia.<\/p>\n<p>Este kit de pl\u00e1stico multicomponente contiene las piezas necesarias para montar los Elfheim Eagles, un equipo de Blood Bowl de Elven Union. El equipo consiste en 6 Linemen (4 de los cuales son mujeres), 2 Blitzers, 2 Throwers y 2 Catchers, todos ellos hermosos y de p\u00f3mulos impresionantes, como cabr\u00edua esperar de un equipo Elven. Las cabezas y hombreras son intercambiables entre las miniaturas, para que puedas hacer \u00fanico a tu equipo.<\/p>\n<p>El kit incluye un mont\u00edn de extras: 2 marcados de turno, 2 marcadores de equipo de doble cara y 6 balones, 4 de los cuales tienen opulentas gemas incrustadas. Se proporcionan junto con 12 peanas de Blood Bowl de 32 mm y una hoja de calcoman\u00edas Elven Union.<\/p>\n","protected":false},"excerpt":{"rendered":"<p>Los Elfheim Eagles destacan por abandonar los uniformes elegantes y las fiestas extravagantes de los otros equipos de Elfs y cambiarlos por entrenamientos, sesiones de ejercicio, y a\u00fan m\u00e1s entrenamientos. Puede que al principio los hinchas no estuvieran contentos, pero despu\u00e9s de que los Elfheim Eagles se abrieran paso a trav\u00e9s de los Nurgle\u2019s Rotters [&hellip;]<\/p>\n","protected":false},"featured_media":61881,"template":"","meta":{"_acf_changed":false},"product_brand":[],"product_cat":[1258,1177,1180,1623],"product_tag":[],"class_list":{"0":"post-61882","1":"product","2":"type-product","3":"status-publish","4":"has-post-thumbnail","6":"product_cat-blood-bowl-es","7":"product_cat-games-workshop-es","8":"product_cat-retail-products-es","9":"product_cat-wargames-es-2","11":"first","12":"onbackorder","13":"sale","14":"taxable","15":"shipping-taxable","16":"purchasable","17":"product-type-simple"},"exclude_global_add_ons":[],"addons":[],"acf":[],"_links":{"self":[{"href":"https:\/\/www.customeeple.com\/es\/wp-json\/wp\/v2\/product\/61882","targetHints":{"allow":["GET"]}}],"collection":[{"href":"https:\/\/www.customeeple.com\/es\/wp-json\/wp\/v2\/product"}],"about":[{"href":"https:\/\/www.customeeple.com\/es\/wp-json\/wp\/v2\/types\/product"}],"wp:featuredmedia":[{"embeddable":true,"href":"https:\/\/www.customeeple.com\/es\/wp-json\/wp\/v2\/media\/61881"}],"wp:attachment":[{"href":"https:\/\/www.customeeple.com\/es\/wp-json\/wp\/v2\/media?parent=61882"}],"wp:term":[{"taxonomy":"product_brand","embeddable":true,"href":"https:\/\/www.customeeple.com\/es\/wp-json\/wp\/v2\/product_brand?post=61882"},{"taxonomy":"product_cat","embeddable":true,"href":"https:\/\/www.customeeple.com\/es\/wp-json\/wp\/v2\/product_cat?post=61882"},{"taxonomy":"product_tag","embeddable":true,"href":"https:\/\/www.customeeple.com\/es\/wp-json\/wp\/v2\/product_tag?post=61882"}],"curies":[{"name":"wp","href":"https:\/\/api.w.org\/{rel}","templated":true}]}}