{"id":61878,"date":"2022-02-23T20:24:39","date_gmt":"2022-02-23T19:24:39","guid":{"rendered":"https:\/\/www.customeeple.com\/product\/lord-celestant-on-stardrake\/"},"modified":"2023-11-21T00:00:16","modified_gmt":"2023-11-20T23:00:16","slug":"lord-celestant-on-stardrake","status":"publish","type":"product","link":"https:\/\/www.customeeple.com\/es\/producto\/lord-celestant-on-stardrake\/","title":{"rendered":"Lord Celestant en Stardrake"},"content":{"rendered":"<p>Incluso entre las gloriosas filas de los Stormcast Eternals y la jerarqu\u00eda sideral de los Hijos de Dracothion, s\u00f3lo los m\u00e1s poderosos y nobles son elegidos para liderar una Extremis Chamber. Los Lord-Celestant y sus Stardrake est\u00e1n tan imbuidos de poder celestial que irradian energ\u00edas azur. El poder de las mism\u00edsimas estrellas est\u00e1 a sus \u00f3rdenes\u2026<\/p>\n<p>Este kit de pl\u00e1stico multicomponente contiene todo lo necesario para montar una de las siguientes miniaturas:<\/p>\n<p>Un Lord-Celestant sobre Stardrake. Son los l\u00edderes de la Extremis Chamber, al mando del poder las mism\u00edsimas estrellas armados con un martillo tempestos o filo de la tempestad y escudo de sigmarite, o<\/p>\n<p>Un Drakesworn Templar, venganza del cielo a la que se ha dado forma, armado con un hacha tempestad, martillo arc, o lanza tormenta y arco de rayos.<\/p>\n<p>El Stardrake, una miniatura de gran formato, incluye dos dise\u00f1os de armadura con variaciones en la iconograf\u00eda del martillo, el rayo y el cometa, dos opciones de cabeza (una rugiendo y la otra con las fauces cerradas) y distintas posiciones de alas. Se alza sobre unas ruinas semienterradas.<\/p>\n<p>Esta miniatura de 108 componentes se suministra con una peana Citadel ovalada de 170&#215;105 mm.<\/p>\n","protected":false},"excerpt":{"rendered":"<p>Incluso entre las gloriosas filas de los Stormcast Eternals y la jerarqu\u00eda sideral de los Hijos de Dracothion, s\u00f3lo los m\u00e1s poderosos y nobles son elegidos para liderar una Extremis Chamber. Los Lord-Celestant y sus Stardrake est\u00e1n tan imbuidos de poder celestial que irradian energ\u00edas azur. El poder de las mism\u00edsimas estrellas est\u00e1 a sus [&hellip;]<\/p>\n","protected":false},"featured_media":61875,"template":"","meta":{"_acf_changed":false},"product_brand":[],"product_cat":[1177,1180,1623,1654],"product_tag":[],"class_list":{"0":"post-61878","1":"product","2":"type-product","3":"status-publish","4":"has-post-thumbnail","6":"product_cat-games-workshop-es","7":"product_cat-retail-products-es","8":"product_cat-wargames-es-2","9":"product_cat-warhammer-age-of-sigmar-es-2","11":"first","12":"onbackorder","13":"sale","14":"taxable","15":"shipping-taxable","16":"purchasable","17":"product-type-simple"},"exclude_global_add_ons":[],"addons":[],"acf":[],"_links":{"self":[{"href":"https:\/\/www.customeeple.com\/es\/wp-json\/wp\/v2\/product\/61878","targetHints":{"allow":["GET"]}}],"collection":[{"href":"https:\/\/www.customeeple.com\/es\/wp-json\/wp\/v2\/product"}],"about":[{"href":"https:\/\/www.customeeple.com\/es\/wp-json\/wp\/v2\/types\/product"}],"wp:featuredmedia":[{"embeddable":true,"href":"https:\/\/www.customeeple.com\/es\/wp-json\/wp\/v2\/media\/61875"}],"wp:attachment":[{"href":"https:\/\/www.customeeple.com\/es\/wp-json\/wp\/v2\/media?parent=61878"}],"wp:term":[{"taxonomy":"product_brand","embeddable":true,"href":"https:\/\/www.customeeple.com\/es\/wp-json\/wp\/v2\/product_brand?post=61878"},{"taxonomy":"product_cat","embeddable":true,"href":"https:\/\/www.customeeple.com\/es\/wp-json\/wp\/v2\/product_cat?post=61878"},{"taxonomy":"product_tag","embeddable":true,"href":"https:\/\/www.customeeple.com\/es\/wp-json\/wp\/v2\/product_tag?post=61878"}],"curies":[{"name":"wp","href":"https:\/\/api.w.org\/{rel}","templated":true}]}}