{"id":61864,"date":"2022-02-23T20:18:37","date_gmt":"2022-02-23T19:18:37","guid":{"rendered":"https:\/\/www.customeeple.com\/product\/tesoro-brillante\/"},"modified":"2022-02-23T20:18:37","modified_gmt":"2022-02-23T19:18:37","slug":"tesoro-brillante","status":"publish","type":"product","link":"https:\/\/www.customeeple.com\/es\/producto\/tesoro-brillante\/","title":{"rendered":"Tesoro Brillante"},"content":{"rendered":"<p>Los chicos-drag\u00f3n han encontrado un tesoro sorprendente: una columna de hielo con piedras brillantes congeladas en su interior que, por supuesto, a todos les gustar\u00eda conseguir. Junto con pap\u00e1-drag\u00f3n, los jugadores retiran uno a uno los anillos de hielo y derriten la columna para que caigan las piedras brillantes. Pero, cuidado, solo se pueden acumular determinadas piedras. \u00bfQui\u00e9n dispondr\u00e1 al final del juego de m\u00e1s piedras brillantes?<\/p>\n<p><strong>Contenido:<\/strong><\/p>\n<ul>\n<li>1 pap\u00e1-drag\u00f3n,<\/li>\n<li>1 planta (parte inferior de la caja) con 4 separadores,<\/li>\n<li>1 tablero, 4 chicos-drag\u00f3n,<\/li>\n<li>9 anillos de hielo, 90 piedras brillantes (18 piedras en 5 colores),<\/li>\n<li>5 fichas-piedra,<\/li>\n<li>1 ficha-hielo,<\/li>\n<li>1 instrucciones del juego.<\/li>\n<\/ul>\n","protected":false},"excerpt":{"rendered":"<p>Los chicos-drag\u00f3n han encontrado un tesoro sorprendente: una columna de hielo con piedras brillantes congeladas en su interior que, por supuesto, a todos les gustar\u00eda conseguir. Junto con pap\u00e1-drag\u00f3n, los jugadores retiran uno a uno los anillos de hielo y derriten la columna para que caigan las piedras brillantes. Pero, cuidado, solo se pueden acumular [&hellip;]<\/p>\n","protected":false},"featured_media":61846,"template":"","meta":{"_acf_changed":false},"product_brand":[],"product_cat":[1561,1991,1564,1653,1180],"product_tag":[],"class_list":{"0":"post-61864","1":"product","2":"type-product","3":"status-publish","4":"has-post-thumbnail","6":"product_cat-familiar-es","7":"product_cat-ha-es","8":"product_cat-childrens-es","9":"product_cat-boardgames","10":"product_cat-retail-products-es","12":"first","13":"outofstock","14":"sale","15":"taxable","16":"shipping-taxable","17":"purchasable","18":"product-type-simple"},"exclude_global_add_ons":[],"addons":[],"acf":[],"_links":{"self":[{"href":"https:\/\/www.customeeple.com\/es\/wp-json\/wp\/v2\/product\/61864","targetHints":{"allow":["GET"]}}],"collection":[{"href":"https:\/\/www.customeeple.com\/es\/wp-json\/wp\/v2\/product"}],"about":[{"href":"https:\/\/www.customeeple.com\/es\/wp-json\/wp\/v2\/types\/product"}],"wp:featuredmedia":[{"embeddable":true,"href":"https:\/\/www.customeeple.com\/es\/wp-json\/wp\/v2\/media\/61846"}],"wp:attachment":[{"href":"https:\/\/www.customeeple.com\/es\/wp-json\/wp\/v2\/media?parent=61864"}],"wp:term":[{"taxonomy":"product_brand","embeddable":true,"href":"https:\/\/www.customeeple.com\/es\/wp-json\/wp\/v2\/product_brand?post=61864"},{"taxonomy":"product_cat","embeddable":true,"href":"https:\/\/www.customeeple.com\/es\/wp-json\/wp\/v2\/product_cat?post=61864"},{"taxonomy":"product_tag","embeddable":true,"href":"https:\/\/www.customeeple.com\/es\/wp-json\/wp\/v2\/product_tag?post=61864"}],"curies":[{"name":"wp","href":"https:\/\/api.w.org\/{rel}","templated":true}]}}