{"id":61862,"date":"2022-02-23T20:26:18","date_gmt":"2022-02-23T19:26:18","guid":{"rendered":"https:\/\/www.customeeple.com\/product\/bonfire\/"},"modified":"2022-02-23T20:26:18","modified_gmt":"2022-02-23T19:26:18","slug":"bonfire","status":"publish","type":"product","link":"https:\/\/www.customeeple.com\/es\/producto\/bonfire\/","title":{"rendered":"Bonfire (SPA)"},"content":{"rendered":"<p>Las hogueras son fuentes de luz, energ\u00eda y calor creadas por los guardianes de la luz para iluminar las ciudades de un planeta por otro lado oscuro. Los residentes de las ciudades sin embargo, daban por hecho que las hogueras siempre iban a estar ah\u00ed y las explotaban para su beneficio personal. Los guardianes de la luz, decepcionados, se retiraron y permitieron que las hogueras se extinguieran. Los ciudadanos no pudieron vivir en las ahora oscuras ciudades y se vieron forzados a irse.<\/p>\n<p>En Bonfire, encarnar\u00e1s a un grupo de gnomos que viven cerca de las ciudades y que tambi\u00e9n necesita la luz de las hogueras. Intentar\u00e1s acudir a las ciudades y aprender como encender las hogueras de nuevo: debes visitar a los guardianes de la luz en sus islas sagradas completar tareas que demuestren tu val\u00eda. Por cada tarea completada, volver\u00e1n a encender una hoguera extinta. Quien mejor gestione la gran verdad de los guardianes y m\u00e1s ilumine su ciudad ser\u00e1 el ganador. El principal mecanismo del juego son losetas de 3 colores que ir\u00e1s colocando en tu tablero personal. Cuando consigas colocar el mismo color adyacente recibir\u00e1s m\u00e1s losetas de acci\u00f3n espec\u00edficas. Esto te permitir\u00e1 especializarte en ciertos tipos de acciones y realizar diferentes estrategias.<\/p>\n<p>Puedes utilizar las losetas para realizar las siguientes acciones:<\/p>\n<ul>\n<li>-Mover tu barco a una isla<\/li>\n<li>-Recibir un encargo de una isla gastando 2 recursos<\/li>\n<li>-Invitar a un guardi\u00e1n de la luz a tu ciudad<\/li>\n<li>-Desencadenar un desfile de guardianes para obtener recursos<\/li>\n<li>-A\u00f1adir una loseta de paisaje a tu ciudad (donde se realizan los desfiles)<\/li>\n<li>-Reclutar un gnomo obteniendo una habilidad especial o puntos de victoria<\/li>\n<li>-Encontrar el apoyo de la \u00faltima hoguera, ganando portales, recursos o losetas de acci\u00f3n.<\/li>\n<\/ul>\n<p>Se juega en orden de turno hasta que un n\u00famero de encargos sean satisfechos, despu\u00e9s de lo cual cada jugador tiene 5 turnos m\u00e1s. Durante la puntuaci\u00f3n final, recibir\u00e1s puntos por los encargos completados (hogueras) y por cualquier mejora realizada (portales, paisajes y guardianes).<\/p>\n","protected":false},"excerpt":{"rendered":"<p>Las hogueras son fuentes de luz, energ\u00eda y calor creadas por los guardianes de la luz para iluminar las ciudades de un planeta por otro lado oscuro. Los residentes de las ciudades sin embargo, daban por hecho que las hogueras siempre iban a estar ah\u00ed y las explotaban para su beneficio personal. Los guardianes de [&hellip;]<\/p>\n","protected":false},"featured_media":61854,"template":"","meta":{"_acf_changed":false},"product_brand":[],"product_cat":[1653,1180],"product_tag":[],"class_list":{"0":"post-61862","1":"product","2":"type-product","3":"status-publish","4":"has-post-thumbnail","6":"product_cat-boardgames","7":"product_cat-retail-products-es","9":"first","10":"outofstock","11":"sale","12":"taxable","13":"shipping-taxable","14":"purchasable","15":"product-type-simple"},"exclude_global_add_ons":[],"addons":[],"acf":[],"_links":{"self":[{"href":"https:\/\/www.customeeple.com\/es\/wp-json\/wp\/v2\/product\/61862","targetHints":{"allow":["GET"]}}],"collection":[{"href":"https:\/\/www.customeeple.com\/es\/wp-json\/wp\/v2\/product"}],"about":[{"href":"https:\/\/www.customeeple.com\/es\/wp-json\/wp\/v2\/types\/product"}],"wp:featuredmedia":[{"embeddable":true,"href":"https:\/\/www.customeeple.com\/es\/wp-json\/wp\/v2\/media\/61854"}],"wp:attachment":[{"href":"https:\/\/www.customeeple.com\/es\/wp-json\/wp\/v2\/media?parent=61862"}],"wp:term":[{"taxonomy":"product_brand","embeddable":true,"href":"https:\/\/www.customeeple.com\/es\/wp-json\/wp\/v2\/product_brand?post=61862"},{"taxonomy":"product_cat","embeddable":true,"href":"https:\/\/www.customeeple.com\/es\/wp-json\/wp\/v2\/product_cat?post=61862"},{"taxonomy":"product_tag","embeddable":true,"href":"https:\/\/www.customeeple.com\/es\/wp-json\/wp\/v2\/product_tag?post=61862"}],"curies":[{"name":"wp","href":"https:\/\/api.w.org\/{rel}","templated":true}]}}