{"id":61860,"date":"2022-02-23T20:26:35","date_gmt":"2022-02-23T19:26:35","guid":{"rendered":"https:\/\/www.customeeple.com\/product\/mini-animal-sobre-animal\/"},"modified":"2022-02-23T20:26:35","modified_gmt":"2022-02-23T19:26:35","slug":"mini-animal-sobre-animal","status":"publish","type":"product","link":"https:\/\/www.customeeple.com\/es\/producto\/mini-animal-sobre-animal\/","title":{"rendered":"Mini Animal sobre Animal"},"content":{"rendered":"<p>Apenas est\u00e1 la rana encima del canguro y ya est\u00e1 preparado tambi\u00e9n el erizo para su salto . \u00a1Y es que hoy se va a levantar la gran pir\u00e1mide de animales! Los jugadores tiran el dado para saber a cu\u00e1l de sus animales van a apilar a continuaci\u00f3n. Gana quien primero coloque a todos sus animales en la pir\u00e1mide sin que se caigan.<\/p>\n<p>Contenido:<\/p>\n<ul>\n<li>2 canguros,<\/li>\n<li>2 ranas,<\/li>\n<li>2 patos,<\/li>\n<li>2 erizos,<\/li>\n<li>2 mariposas,<\/li>\n<li>2 osos polares,<\/li>\n<li>1 cocodrilo,<\/li>\n<li>1 dado de s\u00edmbolos.<\/li>\n<\/ul>\n","protected":false},"excerpt":{"rendered":"<p>Apenas est\u00e1 la rana encima del canguro y ya est\u00e1 preparado tambi\u00e9n el erizo para su salto . \u00a1Y es que hoy se va a levantar la gran pir\u00e1mide de animales! Los jugadores tiran el dado para saber a cu\u00e1l de sus animales van a apilar a continuaci\u00f3n. Gana quien primero coloque a todos sus [&hellip;]<\/p>\n","protected":false},"featured_media":61856,"template":"","meta":{"_acf_changed":false},"product_brand":[],"product_cat":[1561,1991,1564,1653,1180],"product_tag":[],"class_list":{"0":"post-61860","1":"product","2":"type-product","3":"status-publish","4":"has-post-thumbnail","6":"product_cat-familiar-es","7":"product_cat-ha-es","8":"product_cat-childrens-es","9":"product_cat-boardgames","10":"product_cat-retail-products-es","12":"first","13":"outofstock","14":"sale","15":"taxable","16":"shipping-taxable","17":"purchasable","18":"product-type-simple"},"exclude_global_add_ons":[],"addons":[],"acf":[],"_links":{"self":[{"href":"https:\/\/www.customeeple.com\/es\/wp-json\/wp\/v2\/product\/61860","targetHints":{"allow":["GET"]}}],"collection":[{"href":"https:\/\/www.customeeple.com\/es\/wp-json\/wp\/v2\/product"}],"about":[{"href":"https:\/\/www.customeeple.com\/es\/wp-json\/wp\/v2\/types\/product"}],"wp:featuredmedia":[{"embeddable":true,"href":"https:\/\/www.customeeple.com\/es\/wp-json\/wp\/v2\/media\/61856"}],"wp:attachment":[{"href":"https:\/\/www.customeeple.com\/es\/wp-json\/wp\/v2\/media?parent=61860"}],"wp:term":[{"taxonomy":"product_brand","embeddable":true,"href":"https:\/\/www.customeeple.com\/es\/wp-json\/wp\/v2\/product_brand?post=61860"},{"taxonomy":"product_cat","embeddable":true,"href":"https:\/\/www.customeeple.com\/es\/wp-json\/wp\/v2\/product_cat?post=61860"},{"taxonomy":"product_tag","embeddable":true,"href":"https:\/\/www.customeeple.com\/es\/wp-json\/wp\/v2\/product_tag?post=61860"}],"curies":[{"name":"wp","href":"https:\/\/api.w.org\/{rel}","templated":true}]}}