{"id":61842,"date":"2022-02-23T20:20:29","date_gmt":"2022-02-23T19:20:29","guid":{"rendered":"https:\/\/www.customeeple.com\/product\/eowyn-merry\/"},"modified":"2026-03-26T11:55:05","modified_gmt":"2026-03-26T10:55:05","slug":"eowyn-merry","status":"publish","type":"product","link":"https:\/\/www.customeeple.com\/es\/producto\/eowyn-merry\/","title":{"rendered":"Eowy y Merry"},"content":{"rendered":"<p>\u00c9owyn es una valiente doncella escudo de Rohan y sobrina del rey Th\u00e9oden. Como no quiso quedarse atr\u00e1s mientras los hombres cabalgaban a la guerra, se disfraz\u00f3 de jinete de Rohan, haci\u00e9ndose llamar Dernhelm. Junto a su valeroso amigo Hobbit, Meriadoc Brandigamo, viaj\u00f3 en secreto con el ej\u00e9rcito de Th\u00e9oden y luch\u00f3 con incre\u00edble valor en la batalla de los campos de Pelennor.<\/p>\n<p>Este kit de pl\u00e1stico multicomponente contiene las piezas necesarias para montar a \u00c9owyn y Merry, tanto a pie como a caballo. Cuando el kit est\u00e1 montado, tienes la opci\u00f3n de eliminar a Merry, dejando solo a \u00c9owyn. A pie, \u00c9owyn lleva una espada y un escudo, mientras que cuando est\u00e1 montada lleva una lanza. Merry lleva el uniforme de un Escudero de Rohan, una espada y un escudo. Ambas versiones de \u00c9owyn se pueden montar con una cabeza que muestra su cabello dorado suelto, o con un casco completo disfrazada de Dernhelm.<\/p>\n<p>Estas miniaturas incluyen 23 componentes, 2 peanas redondas Citadel de 25 mm y una peana redonda Citadel de 40 mm.<\/p>\n","protected":false},"excerpt":{"rendered":"<p>\u00c9owyn es una valiente doncella escudo de Rohan y sobrina del rey Th\u00e9oden. Como no quiso quedarse atr\u00e1s mientras los hombres cabalgaban a la guerra, se disfraz\u00f3 de jinete de Rohan, haci\u00e9ndose llamar Dernhelm. Junto a su valeroso amigo Hobbit, Meriadoc Brandigamo, viaj\u00f3 en secreto con el ej\u00e9rcito de Th\u00e9oden y luch\u00f3 con incre\u00edble valor [&hellip;]<\/p>\n","protected":false},"featured_media":61835,"template":"","meta":{"_acf_changed":false},"product_brand":[],"product_cat":[1177,1180,1623],"product_tag":[],"class_list":{"0":"post-61842","1":"product","2":"type-product","3":"status-publish","4":"has-post-thumbnail","6":"product_cat-games-workshop-es","7":"product_cat-retail-products-es","8":"product_cat-wargames-es-2","10":"first","11":"onbackorder","12":"sale","13":"taxable","14":"shipping-taxable","15":"purchasable","16":"product-type-simple"},"exclude_global_add_ons":[],"addons":[],"acf":[],"_links":{"self":[{"href":"https:\/\/www.customeeple.com\/es\/wp-json\/wp\/v2\/product\/61842","targetHints":{"allow":["GET"]}}],"collection":[{"href":"https:\/\/www.customeeple.com\/es\/wp-json\/wp\/v2\/product"}],"about":[{"href":"https:\/\/www.customeeple.com\/es\/wp-json\/wp\/v2\/types\/product"}],"wp:featuredmedia":[{"embeddable":true,"href":"https:\/\/www.customeeple.com\/es\/wp-json\/wp\/v2\/media\/61835"}],"wp:attachment":[{"href":"https:\/\/www.customeeple.com\/es\/wp-json\/wp\/v2\/media?parent=61842"}],"wp:term":[{"taxonomy":"product_brand","embeddable":true,"href":"https:\/\/www.customeeple.com\/es\/wp-json\/wp\/v2\/product_brand?post=61842"},{"taxonomy":"product_cat","embeddable":true,"href":"https:\/\/www.customeeple.com\/es\/wp-json\/wp\/v2\/product_cat?post=61842"},{"taxonomy":"product_tag","embeddable":true,"href":"https:\/\/www.customeeple.com\/es\/wp-json\/wp\/v2\/product_tag?post=61842"}],"curies":[{"name":"wp","href":"https:\/\/api.w.org\/{rel}","templated":true}]}}