{"id":61817,"date":"2022-02-24T11:51:43","date_gmt":"2022-02-24T10:51:44","guid":{"rendered":"https:\/\/www.customeeple.com\/?post_type=product&#038;p=61817"},"modified":"2022-02-24T12:51:00","modified_gmt":"2022-02-24T11:51:00","slug":"tokens-set-middle-earth","status":"publish","type":"product","link":"https:\/\/www.customeeple.com\/es\/producto\/tokens-set-middle-earth\/","title":{"rendered":"Tokens  Set Middle Earth (15 Units)"},"content":{"rendered":"<p>Usa nuestras fichas para marcar el estado de tus unidades en cualquier partida de Middle Earth Battle Strategy Game<\/p>\n<p>Este set incluye 15 marcadores:<\/p>\n<p>Ficha de carga x5<br \/>\nFicha propensa x5<br \/>\nmedio movimiento\/token listo para disparar x5<\/p>\n<p>El color del pack es fijo y es el mismo que en la imagen. Este pack encajar\u00e1 perfectamente con el juego <strong>Middle Earth Battle Strategy Game<\/strong><\/p>\n<p><strong style=\"font-size: 14px; line-height: 1.5em;\">Material:\u00a0<\/strong><span style=\"font-size: 14px; line-height: 1.5em;\">Metacrilato o M<\/span><span style=\"font-size: 14px; line-height: 1.5em;\">adera<\/span><\/p>\n<div class=\"moreinfo\">\n<p dir=\"ltr\"><strong>Espesor:<\/strong>\u00a03 mm<\/p>\n<p dir=\"ltr\"><strong>Tama\u00f1o: <\/strong>2 x 2 cm<strong><br \/>\n<\/strong><\/p>\n<p dir=\"ltr\"><strong>Cantidad:<\/strong> 15 marcadores<\/p>\n<p><strong>Use:<\/strong> Marcadores para juegos de <strong>Middle Earth Battle Strategy Game<\/strong><\/p>\n<\/div>\n<div><strong>Middle Earth Battle Strategy Game <\/strong>es un juego publicado por <strong>Games Workshop<\/strong> Customeeple no esta afiliado con esta compa\u00f1\u00eda y este producto no est\u00e1 apoyado pro ellos de ninguna manera.<\/div>\n<div><\/div>\n<div class=\"infopreorder\"><strong>Nota:<\/strong> El color de las piezas de metacrilato puede variar ligeramente del de las fotos.<\/div>\n","protected":false},"excerpt":{"rendered":"<p>Un pack de marcadores para <strong>Middle Earth Battle Strategy Game<\/strong><\/p>\n","protected":false},"featured_media":61821,"template":"","meta":{"_acf_changed":false},"product_brand":[],"product_cat":[1370,1400,1177,2081,1623],"product_tag":[1670],"class_list":{"0":"post-61817","1":"product","2":"type-product","3":"status-publish","4":"has-post-thumbnail","6":"product_cat-customeeple-es","7":"product_cat-fantasia","8":"product_cat-games-workshop-es","9":"product_cat-middle-earth-battle-strategy-game-es","10":"product_cat-wargames-es-2","11":"product_tag-codex-es-2","12":"pa_methacrylate-colors-negro-moba","13":"pa_methacrylate-colors-roble","15":"first","16":"instock","17":"taxable","18":"shipping-taxable","19":"purchasable","20":"product-type-variable"},"exclude_global_add_ons":[],"addons":[],"acf":[],"_links":{"self":[{"href":"https:\/\/www.customeeple.com\/es\/wp-json\/wp\/v2\/product\/61817","targetHints":{"allow":["GET"]}}],"collection":[{"href":"https:\/\/www.customeeple.com\/es\/wp-json\/wp\/v2\/product"}],"about":[{"href":"https:\/\/www.customeeple.com\/es\/wp-json\/wp\/v2\/types\/product"}],"wp:featuredmedia":[{"embeddable":true,"href":"https:\/\/www.customeeple.com\/es\/wp-json\/wp\/v2\/media\/61821"}],"wp:attachment":[{"href":"https:\/\/www.customeeple.com\/es\/wp-json\/wp\/v2\/media?parent=61817"}],"wp:term":[{"taxonomy":"product_brand","embeddable":true,"href":"https:\/\/www.customeeple.com\/es\/wp-json\/wp\/v2\/product_brand?post=61817"},{"taxonomy":"product_cat","embeddable":true,"href":"https:\/\/www.customeeple.com\/es\/wp-json\/wp\/v2\/product_cat?post=61817"},{"taxonomy":"product_tag","embeddable":true,"href":"https:\/\/www.customeeple.com\/es\/wp-json\/wp\/v2\/product_tag?post=61817"}],"curies":[{"name":"wp","href":"https:\/\/api.w.org\/{rel}","templated":true}]}}