{"id":61812,"date":"2022-02-23T20:25:54","date_gmt":"2022-02-23T19:25:54","guid":{"rendered":"https:\/\/www.customeeple.com\/product\/grey-knights-strike-squad\/"},"modified":"2022-02-23T20:25:54","modified_gmt":"2022-02-23T19:25:54","slug":"grey-knights-strike-squad","status":"publish","type":"product","link":"https:\/\/www.customeeple.com\/es\/producto\/grey-knights-strike-squad\/","title":{"rendered":"Grey Knights Strike Squad"},"content":{"rendered":"<p>Las Strike Squads a menudo forman la vanguardia de una fuerza de asalto de Grey Knights. Equipados con armaduras m\u00e1s ligeras que las principales escuadras de Terminators, estos veteranos golpean con rapidez y precisi\u00f3n, y son capaces de colarse por huecos en las l\u00edneas enemigas. Al inicio de la batalla, el comandante Grey Knight asigna siempre a una o m\u00e1s Strike Squads para capturar posiciones vitales y objetivos clave, despleg\u00e1ndolas mediante teleportadores fijos para asegurar la pronta captura de ubicaciones apartadas o inaccesibles. Estas escuadras son esenciales; sin su reconocimiento y preparaci\u00f3n, los Terminators ser\u00edan como un martillo dando palos de ciego en la oscuridad.<\/p>\n<p>Este kit de pl\u00e1stico multicomponente contiene 10 Grey Knights con espadas de fuerza N\u00e9mesis, y la opci\u00f3n de montar uno de ellos como el l\u00edder de unidad, un Justicar. Las miniaturas est\u00e1n cubiertas con las inscripciones, sellos de pureza y dem\u00e1s detalles que se esperan de este ej\u00e9rcito, y el Justicar cuenta con una cabeza descubierta \u00fanica. Se incluyen toda una variedad de armas y mejoras de unidad como sables N\u00e9mesis, alabardas de fuerza N\u00e9mesis, un martillo daemon N\u00e9mesis, un bast\u00f3n de protecci\u00f3n N\u00e9mesis, dos ca\u00f1ones-psi, un psilenciador y un incinerador.<\/p>\n<p>Esta caja de pl\u00e1stico multicomponente contiene 236 piezas y 10 peanas redondas Citadel de 32 mm con las que montar una Strike Squad de los Grey Knights. Nota importante: estas miniaturas tambi\u00e9n pueden montarse como Interceptor Squad, Purifier Squad o Purgation Squad.<\/p>\n","protected":false},"excerpt":{"rendered":"<p>Las Strike Squads a menudo forman la vanguardia de una fuerza de asalto de Grey Knights. Equipados con armaduras m\u00e1s ligeras que las principales escuadras de Terminators, estos veteranos golpean con rapidez y precisi\u00f3n, y son capaces de colarse por huecos en las l\u00edneas enemigas. Al inicio de la batalla, el comandante Grey Knight asigna [&hellip;]<\/p>\n","protected":false},"featured_media":61806,"template":"","meta":{"_acf_changed":false},"product_brand":[],"product_cat":[1177,1180,1623,1229],"product_tag":[],"class_list":{"0":"post-61812","1":"product","2":"type-product","3":"status-publish","4":"has-post-thumbnail","6":"product_cat-games-workshop-es","7":"product_cat-retail-products-es","8":"product_cat-wargames-es-2","9":"product_cat-warhammer-40k-es","11":"first","12":"onbackorder","13":"sale","14":"taxable","15":"shipping-taxable","16":"purchasable","17":"product-type-simple"},"exclude_global_add_ons":[],"addons":[],"acf":[],"_links":{"self":[{"href":"https:\/\/www.customeeple.com\/es\/wp-json\/wp\/v2\/product\/61812","targetHints":{"allow":["GET"]}}],"collection":[{"href":"https:\/\/www.customeeple.com\/es\/wp-json\/wp\/v2\/product"}],"about":[{"href":"https:\/\/www.customeeple.com\/es\/wp-json\/wp\/v2\/types\/product"}],"wp:featuredmedia":[{"embeddable":true,"href":"https:\/\/www.customeeple.com\/es\/wp-json\/wp\/v2\/media\/61806"}],"wp:attachment":[{"href":"https:\/\/www.customeeple.com\/es\/wp-json\/wp\/v2\/media?parent=61812"}],"wp:term":[{"taxonomy":"product_brand","embeddable":true,"href":"https:\/\/www.customeeple.com\/es\/wp-json\/wp\/v2\/product_brand?post=61812"},{"taxonomy":"product_cat","embeddable":true,"href":"https:\/\/www.customeeple.com\/es\/wp-json\/wp\/v2\/product_cat?post=61812"},{"taxonomy":"product_tag","embeddable":true,"href":"https:\/\/www.customeeple.com\/es\/wp-json\/wp\/v2\/product_tag?post=61812"}],"curies":[{"name":"wp","href":"https:\/\/api.w.org\/{rel}","templated":true}]}}