{"id":61741,"date":"2022-02-18T15:19:40","date_gmt":"2022-02-18T14:19:40","guid":{"rendered":"https:\/\/www.customeeple.com\/product\/gloomhaven-2-edicion\/"},"modified":"2022-02-18T15:19:40","modified_gmt":"2022-02-18T14:19:40","slug":"gloomhaven-2-edicion","status":"publish","type":"product","link":"https:\/\/www.customeeple.com\/es\/producto\/gloomhaven-2-edicion\/","title":{"rendered":"Gloomhaven 2\u00aa Edici\u00f3n (ESP)"},"content":{"rendered":"<div class=\"column\">\n<div class=\"tab-control components-tab ui-tabs ui-corner-all ui-widget ui-widget-content\">\n<div id=\"description\" class=\"ui-tabs-panel ui-corner-bottom ui-widget-content\" role=\"tabpanel\" aria-labelledby=\"ui-id-2\" aria-hidden=\"false\">\n<div class=\"description fr-view\">\u00a1Ser un mercenario en la frontera de la civilizaci\u00f3n no es nada f\u00e1cil. Aquellos lo suficientemente est\u00fapidos o valientes en dejar la relativa seguridad de los muros de\u00a0<strong>Gloomhaven\u00a0<\/strong>vivir\u00e1n aventuras \u00e9picas en los bosques salvajes y sombr\u00edos, las cuevas nevadas de las monta\u00f1as y las criptas largo tiempo olvidadas. Simplemente no esperes que nadie pague por tus servicios por adelantado, porque nadie espera que vuelvas.<\/p>\n<p><em>Gloomhaven\u00a0<\/em>es un juego cooperativo de combate t\u00e1ctico en un mundo de fantas\u00eda \u00fanico y en evoluci\u00f3n. Cada jugador asumir\u00e1 el papel de un mercenario curtido con sus propios intereses personales. Juntos, los jugadores luchar\u00e1n a trav\u00e9s de una campa\u00f1a de escenarios que reaccionan y cambian en funci\u00f3n de las acciones de los jugadores, creando un exclusivo tipo de juego lleno de tesoros descubiertos, aventureros retirados y opciones permanentes. Cada escenario ofrece a los jugadores decisiones t\u00e1cticas profundas, donde las cartas de habilidad tienen m\u00faltiples usos, y usar la habilidad correcta en el momento adecuado puede significar la diferencia entre el \u00e9xito y el fracaso.<\/p>\n<p><em>Gloomhaven\u00a0<\/em>ofrece un combate t\u00e1ctico sin dados contra enemigos totalmente automatizados, cada uno con sus propios patrones de comportamiento. En esta caja, los jugadores encontrar\u00e1n una experiencia de campa\u00f1a de fantas\u00eda totalmente desarrollada de un alcance y profundidad sin precedentes.<\/p>\n<p><strong>CONTENIDO<\/strong><br \/>1 Libro de Reglas, 18 Miniaturas de personajes, 47 Hojas de Caracter\u00edsticas de monstruo, 24 Cartas de Objetivos de Batalla, 50 fichas de dinero, 24 cartas de b\u00fasqueda personal, 46 Fichas de da\u00f1o, 17 Tableros de Personajes, 6 fundas de Caracter\u00edsticas de monstruo, 1 Libro de Escenarios, 10 Fichas de ayuda de escenario, 9 Cartas de Escenario Aleatorio, 504 Cartas de Capacidad de Personaje, 150 Cartas de Evento, 4 diales PV\/XP, 40 cartas de mazmorras aleatorias, 1 Libro de Registro de la Ciudad, 457 Cartas Modificadoras de Ataque, 12 Fichas de Objetivo, 253 Cartas de Objeto, 4 Cartas de Referencia del Jugador, 1 Tablero de Mapa, 17 Blocs de Personajes, 236 Monstruos de cart\u00f3n, 32 Fichas de Invocaci\u00f3n, 6 Discos de Elementos de Madera, 1 Bloc de notas, 232 Cartas de Habilidad de Monstruo, 30 Fichas de mapa de 2 caras, 60 Fichas de estado, 3 sobres cerrados, 1 Tablero de Infusi\u00f3n Elemental, 35 Cajas de Personajes, 155 Fichas de superposici\u00f3n de dos caras, 4 Hojas de adhesivos, 85 Fichas de personajes, 24 Peanas de pl\u00e1stico y 1 Marcador de Ronda.<\/div>\n<\/div>\n<\/div>\n<\/div>\n","protected":false},"excerpt":{"rendered":"<p>\u00a1Ser un mercenario en la frontera de la civilizaci\u00f3n no es nada f\u00e1cil. Aquellos lo suficientemente est\u00fapidos o valientes en dejar la relativa seguridad de los muros de\u00a0Gloomhaven\u00a0vivir\u00e1n aventuras \u00e9picas en los bosques salvajes y sombr\u00edos, las cuevas nevadas de las monta\u00f1as y las criptas largo tiempo olvidadas. Simplemente no esperes que nadie pague por [&hellip;]<\/p>\n","protected":false},"featured_media":61733,"template":"","meta":{"_acf_changed":false},"product_brand":[],"product_cat":[2003,1653,1555,2002,1180],"product_tag":[],"class_list":{"0":"post-61741","1":"product","2":"type-product","3":"status-publish","4":"has-post-thumbnail","6":"product_cat-cooperative-es","7":"product_cat-boardgames","8":"product_cat-miniature-games-es","9":"product_cat-solo-games-es","10":"product_cat-retail-products-es","12":"first","13":"outofstock","14":"sale","15":"taxable","16":"shipping-taxable","17":"purchasable","18":"product-type-simple"},"exclude_global_add_ons":[],"addons":[],"acf":[],"_links":{"self":[{"href":"https:\/\/www.customeeple.com\/es\/wp-json\/wp\/v2\/product\/61741","targetHints":{"allow":["GET"]}}],"collection":[{"href":"https:\/\/www.customeeple.com\/es\/wp-json\/wp\/v2\/product"}],"about":[{"href":"https:\/\/www.customeeple.com\/es\/wp-json\/wp\/v2\/types\/product"}],"wp:featuredmedia":[{"embeddable":true,"href":"https:\/\/www.customeeple.com\/es\/wp-json\/wp\/v2\/media\/61733"}],"wp:attachment":[{"href":"https:\/\/www.customeeple.com\/es\/wp-json\/wp\/v2\/media?parent=61741"}],"wp:term":[{"taxonomy":"product_brand","embeddable":true,"href":"https:\/\/www.customeeple.com\/es\/wp-json\/wp\/v2\/product_brand?post=61741"},{"taxonomy":"product_cat","embeddable":true,"href":"https:\/\/www.customeeple.com\/es\/wp-json\/wp\/v2\/product_cat?post=61741"},{"taxonomy":"product_tag","embeddable":true,"href":"https:\/\/www.customeeple.com\/es\/wp-json\/wp\/v2\/product_tag?post=61741"}],"curies":[{"name":"wp","href":"https:\/\/api.w.org\/{rel}","templated":true}]}}