{"id":61739,"date":"2022-02-18T15:21:09","date_gmt":"2022-02-18T14:21:09","guid":{"rendered":"https:\/\/www.customeeple.com\/product\/dune-imperium\/"},"modified":"2022-02-18T17:01:10","modified_gmt":"2022-02-18T16:01:10","slug":"dune-imperium","status":"publish","type":"product","link":"https:\/\/www.customeeple.com\/es\/producto\/dune-imperium\/","title":{"rendered":"Dune Imperium (ESP)"},"content":{"rendered":"<p>Controla la especia. Controla el universo.<\/p>\n<p>Arrakis. Dune. El Planeta del Desierto. Alza tu estandarte por encima del vasto yermo que se extiende ante ti. Ahora que las Grandes Casas del Landsraad re\u00fanen a sus fuerzas y sus esp\u00edas, \u00bfa qui\u00e9n influenciar\u00e1s y a qui\u00e9n traicionar\u00e1s? Un Emperador tir\u00e1nico. Las inescrutables Bene Gesserit. La astuta Cofrad\u00eda Espacial. Los feroces Fremen del Desierto Profundo. El poder del Imperio puede ser tuyo, pero la guerra no es la \u00fanica forma de hacerse con \u00e9l.<\/p>\n<p>Dune: Imperium combina la construcci\u00f3n de mazos y la asignaci\u00f3n de trabajadores en un nuevo juego de estrategia perfectamente ambientado, donde el destino del Imperio depende de tus decisiones. \u00bfBuscar\u00e1s aliados pol\u00edticos o confiar\u00e1s en la fuerza militar? \u00bfSupremac\u00eda econ\u00f3mica o intrigas sutiles? \u00bfUn asiento en el consejo&#8230; o una hoja afilada? Las cartas est\u00e1n echadas. La elecci\u00f3n es tuya. El Imperio espera.<\/p>\n<p><strong>CONTENIDO<\/strong><br \/>Tablero de juego, 13 agentes de madera, 70+ piezas de madera para jugadores, 60+ fichas de madera para recursos, 200+ cartas, 8 l\u00edderes, 25+ fichas de cart\u00f3n y 1 Reglamento.<\/p>\n","protected":false},"excerpt":{"rendered":"<p>Controla la especia. Controla el universo. Arrakis. Dune. El Planeta del Desierto. Alza tu estandarte por encima del vasto yermo que se extiende ante ti. Ahora que las Grandes Casas del Landsraad re\u00fanen a sus fuerzas y sus esp\u00edas, \u00bfa qui\u00e9n influenciar\u00e1s y a qui\u00e9n traicionar\u00e1s? Un Emperador tir\u00e1nico. Las inescrutables Bene Gesserit. La astuta [&hellip;]<\/p>\n","protected":false},"featured_media":61735,"template":"","meta":{"_acf_changed":false},"product_brand":[],"product_cat":[1557,1653,1180],"product_tag":[],"class_list":{"0":"post-61739","1":"product","2":"type-product","3":"status-publish","4":"has-post-thumbnail","6":"product_cat-card-game-es","7":"product_cat-boardgames","8":"product_cat-retail-products-es","10":"first","11":"outofstock","12":"sale","13":"taxable","14":"shipping-taxable","15":"purchasable","16":"product-type-simple"},"exclude_global_add_ons":[],"addons":[],"acf":[],"_links":{"self":[{"href":"https:\/\/www.customeeple.com\/es\/wp-json\/wp\/v2\/product\/61739","targetHints":{"allow":["GET"]}}],"collection":[{"href":"https:\/\/www.customeeple.com\/es\/wp-json\/wp\/v2\/product"}],"about":[{"href":"https:\/\/www.customeeple.com\/es\/wp-json\/wp\/v2\/types\/product"}],"wp:featuredmedia":[{"embeddable":true,"href":"https:\/\/www.customeeple.com\/es\/wp-json\/wp\/v2\/media\/61735"}],"wp:attachment":[{"href":"https:\/\/www.customeeple.com\/es\/wp-json\/wp\/v2\/media?parent=61739"}],"wp:term":[{"taxonomy":"product_brand","embeddable":true,"href":"https:\/\/www.customeeple.com\/es\/wp-json\/wp\/v2\/product_brand?post=61739"},{"taxonomy":"product_cat","embeddable":true,"href":"https:\/\/www.customeeple.com\/es\/wp-json\/wp\/v2\/product_cat?post=61739"},{"taxonomy":"product_tag","embeddable":true,"href":"https:\/\/www.customeeple.com\/es\/wp-json\/wp\/v2\/product_tag?post=61739"}],"curies":[{"name":"wp","href":"https:\/\/api.w.org\/{rel}","templated":true}]}}