{"id":61718,"date":"2022-02-16T20:36:07","date_gmt":"2022-02-16T19:36:07","guid":{"rendered":"https:\/\/www.customeeple.com\/product\/sm-primaris-ancient\/"},"modified":"2023-11-21T00:00:15","modified_gmt":"2023-11-20T23:00:15","slug":"sm-primaris-ancient","status":"publish","type":"product","link":"https:\/\/www.customeeple.com\/es\/producto\/sm-primaris-ancient\/","title":{"rendered":"SM: Anciano Primaris"},"content":{"rendered":"<p>Los Ancianos portan los preciosos estandartes de los Cap\u00edtulos de Marines Espaciales. Estas gloriosas reliquias han estado presentes en algunas de las batallas m\u00e1s notables del Cap\u00edtulo, y sus dise\u00f1os finamente trabajados conmemoran innumerables campa\u00f1as y haza\u00f1as heroicas. Son s\u00edmbolos del compromiso desinteresado y la lealtad inquebrantable de los hermanos de batalla.<\/p>\n<p>En el campo de batalla, la presencia de estos veteranos Marines Espaciales y sus valiosas reliquias inspira a los hermanos de batalla cercanos a \u00e9picas haza\u00f1as de valent\u00eda y combate en nombre de su Cap\u00edtulo.<\/p>\n<p>Esta miniatura incluye una selecci\u00f3n de cabezas con y sin casco, as\u00ed como dos estandartes diferentes con detalles esculpidos, y la opci\u00f3n de rifle b\u00f3lter o espada de energ\u00eda. El kit consta de 22 piezas de pl\u00e1stico, con las que se puede montar 1 miniatura, y se suministra con una peana redonda Citadel de 40 mm.<\/p>\n<p>Esta miniatura se suministra sin pintar y requiere montaje. Recomendamos utilizar pegamento para pl\u00e1stico Citadel y pinturas Citadel.<\/p>\n","protected":false},"excerpt":{"rendered":"<p>Los Ancianos portan los preciosos estandartes de los Cap\u00edtulos de Marines Espaciales. Estas gloriosas reliquias han estado presentes en algunas de las batallas m\u00e1s notables del Cap\u00edtulo, y sus dise\u00f1os finamente trabajados conmemoran innumerables campa\u00f1as y haza\u00f1as heroicas. Son s\u00edmbolos del compromiso desinteresado y la lealtad inquebrantable de los hermanos de batalla. En el campo [&hellip;]<\/p>\n","protected":false},"featured_media":61714,"template":"","meta":{"_acf_changed":false},"product_brand":[],"product_cat":[1177,1180,1623,1229],"product_tag":[],"class_list":{"0":"post-61718","1":"product","2":"type-product","3":"status-publish","4":"has-post-thumbnail","6":"product_cat-games-workshop-es","7":"product_cat-retail-products-es","8":"product_cat-wargames-es-2","9":"product_cat-warhammer-40k-es","11":"first","12":"onbackorder","13":"sale","14":"taxable","15":"shipping-taxable","16":"purchasable","17":"product-type-simple"},"exclude_global_add_ons":[],"addons":[],"acf":[],"_links":{"self":[{"href":"https:\/\/www.customeeple.com\/es\/wp-json\/wp\/v2\/product\/61718","targetHints":{"allow":["GET"]}}],"collection":[{"href":"https:\/\/www.customeeple.com\/es\/wp-json\/wp\/v2\/product"}],"about":[{"href":"https:\/\/www.customeeple.com\/es\/wp-json\/wp\/v2\/types\/product"}],"wp:featuredmedia":[{"embeddable":true,"href":"https:\/\/www.customeeple.com\/es\/wp-json\/wp\/v2\/media\/61714"}],"wp:attachment":[{"href":"https:\/\/www.customeeple.com\/es\/wp-json\/wp\/v2\/media?parent=61718"}],"wp:term":[{"taxonomy":"product_brand","embeddable":true,"href":"https:\/\/www.customeeple.com\/es\/wp-json\/wp\/v2\/product_brand?post=61718"},{"taxonomy":"product_cat","embeddable":true,"href":"https:\/\/www.customeeple.com\/es\/wp-json\/wp\/v2\/product_cat?post=61718"},{"taxonomy":"product_tag","embeddable":true,"href":"https:\/\/www.customeeple.com\/es\/wp-json\/wp\/v2\/product_tag?post=61718"}],"curies":[{"name":"wp","href":"https:\/\/api.w.org\/{rel}","templated":true}]}}