{"id":61717,"date":"2022-02-16T20:35:59","date_gmt":"2022-02-16T19:35:59","guid":{"rendered":"https:\/\/www.customeeple.com\/product\/sm-capitan-en-armadura-gravis\/"},"modified":"2026-03-26T11:55:05","modified_gmt":"2026-03-26T10:55:05","slug":"sm-capitan-en-armadura-gravis","status":"publish","type":"product","link":"https:\/\/www.customeeple.com\/es\/producto\/sm-capitan-en-armadura-gravis\/","title":{"rendered":"SM: Capit\u00e1n en armadura Gravis"},"content":{"rendered":"<p>Los capitanes son intr\u00e9pidos l\u00edderes de los Marines Espaciales, cada uno de ellos un t\u00e1ctico magistral y h\u00e1bil guerrero armado con gran variedad de armas y equipo. Ataviado con la armadura pesada Gravis, un Capit\u00e1n puede adentrarse sin miedo en las m\u00e1s feroces tormentas de fuego del campo de batalla. Ponerse la armadura Gravis es demostrar la mayor determinaci\u00f3n para aplastar al enemigo, sin importar lo atrincherado que est\u00e9.<\/p>\n<p>En el campo de batalla, los Capitanes de los Marines Espaciales inspiran a quienes est\u00e1n bajo su mando a realizar haza\u00f1as cada vez mayores, adem\u00e1s de causar un da\u00f1o masivo en el combate cuerpo a cuerpo y a distancia.<\/p>\n<p>Este kit consta de 25 piezas de pl\u00e1stico, con las que puedes montar 1 Capit\u00e1n Marine Espacial en armadura Gravis, equipado con una espada sierra de energ\u00eda, una espada de energ\u00eda o un pu\u00f1o de energ\u00eda, y un guantelete boltormenta. Se suministra con una peana redonda Citadel de 40 mm.<\/p>\n<p>Esta miniatura se suministra sin pintar y requiere montaje. Recomendamos utilizar pegamento para pl\u00e1stico Citadel y pinturas Citadel.<\/p>\n","protected":false},"excerpt":{"rendered":"<p>Los capitanes son intr\u00e9pidos l\u00edderes de los Marines Espaciales, cada uno de ellos un t\u00e1ctico magistral y h\u00e1bil guerrero armado con gran variedad de armas y equipo. Ataviado con la armadura pesada Gravis, un Capit\u00e1n puede adentrarse sin miedo en las m\u00e1s feroces tormentas de fuego del campo de batalla. Ponerse la armadura Gravis es [&hellip;]<\/p>\n","protected":false},"featured_media":61712,"template":"","meta":{"_acf_changed":false},"product_brand":[],"product_cat":[1177,1180,1623,1229],"product_tag":[],"class_list":{"0":"post-61717","1":"product","2":"type-product","3":"status-publish","4":"has-post-thumbnail","6":"product_cat-games-workshop-es","7":"product_cat-retail-products-es","8":"product_cat-wargames-es-2","9":"product_cat-warhammer-40k-es","11":"first","12":"onbackorder","13":"sale","14":"taxable","15":"shipping-taxable","16":"purchasable","17":"product-type-simple"},"exclude_global_add_ons":[],"addons":[],"acf":[],"_links":{"self":[{"href":"https:\/\/www.customeeple.com\/es\/wp-json\/wp\/v2\/product\/61717","targetHints":{"allow":["GET"]}}],"collection":[{"href":"https:\/\/www.customeeple.com\/es\/wp-json\/wp\/v2\/product"}],"about":[{"href":"https:\/\/www.customeeple.com\/es\/wp-json\/wp\/v2\/types\/product"}],"wp:featuredmedia":[{"embeddable":true,"href":"https:\/\/www.customeeple.com\/es\/wp-json\/wp\/v2\/media\/61712"}],"wp:attachment":[{"href":"https:\/\/www.customeeple.com\/es\/wp-json\/wp\/v2\/media?parent=61717"}],"wp:term":[{"taxonomy":"product_brand","embeddable":true,"href":"https:\/\/www.customeeple.com\/es\/wp-json\/wp\/v2\/product_brand?post=61717"},{"taxonomy":"product_cat","embeddable":true,"href":"https:\/\/www.customeeple.com\/es\/wp-json\/wp\/v2\/product_cat?post=61717"},{"taxonomy":"product_tag","embeddable":true,"href":"https:\/\/www.customeeple.com\/es\/wp-json\/wp\/v2\/product_tag?post=61717"}],"curies":[{"name":"wp","href":"https:\/\/api.w.org\/{rel}","templated":true}]}}