{"id":61678,"date":"2022-02-09T17:40:21","date_gmt":"2022-02-09T16:40:21","guid":{"rendered":"https:\/\/www.customeeple.com\/product\/cataclismo\/"},"modified":"2022-02-17T14:03:47","modified_gmt":"2022-02-17T13:03:47","slug":"cataclismo","status":"publish","type":"product","link":"https:\/\/www.customeeple.com\/es\/producto\/cataclismo\/","title":{"rendered":"Cataclismo"},"content":{"rendered":"<p>Cataclismo expande el juego base de Golpe de Fe con elementos nuevos y opcionales. Encontrar\u00e1s nuevas cartas de Ley, que incrementan la rejugabilidad y a\u00f1ade algunos elementos incre\u00edbles como una rampa de cart\u00f3n para hacer salto de esqu\u00ed. Tambi\u00e9n hay dos dioses esperando que golpees sus Profetas en la contienda, \u00a1con sus fichas y pegatinas incluidas!<\/p>\n<p>Los M\u00edsticos, unos discos nuevos, son una nueva forma de expresar los poderes divinos de todas las facciones que hay; \u00a1cada uno con sus propias reglas! Por \u00faltimo, aunque no por eso menos importante, est\u00e1n los Cataclismos, \u00a1una nueva mec\u00e1nica de cartas que aporta m\u00e1s caos a las partidas!<\/p>\n","protected":false},"excerpt":{"rendered":"<p>Cataclismo expande el juego base de Golpe de Fe con elementos nuevos y opcionales. Encontrar\u00e1s nuevas cartas de Ley, que incrementan la rejugabilidad y a\u00f1ade algunos elementos incre\u00edbles como una rampa de cart\u00f3n para hacer salto de esqu\u00ed. Tambi\u00e9n hay dos dioses esperando que golpees sus Profetas en la contienda, \u00a1con sus fichas y pegatinas [&hellip;]<\/p>\n","protected":false},"featured_media":61674,"template":"","meta":{"_acf_changed":false},"product_brand":[],"product_cat":[1561,1653,1180],"product_tag":[],"class_list":{"0":"post-61678","1":"product","2":"type-product","3":"status-publish","4":"has-post-thumbnail","6":"product_cat-familiar-es","7":"product_cat-boardgames","8":"product_cat-retail-products-es","10":"first","11":"onbackorder","12":"sale","13":"taxable","14":"shipping-taxable","15":"purchasable","16":"product-type-simple"},"exclude_global_add_ons":[],"addons":[],"acf":[],"_links":{"self":[{"href":"https:\/\/www.customeeple.com\/es\/wp-json\/wp\/v2\/product\/61678","targetHints":{"allow":["GET"]}}],"collection":[{"href":"https:\/\/www.customeeple.com\/es\/wp-json\/wp\/v2\/product"}],"about":[{"href":"https:\/\/www.customeeple.com\/es\/wp-json\/wp\/v2\/types\/product"}],"wp:featuredmedia":[{"embeddable":true,"href":"https:\/\/www.customeeple.com\/es\/wp-json\/wp\/v2\/media\/61674"}],"wp:attachment":[{"href":"https:\/\/www.customeeple.com\/es\/wp-json\/wp\/v2\/media?parent=61678"}],"wp:term":[{"taxonomy":"product_brand","embeddable":true,"href":"https:\/\/www.customeeple.com\/es\/wp-json\/wp\/v2\/product_brand?post=61678"},{"taxonomy":"product_cat","embeddable":true,"href":"https:\/\/www.customeeple.com\/es\/wp-json\/wp\/v2\/product_cat?post=61678"},{"taxonomy":"product_tag","embeddable":true,"href":"https:\/\/www.customeeple.com\/es\/wp-json\/wp\/v2\/product_tag?post=61678"}],"curies":[{"name":"wp","href":"https:\/\/api.w.org\/{rel}","templated":true}]}}