{"id":61677,"date":"2022-02-09T17:40:55","date_gmt":"2022-02-09T16:40:55","guid":{"rendered":"https:\/\/www.customeeple.com\/product\/terraforming-mars-expedicion-ares\/"},"modified":"2022-02-09T17:40:55","modified_gmt":"2022-02-09T16:40:55","slug":"terraforming-mars-expedicion-ares","status":"publish","type":"product","link":"https:\/\/www.customeeple.com\/es\/producto\/terraforming-mars-expedicion-ares\/","title":{"rendered":"Terraforming Mars: Expedici\u00f3n Ares"},"content":{"rendered":"<p>\u00a1Un juego nuevo e independiente en el universo del superventas Terraforming Mars!<\/p>\n<p>En esta \u00e9poca de prosperidad y desarrollo sin precedentes para la humanidad, por fin estamos listos para expandirnos m\u00e1s all\u00e1 de lo que una vez se consideraron nuestros l\u00edmites y fundar un nuevo hogar entre las estrellas.<\/p>\n<p>Expedici\u00f3n Ares es un juego de cartas en el que asumes el control de una corporaci\u00f3n interplanetaria con la misi\u00f3n de hacer que Marte sea habitable (y rentable). Con mec\u00e1nicas de selecci\u00f3n y resoluci\u00f3n simult\u00e1nea de acciones, Expedici\u00f3n Ares es un juego de estrategia r\u00e1pido inspirado en principios cient\u00edficos.<\/p>\n<p>\u00bfLiderar\u00e1s la nueva era de la humanidad?<\/p>\n","protected":false},"excerpt":{"rendered":"<p>\u00a1Un juego nuevo e independiente en el universo del superventas Terraforming Mars! En esta \u00e9poca de prosperidad y desarrollo sin precedentes para la humanidad, por fin estamos listos para expandirnos m\u00e1s all\u00e1 de lo que una vez se consideraron nuestros l\u00edmites y fundar un nuevo hogar entre las estrellas. Expedici\u00f3n Ares es un juego de [&hellip;]<\/p>\n","protected":false},"featured_media":61670,"template":"","meta":{"_acf_changed":false},"product_brand":[],"product_cat":[1557,1653,1180],"product_tag":[],"class_list":{"0":"post-61677","1":"product","2":"type-product","3":"status-publish","4":"has-post-thumbnail","6":"product_cat-card-game-es","7":"product_cat-boardgames","8":"product_cat-retail-products-es","10":"first","11":"outofstock","12":"sale","13":"taxable","14":"shipping-taxable","15":"purchasable","16":"product-type-simple"},"exclude_global_add_ons":[],"addons":[],"acf":[],"_links":{"self":[{"href":"https:\/\/www.customeeple.com\/es\/wp-json\/wp\/v2\/product\/61677","targetHints":{"allow":["GET"]}}],"collection":[{"href":"https:\/\/www.customeeple.com\/es\/wp-json\/wp\/v2\/product"}],"about":[{"href":"https:\/\/www.customeeple.com\/es\/wp-json\/wp\/v2\/types\/product"}],"wp:featuredmedia":[{"embeddable":true,"href":"https:\/\/www.customeeple.com\/es\/wp-json\/wp\/v2\/media\/61670"}],"wp:attachment":[{"href":"https:\/\/www.customeeple.com\/es\/wp-json\/wp\/v2\/media?parent=61677"}],"wp:term":[{"taxonomy":"product_brand","embeddable":true,"href":"https:\/\/www.customeeple.com\/es\/wp-json\/wp\/v2\/product_brand?post=61677"},{"taxonomy":"product_cat","embeddable":true,"href":"https:\/\/www.customeeple.com\/es\/wp-json\/wp\/v2\/product_cat?post=61677"},{"taxonomy":"product_tag","embeddable":true,"href":"https:\/\/www.customeeple.com\/es\/wp-json\/wp\/v2\/product_tag?post=61677"}],"curies":[{"name":"wp","href":"https:\/\/api.w.org\/{rel}","templated":true}]}}