{"id":61676,"date":"2022-02-09T17:40:47","date_gmt":"2022-02-09T16:40:47","guid":{"rendered":"https:\/\/www.customeeple.com\/product\/pistas-cruzadas\/"},"modified":"2022-02-17T14:03:41","modified_gmt":"2022-02-17T13:03:41","slug":"pistas-cruzadas","status":"publish","type":"product","link":"https:\/\/www.customeeple.com\/es\/producto\/pistas-cruzadas\/","title":{"rendered":"Pistas Cruzadas"},"content":{"rendered":"<p>\u00bfSe te ocurre alguna pista que relacione \u00abOso\u00bb y \u00abM\u00e9dico\u00bb? \u00bfTienes una? \u00a1D\u00edsela en voz alta al resto de jugadores con la esperanza de que puedan adivinar qu\u00e9 dos palabras clave has relacionado para formar tu pista!<\/p>\n<p>\u00a1Trabajad en equipo para completar la cuadr\u00edcula con cartas de posici\u00f3n! Cada jugador tiene que dar con una pista que represente la relaci\u00f3n de su combinaci\u00f3n \u00fanica de palabras clave. Si los dem\u00e1s jugadores pueden adivinar qu\u00e9 dos palabras has relacionado, coloca tu carta de posici\u00f3n en su lugar correspondiente de la cuadr\u00edcula. Si no las aciertan, descarta la carta.<\/p>\n<p>El objetivo es completar la cuadr\u00edcula con tantas cartas de posici\u00f3n como pod\u00e1is, acertando el lugar de cada carta. \u00a1Elegid vuestras pistas con cuidado e intentad obtener la mejor puntuaci\u00f3n posible!<\/p>\n","protected":false},"excerpt":{"rendered":"<p>\u00bfSe te ocurre alguna pista que relacione \u00abOso\u00bb y \u00abM\u00e9dico\u00bb? \u00bfTienes una? \u00a1D\u00edsela en voz alta al resto de jugadores con la esperanza de que puedan adivinar qu\u00e9 dos palabras clave has relacionado para formar tu pista! \u00a1Trabajad en equipo para completar la cuadr\u00edcula con cartas de posici\u00f3n! Cada jugador tiene que dar con una [&hellip;]<\/p>\n","protected":false},"featured_media":61672,"template":"","meta":{"_acf_changed":false},"product_brand":[],"product_cat":[1561,1653,1180],"product_tag":[],"class_list":{"0":"post-61676","1":"product","2":"type-product","3":"status-publish","4":"has-post-thumbnail","6":"product_cat-familiar-es","7":"product_cat-boardgames","8":"product_cat-retail-products-es","10":"first","11":"onbackorder","12":"sale","13":"taxable","14":"shipping-taxable","15":"purchasable","16":"product-type-simple"},"exclude_global_add_ons":[],"addons":[],"acf":[],"_links":{"self":[{"href":"https:\/\/www.customeeple.com\/es\/wp-json\/wp\/v2\/product\/61676","targetHints":{"allow":["GET"]}}],"collection":[{"href":"https:\/\/www.customeeple.com\/es\/wp-json\/wp\/v2\/product"}],"about":[{"href":"https:\/\/www.customeeple.com\/es\/wp-json\/wp\/v2\/types\/product"}],"wp:featuredmedia":[{"embeddable":true,"href":"https:\/\/www.customeeple.com\/es\/wp-json\/wp\/v2\/media\/61672"}],"wp:attachment":[{"href":"https:\/\/www.customeeple.com\/es\/wp-json\/wp\/v2\/media?parent=61676"}],"wp:term":[{"taxonomy":"product_brand","embeddable":true,"href":"https:\/\/www.customeeple.com\/es\/wp-json\/wp\/v2\/product_brand?post=61676"},{"taxonomy":"product_cat","embeddable":true,"href":"https:\/\/www.customeeple.com\/es\/wp-json\/wp\/v2\/product_cat?post=61676"},{"taxonomy":"product_tag","embeddable":true,"href":"https:\/\/www.customeeple.com\/es\/wp-json\/wp\/v2\/product_tag?post=61676"}],"curies":[{"name":"wp","href":"https:\/\/api.w.org\/{rel}","templated":true}]}}