{"id":61657,"date":"2022-02-07T14:18:22","date_gmt":"2022-02-07T13:18:22","guid":{"rendered":"https:\/\/www.customeeple.com\/product\/chaos-space-marines\/"},"modified":"2023-11-21T00:00:15","modified_gmt":"2023-11-20T23:00:15","slug":"chaos-space-marines","status":"publish","type":"product","link":"https:\/\/www.customeeple.com\/es\/producto\/chaos-space-marines\/","title":{"rendered":"Chaos Space Marines"},"content":{"rendered":"<p>Ni siquiera los Space Marines est\u00e1n a salvo del atractivo del Chaos. Ya provengan de los d\u00edas oscuros de la Herej\u00eda de Horus o se hayan convertido en traidores m\u00e1s recientemente, estos guerreros funestos combinan sus dones gen\u00e9ticos con bendiciones oscuras y hechizos mal\u00e9ficos, transformados por a\u00f1os de batalla en asaltantes intr\u00e9pidos y sobrehumanos.<\/p>\n<p>Los Chaos Space Marines son el n\u00facleo de cualquier ej\u00e9rcito Chaos. Tan dispuestos a machaca oponentes a distancia con fuego b\u00f3lter como en cuerpo a cuerpo, estas tropas pueden equiparse para casi cualquier prop\u00f3sito en el campo de batalla. Combinados con tu selecci\u00f3n de Marcas del Chaos, Iconos del Chaos y armamento letal, tienen un lugar en cualquier lista de ej\u00e9rcito.<\/p>\n<p>Este kit permite montar 10 Chaos Space Marines con una amplia selecci\u00f3n de armas. La caja est\u00e1 llena de extras opcionales, lo que te ofrece la posibilidad de armar a cualquier miembro de la escuadra con armas de combate cuerpo a cuerpo, pistolas o equipo a distancia. Podr\u00e1s a\u00f1adir tu selecci\u00f3n de rifles de plasma, lanzallamas, rifles de fusi\u00f3n, b\u00f3lteres pesados y lanzamisiles. Los componentes opcionales te permitir\u00e1n montar dos Aspiring Champions y tendr\u00e1s libertad para montar la caja como una \u00fanica escuadra de 10 o dos escuadras de 5. Un icono del Chaos, componentes intercambiables y granadas opcionales te ofrecen a\u00fan m\u00e1s opciones para asegurarte de que no habr\u00e1 dos unidades con el mismo aspecto. Esta caja est\u00e1 dise\u00f1ada para ser compatible con la de Havocs, lo que te permitir\u00e1 mezclar armas pesadas y tener m\u00e1s opciones.<\/p>\n<p>Esta caja contiene 144 piezas de pl\u00e1stico e incluye diez peanas redondas de 32 mm.<\/p>\n","protected":false},"excerpt":{"rendered":"<p>Ni siquiera los Space Marines est\u00e1n a salvo del atractivo del Chaos. Ya provengan de los d\u00edas oscuros de la Herej\u00eda de Horus o se hayan convertido en traidores m\u00e1s recientemente, estos guerreros funestos combinan sus dones gen\u00e9ticos con bendiciones oscuras y hechizos mal\u00e9ficos, transformados por a\u00f1os de batalla en asaltantes intr\u00e9pidos y sobrehumanos. Los [&hellip;]<\/p>\n","protected":false},"featured_media":61651,"template":"","meta":{"_acf_changed":false},"product_brand":[],"product_cat":[1177,1180,1623,1229],"product_tag":[],"class_list":{"0":"post-61657","1":"product","2":"type-product","3":"status-publish","4":"has-post-thumbnail","6":"product_cat-games-workshop-es","7":"product_cat-retail-products-es","8":"product_cat-wargames-es-2","9":"product_cat-warhammer-40k-es","11":"first","12":"onbackorder","13":"sale","14":"taxable","15":"shipping-taxable","16":"purchasable","17":"product-type-simple"},"exclude_global_add_ons":[],"addons":[],"acf":[],"_links":{"self":[{"href":"https:\/\/www.customeeple.com\/es\/wp-json\/wp\/v2\/product\/61657","targetHints":{"allow":["GET"]}}],"collection":[{"href":"https:\/\/www.customeeple.com\/es\/wp-json\/wp\/v2\/product"}],"about":[{"href":"https:\/\/www.customeeple.com\/es\/wp-json\/wp\/v2\/types\/product"}],"wp:featuredmedia":[{"embeddable":true,"href":"https:\/\/www.customeeple.com\/es\/wp-json\/wp\/v2\/media\/61651"}],"wp:attachment":[{"href":"https:\/\/www.customeeple.com\/es\/wp-json\/wp\/v2\/media?parent=61657"}],"wp:term":[{"taxonomy":"product_brand","embeddable":true,"href":"https:\/\/www.customeeple.com\/es\/wp-json\/wp\/v2\/product_brand?post=61657"},{"taxonomy":"product_cat","embeddable":true,"href":"https:\/\/www.customeeple.com\/es\/wp-json\/wp\/v2\/product_cat?post=61657"},{"taxonomy":"product_tag","embeddable":true,"href":"https:\/\/www.customeeple.com\/es\/wp-json\/wp\/v2\/product_tag?post=61657"}],"curies":[{"name":"wp","href":"https:\/\/api.w.org\/{rel}","templated":true}]}}