{"id":61656,"date":"2022-02-07T14:17:59","date_gmt":"2022-02-07T13:17:59","guid":{"rendered":"https:\/\/www.customeeple.com\/product\/thousand-sons-scarab-occult-terminators\/"},"modified":"2023-11-21T00:00:14","modified_gmt":"2023-11-20T23:00:14","slug":"thousand-sons-scarab-occult-terminators","status":"publish","type":"product","link":"https:\/\/www.customeeple.com\/es\/producto\/thousand-sons-scarab-occult-terminators\/","title":{"rendered":"Thousand Sons Scarab Occult Terminators"},"content":{"rendered":"<p>Los Scarab Occult Terminators se contaron anta\u00f1o entre los mejores ps\u00edquicos de la Thousand Sons Legion, guardias personales del mism\u00edsimo Magnus the Red. Reducidos a polvo junto a sus hermanos, ahora apenas poseen un eco de su antiguo intelecto. Se dirigen al combate obedeciendo los deseos de sus amos hechiceros, avanzando con calma est\u00f3ica y escalofriante; cubiertos de ornamentada armadura, caen sobre el enemigo casi en silencio hasta que se traban en combate. Es entonces cuando se desata un estruendo ensordecedor del acero khopesh y el combi-b\u00f3lter infierno que desencadena una atroz matanza y da muerte a quienes insultan con su resistencia a los guerreros de Prospero.<\/p>\n<p>Este kit de pl\u00e1stico multicomponente contiene los componentes necesarios para montar 5 Scarab Occult Terminatos, armados con combi-b\u00f3lter infierno y espadas khopesh. Una miniatura puede montarse con un warpflamer pesado incluido, ca\u00f1\u00f3n siegalmas o bater\u00eda de misiles hellfire. Una miniatura puede montarse como Scarab Occult Sorcerer, que puede cambiar su combi-b\u00f3lter por una espada de energ\u00eda incluida. Se suministra con 5 peanas Citadel redondas de 40 mm.<\/p>\n","protected":false},"excerpt":{"rendered":"<p>Los Scarab Occult Terminators se contaron anta\u00f1o entre los mejores ps\u00edquicos de la Thousand Sons Legion, guardias personales del mism\u00edsimo Magnus the Red. Reducidos a polvo junto a sus hermanos, ahora apenas poseen un eco de su antiguo intelecto. Se dirigen al combate obedeciendo los deseos de sus amos hechiceros, avanzando con calma est\u00f3ica y [&hellip;]<\/p>\n","protected":false},"featured_media":61649,"template":"","meta":{"_acf_changed":false},"product_brand":[],"product_cat":[1177,1180,1623,1229],"product_tag":[],"class_list":{"0":"post-61656","1":"product","2":"type-product","3":"status-publish","4":"has-post-thumbnail","6":"product_cat-games-workshop-es","7":"product_cat-retail-products-es","8":"product_cat-wargames-es-2","9":"product_cat-warhammer-40k-es","11":"first","12":"onbackorder","13":"sale","14":"taxable","15":"shipping-taxable","16":"purchasable","17":"product-type-simple"},"exclude_global_add_ons":[],"addons":[],"acf":[],"_links":{"self":[{"href":"https:\/\/www.customeeple.com\/es\/wp-json\/wp\/v2\/product\/61656","targetHints":{"allow":["GET"]}}],"collection":[{"href":"https:\/\/www.customeeple.com\/es\/wp-json\/wp\/v2\/product"}],"about":[{"href":"https:\/\/www.customeeple.com\/es\/wp-json\/wp\/v2\/types\/product"}],"wp:featuredmedia":[{"embeddable":true,"href":"https:\/\/www.customeeple.com\/es\/wp-json\/wp\/v2\/media\/61649"}],"wp:attachment":[{"href":"https:\/\/www.customeeple.com\/es\/wp-json\/wp\/v2\/media?parent=61656"}],"wp:term":[{"taxonomy":"product_brand","embeddable":true,"href":"https:\/\/www.customeeple.com\/es\/wp-json\/wp\/v2\/product_brand?post=61656"},{"taxonomy":"product_cat","embeddable":true,"href":"https:\/\/www.customeeple.com\/es\/wp-json\/wp\/v2\/product_cat?post=61656"},{"taxonomy":"product_tag","embeddable":true,"href":"https:\/\/www.customeeple.com\/es\/wp-json\/wp\/v2\/product_tag?post=61656"}],"curies":[{"name":"wp","href":"https:\/\/api.w.org\/{rel}","templated":true}]}}