{"id":61593,"date":"2022-01-28T20:05:42","date_gmt":"2022-01-28T19:05:42","guid":{"rendered":"https:\/\/www.customeeple.com\/product\/chulthu-death-may-die\/"},"modified":"2022-01-28T20:05:42","modified_gmt":"2022-01-28T19:05:42","slug":"chulthu-death-may-die","status":"publish","type":"product","link":"https:\/\/www.customeeple.com\/es\/producto\/chulthu-death-may-die\/","title":{"rendered":"Chulthu Death May Die (ESP)"},"content":{"rendered":"<p><em>El ritual casi se ha completado.<br \/>Los abominables Primigenios acceder\u00e1n a nuestro mundo.<br \/>No pod\u00e9is detenerlos, ten\u00e9is que destruirlos.<\/em><\/p>\n<p>Una antigua secta apocal\u00edptica est\u00e1 a punto de invocar a un Primigenio en nuestro mundo. \u00a1Su devastadora llegada es inminente! \u00bfQu\u00e9 vais a hacer?<\/p>\n<p><em>Cthulhu: Death May Die<\/em>\u00a0es un juego de tablero cooperativo lleno de acci\u00f3n para 1-5 jugadores. Para derrotar a los espeluznantes horrores que vienen de fuera del espacio y el tiempo, deb\u00e9is sumiros en la locura y trabajar en equipo.<\/p>\n<p>Tendr\u00e9is que desvelar y resolver los misterios de hasta seis historias epis\u00f3dicas diferentes vali\u00e9ndoos de unas combinaciones particulares de capacidades y locuras, y luchando contra una gran variedad de terribles monstruos extra\u00eddos del acervo de los Mitos.<\/p>\n<p>A continuaci\u00f3n, tendr\u00e9is que interrumpir el ritual el tiempo suficiente para hacer que el Primigenio sea vulnerable&#8230; y acabar con \u00e9l. Matarlo.<\/p>\n<p>Lo m\u00e1s probable es que sea un viaje de solo ida, pero est\u00e1is preparados para ello, \u00bfno es as\u00ed?<\/p>\n<p><strong>CONTENIDO:\u00a0<\/strong><br \/>45 miniaturas de pl\u00e1stico de gran detalle, 1 libro de reglas, 17 piezas de tablero de doble cara, 1 tablero de la historia, 10 tableros de Investigador, 64 cartas de Mitos, 90 cartas de Descubrimiento, 12 cartas de Locura, 8 cartas de Etapa del Primigenio, 2 cartas de secuaces del Primigenio, 6 cartas de Episodio, 6 cartas de monstruos del Episodio, 8 dados personalizados, 5 peanas coloreadas, 30 marcadores de pl\u00e1stico, 147 fichas.<\/p>\n","protected":false},"excerpt":{"rendered":"<p>El ritual casi se ha completado.Los abominables Primigenios acceder\u00e1n a nuestro mundo.No pod\u00e9is detenerlos, ten\u00e9is que destruirlos. Una antigua secta apocal\u00edptica est\u00e1 a punto de invocar a un Primigenio en nuestro mundo. \u00a1Su devastadora llegada es inminente! \u00bfQu\u00e9 vais a hacer? Cthulhu: Death May Die\u00a0es un juego de tablero cooperativo lleno de acci\u00f3n para 1-5 [&hellip;]<\/p>\n","protected":false},"featured_media":61580,"template":"","meta":{"_acf_changed":false},"product_brand":[],"product_cat":[2003,1653,1555,1180],"product_tag":[],"class_list":{"0":"post-61593","1":"product","2":"type-product","3":"status-publish","4":"has-post-thumbnail","6":"product_cat-cooperative-es","7":"product_cat-boardgames","8":"product_cat-miniature-games-es","9":"product_cat-retail-products-es","11":"first","12":"onbackorder","13":"sale","14":"taxable","15":"shipping-taxable","16":"purchasable","17":"product-type-simple"},"exclude_global_add_ons":[],"addons":[],"acf":[],"_links":{"self":[{"href":"https:\/\/www.customeeple.com\/es\/wp-json\/wp\/v2\/product\/61593","targetHints":{"allow":["GET"]}}],"collection":[{"href":"https:\/\/www.customeeple.com\/es\/wp-json\/wp\/v2\/product"}],"about":[{"href":"https:\/\/www.customeeple.com\/es\/wp-json\/wp\/v2\/types\/product"}],"wp:featuredmedia":[{"embeddable":true,"href":"https:\/\/www.customeeple.com\/es\/wp-json\/wp\/v2\/media\/61580"}],"wp:attachment":[{"href":"https:\/\/www.customeeple.com\/es\/wp-json\/wp\/v2\/media?parent=61593"}],"wp:term":[{"taxonomy":"product_brand","embeddable":true,"href":"https:\/\/www.customeeple.com\/es\/wp-json\/wp\/v2\/product_brand?post=61593"},{"taxonomy":"product_cat","embeddable":true,"href":"https:\/\/www.customeeple.com\/es\/wp-json\/wp\/v2\/product_cat?post=61593"},{"taxonomy":"product_tag","embeddable":true,"href":"https:\/\/www.customeeple.com\/es\/wp-json\/wp\/v2\/product_tag?post=61593"}],"curies":[{"name":"wp","href":"https:\/\/api.w.org\/{rel}","templated":true}]}}