{"id":61532,"date":"2022-01-19T13:30:17","date_gmt":"2022-01-19T12:30:17","guid":{"rendered":"https:\/\/www.customeeple.com\/product\/unmatched-caperucita-roja-vs-beowulf\/"},"modified":"2022-01-19T13:30:17","modified_gmt":"2022-01-19T12:30:17","slug":"unmatched-caperucita-roja-vs-beowulf","status":"publish","type":"product","link":"https:\/\/www.customeeple.com\/es\/producto\/unmatched-caperucita-roja-vs-beowulf\/","title":{"rendered":"Unmatched Caperucita Roja VS Beowulf"},"content":{"rendered":"<p><em>Unmatched Caperucita Roja VS Beowulf<\/em>\u00a0recupera a dos personajes de cuentos y leyendas populares para trasladarlos al campo de batalla del sistema Unmatched. \u00a1Prueba a combinarlos con los h\u00e9roes y hero\u00ednas de otras cajas Unmatched para descubrir nuevos enfrentamientos!<\/p>\n<p>-Caperucita Roja llega al universo Unmatched con su canastilla, acompa\u00f1ada por el cazador y toda una colecci\u00f3n de \u00fatiles objetos en su cestita.<\/p>\n<p>-Beowulf desatar\u00e1 toda su ira sobre el tablero acompa\u00f1ado por su fiel compa\u00f1ero Wiglaf y su descomunal fuerza sobrehumana.<\/p>\n<p><em>Unmatched Caperucita Roja VS Beowulf<\/em>\u00a0es una expansi\u00f3n autojugable preparada para 2 jugadores.<\/p>\n","protected":false},"excerpt":{"rendered":"<p>Unmatched Caperucita Roja VS Beowulf\u00a0recupera a dos personajes de cuentos y leyendas populares para trasladarlos al campo de batalla del sistema Unmatched. \u00a1Prueba a combinarlos con los h\u00e9roes y hero\u00ednas de otras cajas Unmatched para descubrir nuevos enfrentamientos! -Caperucita Roja llega al universo Unmatched con su canastilla, acompa\u00f1ada por el cazador y toda una colecci\u00f3n [&hellip;]<\/p>\n","protected":false},"featured_media":61516,"template":"","meta":{"_acf_changed":false},"product_brand":[],"product_cat":[1653,1555,1180],"product_tag":[],"class_list":{"0":"post-61532","1":"product","2":"type-product","3":"status-publish","4":"has-post-thumbnail","6":"product_cat-boardgames","7":"product_cat-miniature-games-es","8":"product_cat-retail-products-es","10":"first","11":"outofstock","12":"sale","13":"taxable","14":"shipping-taxable","15":"purchasable","16":"product-type-simple"},"exclude_global_add_ons":[],"addons":[],"acf":[],"_links":{"self":[{"href":"https:\/\/www.customeeple.com\/es\/wp-json\/wp\/v2\/product\/61532","targetHints":{"allow":["GET"]}}],"collection":[{"href":"https:\/\/www.customeeple.com\/es\/wp-json\/wp\/v2\/product"}],"about":[{"href":"https:\/\/www.customeeple.com\/es\/wp-json\/wp\/v2\/types\/product"}],"wp:featuredmedia":[{"embeddable":true,"href":"https:\/\/www.customeeple.com\/es\/wp-json\/wp\/v2\/media\/61516"}],"wp:attachment":[{"href":"https:\/\/www.customeeple.com\/es\/wp-json\/wp\/v2\/media?parent=61532"}],"wp:term":[{"taxonomy":"product_brand","embeddable":true,"href":"https:\/\/www.customeeple.com\/es\/wp-json\/wp\/v2\/product_brand?post=61532"},{"taxonomy":"product_cat","embeddable":true,"href":"https:\/\/www.customeeple.com\/es\/wp-json\/wp\/v2\/product_cat?post=61532"},{"taxonomy":"product_tag","embeddable":true,"href":"https:\/\/www.customeeple.com\/es\/wp-json\/wp\/v2\/product_tag?post=61532"}],"curies":[{"name":"wp","href":"https:\/\/api.w.org\/{rel}","templated":true}]}}