{"id":61527,"date":"2022-01-19T13:24:30","date_gmt":"2022-01-19T12:24:30","guid":{"rendered":"https:\/\/www.customeeple.com\/product\/the-castles-of-burgundy\/"},"modified":"2022-01-19T13:24:30","modified_gmt":"2022-01-19T12:24:30","slug":"the-castles-of-burgundy","status":"publish","type":"product","link":"https:\/\/www.customeeple.com\/es\/producto\/the-castles-of-burgundy\/","title":{"rendered":"The Castles of Burgundy (ESP)"},"content":{"rendered":"<p>Un juego de estrategia para 2-5 jugadores que desempe\u00f1ar\u00e1n los roles del Colono, el Constructor, el Capataz, el Artesano, el Mercader, el Capit\u00e1n y el Buscador de Oro.<\/p>\n","protected":false},"excerpt":{"rendered":"<p>Un juego de estrategia para 2-5 jugadores que desempe\u00f1ar\u00e1n los roles del Colono, el Constructor, el Capataz, el Artesano, el Mercader, el Capit\u00e1n y el Buscador de Oro.<\/p>\n","protected":false},"featured_media":61512,"template":"","meta":{"_acf_changed":false},"product_brand":[],"product_cat":[1653,1180],"product_tag":[],"class_list":{"0":"post-61527","1":"product","2":"type-product","3":"status-publish","4":"has-post-thumbnail","6":"product_cat-boardgames","7":"product_cat-retail-products-es","9":"first","10":"instock","11":"sale","12":"taxable","13":"shipping-taxable","14":"purchasable","15":"product-type-simple"},"exclude_global_add_ons":[],"addons":[],"acf":[],"_links":{"self":[{"href":"https:\/\/www.customeeple.com\/es\/wp-json\/wp\/v2\/product\/61527","targetHints":{"allow":["GET"]}}],"collection":[{"href":"https:\/\/www.customeeple.com\/es\/wp-json\/wp\/v2\/product"}],"about":[{"href":"https:\/\/www.customeeple.com\/es\/wp-json\/wp\/v2\/types\/product"}],"wp:featuredmedia":[{"embeddable":true,"href":"https:\/\/www.customeeple.com\/es\/wp-json\/wp\/v2\/media\/61512"}],"wp:attachment":[{"href":"https:\/\/www.customeeple.com\/es\/wp-json\/wp\/v2\/media?parent=61527"}],"wp:term":[{"taxonomy":"product_brand","embeddable":true,"href":"https:\/\/www.customeeple.com\/es\/wp-json\/wp\/v2\/product_brand?post=61527"},{"taxonomy":"product_cat","embeddable":true,"href":"https:\/\/www.customeeple.com\/es\/wp-json\/wp\/v2\/product_cat?post=61527"},{"taxonomy":"product_tag","embeddable":true,"href":"https:\/\/www.customeeple.com\/es\/wp-json\/wp\/v2\/product_tag?post=61527"}],"curies":[{"name":"wp","href":"https:\/\/api.w.org\/{rel}","templated":true}]}}