{"id":61525,"date":"2022-01-19T13:23:18","date_gmt":"2022-01-19T12:23:18","guid":{"rendered":"https:\/\/www.customeeple.com\/product\/little-action\/"},"modified":"2024-12-27T00:00:03","modified_gmt":"2024-12-26T23:00:03","slug":"little-action","status":"publish","type":"product","link":"https:\/\/www.customeeple.com\/es\/producto\/little-action\/","title":{"rendered":"Little Action (ESP)"},"content":{"rendered":"<p>La colecci\u00f3n de juegos Little ha sido creada para acercar a los m\u00e1s peque\u00f1os al mundo de los juegos de mesa de forma divertida. Little Action es un juego de destreza y motricidad. Por turnos, cada jugador coger\u00e1 una carta y deber\u00e1 realizar la acci\u00f3n correspondiente: construir una torre con 3 animales, colocarse un animal encima de la cabeza sin que se caiga, hacer canasta, lanzar un animal y atraparlo al vuelo\u2026 Si el jugador lo consigue \u00a1gana una medalla!<\/p>\n","protected":false},"excerpt":{"rendered":"<p>La colecci\u00f3n de juegos Little ha sido creada para acercar a los m\u00e1s peque\u00f1os al mundo de los juegos de mesa de forma divertida. Little Action es un juego de destreza y motricidad. Por turnos, cada jugador coger\u00e1 una carta y deber\u00e1 realizar la acci\u00f3n correspondiente: construir una torre con 3 animales, colocarse un animal [&hellip;]<\/p>\n","protected":false},"featured_media":61504,"template":"","meta":{"_acf_changed":false},"product_brand":[],"product_cat":[1990,1564,1653,1180],"product_tag":[],"class_list":{"0":"post-61525","1":"product","2":"type-product","3":"status-publish","4":"has-post-thumbnail","6":"product_cat-djeco","7":"product_cat-childrens-es","8":"product_cat-boardgames","9":"product_cat-retail-products-es","11":"first","12":"outofstock","13":"taxable","14":"shipping-taxable","15":"purchasable","16":"product-type-simple"},"exclude_global_add_ons":[],"addons":[],"acf":[],"_links":{"self":[{"href":"https:\/\/www.customeeple.com\/es\/wp-json\/wp\/v2\/product\/61525","targetHints":{"allow":["GET"]}}],"collection":[{"href":"https:\/\/www.customeeple.com\/es\/wp-json\/wp\/v2\/product"}],"about":[{"href":"https:\/\/www.customeeple.com\/es\/wp-json\/wp\/v2\/types\/product"}],"wp:featuredmedia":[{"embeddable":true,"href":"https:\/\/www.customeeple.com\/es\/wp-json\/wp\/v2\/media\/61504"}],"wp:attachment":[{"href":"https:\/\/www.customeeple.com\/es\/wp-json\/wp\/v2\/media?parent=61525"}],"wp:term":[{"taxonomy":"product_brand","embeddable":true,"href":"https:\/\/www.customeeple.com\/es\/wp-json\/wp\/v2\/product_brand?post=61525"},{"taxonomy":"product_cat","embeddable":true,"href":"https:\/\/www.customeeple.com\/es\/wp-json\/wp\/v2\/product_cat?post=61525"},{"taxonomy":"product_tag","embeddable":true,"href":"https:\/\/www.customeeple.com\/es\/wp-json\/wp\/v2\/product_tag?post=61525"}],"curies":[{"name":"wp","href":"https:\/\/api.w.org\/{rel}","templated":true}]}}