{"id":61440,"date":"2022-01-05T19:38:09","date_gmt":"2022-01-05T18:38:09","guid":{"rendered":"https:\/\/www.customeeple.com\/product\/gua-ta-fac\/"},"modified":"2022-01-05T19:38:09","modified_gmt":"2022-01-05T18:38:09","slug":"gua-ta-fac","status":"publish","type":"product","link":"https:\/\/www.customeeple.com\/es\/producto\/gua-ta-fac\/","title":{"rendered":"Gua Ta Fac (ESP)"},"content":{"rendered":"<p>DESATA TU MENTE, \u00a1EL TIEMPO ACABA DE REPENTE!<\/p>\n<p>En GUATAFAC, tienes 8 segundos para adivinar los pensamientos m\u00e1s bizarros de tus amigos, familia o meros extra\u00f1os con los que tendr\u00e1s que compartir honestidad, espontaneidad y respuestas sin censura.<\/p>\n<p><strong><u>Contenido:<\/u><\/strong><\/p>\n<ul>\n<li>400 cartas (hechas con mucho amor).<\/li>\n<li>80 cartas especiales (para largas noches de ternura y risas).<\/li>\n<li>1 app gratis para descargar.<\/li>\n<\/ul>\n<p><strong><u>Reglas del juego:<\/u><\/strong><br \/>Pon un mont\u00f3n peque\u00f1o de cartas en el centro de la mesa, boca abajo.<br \/>El jugador con el coeficiente intelectual m\u00e1s bajo se llamar\u00e1 \u00ab<strong>Maestro Guatafac<\/strong>\u00ab.<br \/>Saca la primera carta de la baraja y preg\u00fantale al amigo de tu izquierda (si sabe leer) lo que dice la carta. En el caso de que todos se\u00e1is subnormales deber\u00e9is turnaros el rol de \u201cMaestro Guatafac\u201d.<\/p>\n<p>Tienes 8 segundos para contestar: puedes contarlos con los dedos, la boca, haciendo un hidalgo o descarg\u00e1ndote nuestra App \u201c<strong>Guatafac<\/strong>\u201d en Google Play o App Store. Si descargas la App no te olvides de subir el volumen para disfrutar de la puta mierda de sonidos que hemos escogido especialmente para ti.<br \/>Si das todas las respuestas en menos de 8 segundos y el Maestro Guatafac las acepta, te quedas con la tarjeta y sumas un punto.<\/p>\n<p>Tras responder ser\u00e1s el Maestro o Maestra. Coge la primera carta y hazle la pregunta al amigo o amiga de tu izquierda, y as\u00ed sucesivamente.<br \/>El primer jugador en sumar 7 puntos es declarado el puto amo del Guatafac \u00a1as\u00ed que no pierdas la cuenta o ten controladas las cartas que vayas acumulando!<\/p>\n","protected":false},"excerpt":{"rendered":"<p>DESATA TU MENTE, \u00a1EL TIEMPO ACABA DE REPENTE! En GUATAFAC, tienes 8 segundos para adivinar los pensamientos m\u00e1s bizarros de tus amigos, familia o meros extra\u00f1os con los que tendr\u00e1s que compartir honestidad, espontaneidad y respuestas sin censura. Contenido: 400 cartas (hechas con mucho amor). 80 cartas especiales (para largas noches de ternura y risas). [&hellip;]<\/p>\n","protected":false},"featured_media":61431,"template":"","meta":{"_acf_changed":false},"product_brand":[],"product_cat":[2004,1653,1180],"product_tag":[],"class_list":{"0":"post-61440","1":"product","2":"type-product","3":"status-publish","4":"has-post-thumbnail","6":"product_cat-party-game-es","7":"product_cat-boardgames","8":"product_cat-retail-products-es","10":"first","11":"instock","12":"sale","13":"taxable","14":"shipping-taxable","15":"purchasable","16":"product-type-simple"},"exclude_global_add_ons":[],"addons":[],"acf":[],"_links":{"self":[{"href":"https:\/\/www.customeeple.com\/es\/wp-json\/wp\/v2\/product\/61440","targetHints":{"allow":["GET"]}}],"collection":[{"href":"https:\/\/www.customeeple.com\/es\/wp-json\/wp\/v2\/product"}],"about":[{"href":"https:\/\/www.customeeple.com\/es\/wp-json\/wp\/v2\/types\/product"}],"wp:featuredmedia":[{"embeddable":true,"href":"https:\/\/www.customeeple.com\/es\/wp-json\/wp\/v2\/media\/61431"}],"wp:attachment":[{"href":"https:\/\/www.customeeple.com\/es\/wp-json\/wp\/v2\/media?parent=61440"}],"wp:term":[{"taxonomy":"product_brand","embeddable":true,"href":"https:\/\/www.customeeple.com\/es\/wp-json\/wp\/v2\/product_brand?post=61440"},{"taxonomy":"product_cat","embeddable":true,"href":"https:\/\/www.customeeple.com\/es\/wp-json\/wp\/v2\/product_cat?post=61440"},{"taxonomy":"product_tag","embeddable":true,"href":"https:\/\/www.customeeple.com\/es\/wp-json\/wp\/v2\/product_tag?post=61440"}],"curies":[{"name":"wp","href":"https:\/\/api.w.org\/{rel}","templated":true}]}}