{"id":61438,"date":"2022-01-04T19:28:26","date_gmt":"2022-01-04T18:28:26","guid":{"rendered":"https:\/\/www.customeeple.com\/product\/exit-vuelo-hacia-lo-desconocido\/"},"modified":"2022-01-04T19:28:26","modified_gmt":"2022-01-04T18:28:26","slug":"exit-vuelo-hacia-lo-desconocido","status":"publish","type":"product","link":"https:\/\/www.customeeple.com\/es\/producto\/exit-vuelo-hacia-lo-desconocido\/","title":{"rendered":"Exit: Vuelo hacia lo desconocido"},"content":{"rendered":"<p>Exit, el juego de escape en tu propia casa. Vuelo hacia lo desconocido.<\/p>\n<p>Form\u00e1is parte de la tripulaci\u00f3n de un vuelo comercial. De repente, el avi\u00f3n se encuentra en medio de una impresionante tormenta y algunos de los sistemas el\u00e9ctricos empiezan a fallar. \u00a1No ten\u00e9is mucho tiempo! \u00bfLograr\u00e9is reparar el avi\u00f3n y conseguir que aterrice sin problemas?<\/p>\n<p>Nivel: Principiante.<\/p>\n<p>Contenido: 1 disco descodificador, 87 cartas, 4 piezas, 1 tarjeta escpejo, 1 cuaderno y manual.<\/p>\n<p>Este juego solo se puede jugar una vez, ya que puede que tengas que tachar, doblar o rasgar los componentes que se incluyen.<\/p>\n","protected":false},"excerpt":{"rendered":"<p>Exit, el juego de escape en tu propia casa. Vuelo hacia lo desconocido. Form\u00e1is parte de la tripulaci\u00f3n de un vuelo comercial. De repente, el avi\u00f3n se encuentra en medio de una impresionante tormenta y algunos de los sistemas el\u00e9ctricos empiezan a fallar. \u00a1No ten\u00e9is mucho tiempo! \u00bfLograr\u00e9is reparar el avi\u00f3n y conseguir que aterrice [&hellip;]<\/p>\n","protected":false},"featured_media":61425,"template":"","meta":{"_acf_changed":false},"product_brand":[],"product_cat":[2003,2344,1653,1180],"product_tag":[],"class_list":{"0":"post-61438","1":"product","2":"type-product","3":"status-publish","4":"has-post-thumbnail","6":"product_cat-cooperative-es","7":"product_cat-devir-es","8":"product_cat-boardgames","9":"product_cat-retail-products-es","11":"first","12":"outofstock","13":"sale","14":"taxable","15":"shipping-taxable","16":"purchasable","17":"product-type-simple"},"exclude_global_add_ons":[],"addons":[],"acf":[],"_links":{"self":[{"href":"https:\/\/www.customeeple.com\/es\/wp-json\/wp\/v2\/product\/61438","targetHints":{"allow":["GET"]}}],"collection":[{"href":"https:\/\/www.customeeple.com\/es\/wp-json\/wp\/v2\/product"}],"about":[{"href":"https:\/\/www.customeeple.com\/es\/wp-json\/wp\/v2\/types\/product"}],"wp:featuredmedia":[{"embeddable":true,"href":"https:\/\/www.customeeple.com\/es\/wp-json\/wp\/v2\/media\/61425"}],"wp:attachment":[{"href":"https:\/\/www.customeeple.com\/es\/wp-json\/wp\/v2\/media?parent=61438"}],"wp:term":[{"taxonomy":"product_brand","embeddable":true,"href":"https:\/\/www.customeeple.com\/es\/wp-json\/wp\/v2\/product_brand?post=61438"},{"taxonomy":"product_cat","embeddable":true,"href":"https:\/\/www.customeeple.com\/es\/wp-json\/wp\/v2\/product_cat?post=61438"},{"taxonomy":"product_tag","embeddable":true,"href":"https:\/\/www.customeeple.com\/es\/wp-json\/wp\/v2\/product_tag?post=61438"}],"curies":[{"name":"wp","href":"https:\/\/api.w.org\/{rel}","templated":true}]}}