{"id":61363,"date":"2022-01-04T11:50:50","date_gmt":"2022-01-04T10:50:50","guid":{"rendered":"https:\/\/www.customeeple.com\/product\/cat-crimes\/"},"modified":"2026-01-07T20:42:09","modified_gmt":"2026-01-07T19:42:09","slug":"cat-crimes","status":"publish","type":"product","link":"https:\/\/www.customeeple.com\/es\/producto\/cat-crimes\/","title":{"rendered":"Cat Crimes (SPA)"},"content":{"rendered":"<p>Juego de l\u00f3gica de &#8230; encuentra al culpable<br \/>Un ovillo de lana enmara\u00f1ado, un p\u00e1jaro desaparecido\u2026 \u00bfCu\u00e1l de los seis gatos es el responsable de cada crimen gatuno? Aplicando tu capacidad para resolver problemas y teniendo en cuenta las huellas, la posici\u00f3n de los juguetes y otras pistas, podr\u00e1s averiguar d\u00f3nde estaba sentado exactamente cada gato en el momento del crimen.<br \/>Te gustar\u00e1 porque:<br \/>\u2022 Un divertido juego de encuentra al culpable, con seis gatos sigilosos.<br \/>Edad M\u00e1s de 8 a\u00f1os<br \/>Tama\u00f1o: 16x24x4cm<br \/><b>Fabricante:\u00a0<\/b>THINKFUN<br \/><b>N\u00ba de jugadores:\u00a0<\/b>1<br \/><b>Duraci\u00f3n:\u00a0<\/b>20<br \/><b>Edad m\u00ednima:\u00a0<\/b>8+<\/p>\n","protected":false},"excerpt":{"rendered":"<p>Juego de l\u00f3gica de &#8230; encuentra al culpableUn ovillo de lana enmara\u00f1ado, un p\u00e1jaro desaparecido\u2026 \u00bfCu\u00e1l de los seis gatos es el responsable de cada crimen gatuno? Aplicando tu capacidad para resolver problemas y teniendo en cuenta las huellas, la posici\u00f3n de los juguetes y otras pistas, podr\u00e1s averiguar d\u00f3nde estaba sentado exactamente cada gato [&hellip;]<\/p>\n","protected":false},"featured_media":61370,"template":"","meta":{"_acf_changed":false},"product_brand":[],"product_cat":[1096,1528,1533,1527,1168],"product_tag":[],"class_list":{"0":"post-61363","1":"product","2":"type-product","3":"status-publish","4":"has-post-thumbnail","6":"product_cat-bg","7":"product_cat-card-game","8":"product_cat-childrens","9":"product_cat-familiar","10":"product_cat-retail-products","12":"first","13":"outofstock","14":"sale","15":"taxable","16":"shipping-taxable","17":"purchasable","18":"product-type-simple"},"exclude_global_add_ons":[],"addons":[],"acf":[],"_links":{"self":[{"href":"https:\/\/www.customeeple.com\/es\/wp-json\/wp\/v2\/product\/61363","targetHints":{"allow":["GET"]}}],"collection":[{"href":"https:\/\/www.customeeple.com\/es\/wp-json\/wp\/v2\/product"}],"about":[{"href":"https:\/\/www.customeeple.com\/es\/wp-json\/wp\/v2\/types\/product"}],"wp:featuredmedia":[{"embeddable":true,"href":"https:\/\/www.customeeple.com\/es\/wp-json\/wp\/v2\/media\/61370"}],"wp:attachment":[{"href":"https:\/\/www.customeeple.com\/es\/wp-json\/wp\/v2\/media?parent=61363"}],"wp:term":[{"taxonomy":"product_brand","embeddable":true,"href":"https:\/\/www.customeeple.com\/es\/wp-json\/wp\/v2\/product_brand?post=61363"},{"taxonomy":"product_cat","embeddable":true,"href":"https:\/\/www.customeeple.com\/es\/wp-json\/wp\/v2\/product_cat?post=61363"},{"taxonomy":"product_tag","embeddable":true,"href":"https:\/\/www.customeeple.com\/es\/wp-json\/wp\/v2\/product_tag?post=61363"}],"curies":[{"name":"wp","href":"https:\/\/api.w.org\/{rel}","templated":true}]}}