{"id":61341,"date":"2021-12-30T20:45:44","date_gmt":"2021-12-30T19:45:44","guid":{"rendered":"https:\/\/www.customeeple.com\/product\/exit-el-tesoro-hundido\/"},"modified":"2021-12-31T15:51:41","modified_gmt":"2021-12-31T14:51:41","slug":"exit-el-tesoro-hundido","status":"publish","type":"product","link":"https:\/\/www.customeeple.com\/es\/producto\/exit-el-tesoro-hundido\/","title":{"rendered":"Exit: El Tesoro Hundido"},"content":{"rendered":"<p>\u00a1Llegan los dos nuevos Exit, la saga de Escape Rooms de mesa m\u00e1s premiada del mercado! En esta nueva entrega os embarc\u00e1is en la traicionera b\u00fasqueda del legendario Tesoro de Santa Mar\u00eda. Mientras realiz\u00e1is vuestra investigaci\u00f3n algo va mal y os qued\u00e1is atrapados bajo el agua. \u00bfSer\u00e1s capaz de hacerte con El Tesoro Hundido antes de morir ahogado? Esta nueva aventura de Exit es de Dificultad Principiante.<\/p>\n<p>Contiene: 1 Disco Decodificador, 85 Cartas, 9 Piezas, 1 Cuaderno y 1 Manual.<\/p>\n","protected":false},"excerpt":{"rendered":"<p>\u00a1Llegan los dos nuevos Exit, la saga de Escape Rooms de mesa m\u00e1s premiada del mercado! En esta nueva entrega os embarc\u00e1is en la traicionera b\u00fasqueda del legendario Tesoro de Santa Mar\u00eda. Mientras realiz\u00e1is vuestra investigaci\u00f3n algo va mal y os qued\u00e1is atrapados bajo el agua. \u00bfSer\u00e1s capaz de hacerte con El Tesoro Hundido antes [&hellip;]<\/p>\n","protected":false},"featured_media":61319,"template":"","meta":{"_acf_changed":false},"product_brand":[],"product_cat":[2003,1561,1557,1653,1180],"product_tag":[],"class_list":{"0":"post-61341","1":"product","2":"type-product","3":"status-publish","4":"has-post-thumbnail","6":"product_cat-cooperative-es","7":"product_cat-familiar-es","8":"product_cat-card-game-es","9":"product_cat-boardgames","10":"product_cat-retail-products-es","12":"first","13":"outofstock","14":"sale","15":"taxable","16":"shipping-taxable","17":"purchasable","18":"product-type-simple"},"exclude_global_add_ons":[],"addons":[],"acf":[],"_links":{"self":[{"href":"https:\/\/www.customeeple.com\/es\/wp-json\/wp\/v2\/product\/61341","targetHints":{"allow":["GET"]}}],"collection":[{"href":"https:\/\/www.customeeple.com\/es\/wp-json\/wp\/v2\/product"}],"about":[{"href":"https:\/\/www.customeeple.com\/es\/wp-json\/wp\/v2\/types\/product"}],"wp:featuredmedia":[{"embeddable":true,"href":"https:\/\/www.customeeple.com\/es\/wp-json\/wp\/v2\/media\/61319"}],"wp:attachment":[{"href":"https:\/\/www.customeeple.com\/es\/wp-json\/wp\/v2\/media?parent=61341"}],"wp:term":[{"taxonomy":"product_brand","embeddable":true,"href":"https:\/\/www.customeeple.com\/es\/wp-json\/wp\/v2\/product_brand?post=61341"},{"taxonomy":"product_cat","embeddable":true,"href":"https:\/\/www.customeeple.com\/es\/wp-json\/wp\/v2\/product_cat?post=61341"},{"taxonomy":"product_tag","embeddable":true,"href":"https:\/\/www.customeeple.com\/es\/wp-json\/wp\/v2\/product_tag?post=61341"}],"curies":[{"name":"wp","href":"https:\/\/api.w.org\/{rel}","templated":true}]}}