{"id":61339,"date":"2021-12-31T15:30:50","date_gmt":"2021-12-31T14:30:50","guid":{"rendered":"https:\/\/www.customeeple.com\/product\/time-bomb-evolucion\/"},"modified":"2021-12-31T15:30:50","modified_gmt":"2021-12-31T14:30:50","slug":"time-bomb-evolucion","status":"publish","type":"product","link":"https:\/\/www.customeeple.com\/es\/producto\/time-bomb-evolucion\/","title":{"rendered":"Time Bomb Evoluci\u00f3n"},"content":{"rendered":"<p><em data-rich-text-format-boundary=\"true\">Time Bomb Evoluci\u00f3n<\/em> es un divertido juego de mesa con mec\u00e1nicas de roles ocultos preparado para 4 a 8 jugadores a partir de 8 a\u00f1os de edad.<br data-rich-text-line-break=\"true\" \/>Utiliza tus capacidades de deducci\u00f3n para intentar localizar las nuevas bombas con incre\u00edbles efectos distintos. Redescubre el cl\u00e1sico<em>\u00a0Time Bomb<\/em> en su versi\u00f3n <em>Evoluci\u00f3n,<\/em> dise\u00f1ada tanto para jugadores principiantes como experimentados.<\/p>\n","protected":false},"excerpt":{"rendered":"<p>Time Bomb Evoluci\u00f3n es un divertido juego de mesa con mec\u00e1nicas de roles ocultos preparado para 4 a 8 jugadores a partir de 8 a\u00f1os de edad.Utiliza tus capacidades de deducci\u00f3n para intentar localizar las nuevas bombas con incre\u00edbles efectos distintos. Redescubre el cl\u00e1sico\u00a0Time Bomb en su versi\u00f3n Evoluci\u00f3n, dise\u00f1ada tanto para jugadores principiantes como [&hellip;]<\/p>\n","protected":false},"featured_media":61328,"template":"","meta":{"_acf_changed":false},"product_brand":[],"product_cat":[2004,1557,1653,1180],"product_tag":[],"class_list":{"0":"post-61339","1":"product","2":"type-product","3":"status-publish","4":"has-post-thumbnail","6":"product_cat-party-game-es","7":"product_cat-card-game-es","8":"product_cat-boardgames","9":"product_cat-retail-products-es","11":"first","12":"onbackorder","13":"sale","14":"taxable","15":"shipping-taxable","16":"purchasable","17":"product-type-simple"},"exclude_global_add_ons":[],"addons":[],"acf":[],"_links":{"self":[{"href":"https:\/\/www.customeeple.com\/es\/wp-json\/wp\/v2\/product\/61339","targetHints":{"allow":["GET"]}}],"collection":[{"href":"https:\/\/www.customeeple.com\/es\/wp-json\/wp\/v2\/product"}],"about":[{"href":"https:\/\/www.customeeple.com\/es\/wp-json\/wp\/v2\/types\/product"}],"wp:featuredmedia":[{"embeddable":true,"href":"https:\/\/www.customeeple.com\/es\/wp-json\/wp\/v2\/media\/61328"}],"wp:attachment":[{"href":"https:\/\/www.customeeple.com\/es\/wp-json\/wp\/v2\/media?parent=61339"}],"wp:term":[{"taxonomy":"product_brand","embeddable":true,"href":"https:\/\/www.customeeple.com\/es\/wp-json\/wp\/v2\/product_brand?post=61339"},{"taxonomy":"product_cat","embeddable":true,"href":"https:\/\/www.customeeple.com\/es\/wp-json\/wp\/v2\/product_cat?post=61339"},{"taxonomy":"product_tag","embeddable":true,"href":"https:\/\/www.customeeple.com\/es\/wp-json\/wp\/v2\/product_tag?post=61339"}],"curies":[{"name":"wp","href":"https:\/\/api.w.org\/{rel}","templated":true}]}}