{"id":61300,"date":"2021-12-24T17:13:29","date_gmt":"2021-12-24T16:13:29","guid":{"rendered":"https:\/\/www.customeeple.com\/product\/escape-puzzle-el-templo-multilanguage\/"},"modified":"2021-12-24T17:13:29","modified_gmt":"2021-12-24T16:13:29","slug":"escape-puzzle-el-templo-multilanguage","status":"publish","type":"product","link":"https:\/\/www.customeeple.com\/es\/producto\/escape-puzzle-el-templo-multilanguage\/","title":{"rendered":"Escape Puzzle: El templo (Multilanguage)"},"content":{"rendered":"<p>\u00a1Gracias a Ravensburger el fen\u00f3meno \u201cEscape Room\u201d se convierte en un puzzle! Puzzles y misterio se unen para aumentar la diversi\u00f3n. Este principio se basa en una variante completamente nueva del rompecabezas: el Escape Puzzle. Una vez que se han ensamblado todas las 759 piezas del puzzle, las habilidades de imaginaci\u00f3n, intuici\u00f3n y deducci\u00f3n entran en juego. Lee la historia y construye el puzzle: la imagen real es ligeramente diferente de la que se muestra en la caja, las diferencias que encontraras son las primeras pistas para liberarte. Sum\u00e9rgete en la imagen y busca la salida en la historia. A este punto, busca todas las pistas: las primeras son las diferencias ya encontradas, \u00a1atenci\u00f3n a los bordes del puzle! Para aquellos que necesitan ayuda extra, el paquete incluye un c\u00f3digo QR con algunas pistas.<\/p>\n","protected":false},"excerpt":{"rendered":"<p>\u00a1Gracias a Ravensburger el fen\u00f3meno \u201cEscape Room\u201d se convierte en un puzzle! Puzzles y misterio se unen para aumentar la diversi\u00f3n. Este principio se basa en una variante completamente nueva del rompecabezas: el Escape Puzzle. Una vez que se han ensamblado todas las 759 piezas del puzzle, las habilidades de imaginaci\u00f3n, intuici\u00f3n y deducci\u00f3n entran [&hellip;]<\/p>\n","protected":false},"featured_media":61295,"template":"","meta":{"_acf_changed":false},"product_brand":[],"product_cat":[2003,1653,1180],"product_tag":[],"class_list":{"0":"post-61300","1":"product","2":"type-product","3":"status-publish","4":"has-post-thumbnail","6":"product_cat-cooperative-es","7":"product_cat-boardgames","8":"product_cat-retail-products-es","10":"first","11":"outofstock","12":"sale","13":"taxable","14":"shipping-taxable","15":"purchasable","16":"product-type-simple"},"exclude_global_add_ons":[],"addons":[],"acf":[],"_links":{"self":[{"href":"https:\/\/www.customeeple.com\/es\/wp-json\/wp\/v2\/product\/61300","targetHints":{"allow":["GET"]}}],"collection":[{"href":"https:\/\/www.customeeple.com\/es\/wp-json\/wp\/v2\/product"}],"about":[{"href":"https:\/\/www.customeeple.com\/es\/wp-json\/wp\/v2\/types\/product"}],"wp:featuredmedia":[{"embeddable":true,"href":"https:\/\/www.customeeple.com\/es\/wp-json\/wp\/v2\/media\/61295"}],"wp:attachment":[{"href":"https:\/\/www.customeeple.com\/es\/wp-json\/wp\/v2\/media?parent=61300"}],"wp:term":[{"taxonomy":"product_brand","embeddable":true,"href":"https:\/\/www.customeeple.com\/es\/wp-json\/wp\/v2\/product_brand?post=61300"},{"taxonomy":"product_cat","embeddable":true,"href":"https:\/\/www.customeeple.com\/es\/wp-json\/wp\/v2\/product_cat?post=61300"},{"taxonomy":"product_tag","embeddable":true,"href":"https:\/\/www.customeeple.com\/es\/wp-json\/wp\/v2\/product_tag?post=61300"}],"curies":[{"name":"wp","href":"https:\/\/api.w.org\/{rel}","templated":true}]}}