{"id":61299,"date":"2021-12-24T17:13:13","date_gmt":"2021-12-24T16:13:13","guid":{"rendered":"https:\/\/www.customeeple.com\/product\/lisboa-deluxe\/"},"modified":"2021-12-24T17:13:13","modified_gmt":"2021-12-24T16:13:13","slug":"lisboa-deluxe","status":"publish","type":"product","link":"https:\/\/www.customeeple.com\/es\/producto\/lisboa-deluxe\/","title":{"rendered":"Lisboa (Deluxe)"},"content":{"rendered":"<p>Lisboa es un juego basado en la reconstrucci\u00f3n de Lisboa despu\u00e9s del terremoto de 1755.<\/p>\n<p>El 1 de noviembre, Lisboa sufri\u00f3 un terremoto de una magnitud estimada de 8.5-9, seguido de un tsunami y 3 d\u00edas de incendios. La mayor parte de la ciudad qued\u00f3 destruida. El marqu\u00e9s de Pombal \u2013 Sebasti\u00e3o Jos\u00e9 de Carvalho e Melo- era el ministro de asuntos exteriores y fue a qui\u00e9n el Rey puso al cargo de la reconstrucci\u00f3n de Lisboa. El marqu\u00e9s de Pombal reclut\u00f3 a un equipo de ingenieros, arquitectos y vosotros, los jugadores, que encarnan a los miembros de la nobleza. Los cuales usar\u00e1n su influencia en la reconstrucci\u00f3n y el desarrollo econ\u00f3mico de la nueva ciudad. Trabajar\u00e1s con arquitectos para reconstruir Lisboa, con Marqueses para desarrollar el comercio y con el Rey para abrir todos los edificios, pero la verdadera raz\u00f3n detr\u00e1s de todo esto no es fama o incluso fortuna, sino las \u201cpelucas\u201d.<\/p>\n<p>Lisboa se juega sobre el mapa real del centro de Lisboa. Durante la planificaci\u00f3n del proyecto del centro, el tipo de negocios permitidos en cada calle estaba predeterminado. El motor econ\u00f3mico est\u00e1 guiado por la riqueza del tesoro real y este tesoro es controlado por los jugadores mediante las acciones durante la partida, haciendo de cada partida totalmente diferente. El juego termina despu\u00e9s de un n\u00famero fijado de rondas y el que tenga la mayor cantidad de pelucas ser\u00e1 el ganador.<\/p>\n","protected":false},"excerpt":{"rendered":"<p>Lisboa es un juego basado en la reconstrucci\u00f3n de Lisboa despu\u00e9s del terremoto de 1755. El 1 de noviembre, Lisboa sufri\u00f3 un terremoto de una magnitud estimada de 8.5-9, seguido de un tsunami y 3 d\u00edas de incendios. La mayor parte de la ciudad qued\u00f3 destruida. El marqu\u00e9s de Pombal \u2013 Sebasti\u00e3o Jos\u00e9 de Carvalho [&hellip;]<\/p>\n","protected":false},"featured_media":61293,"template":"","meta":{"_acf_changed":false},"product_brand":[],"product_cat":[1653,1180],"product_tag":[],"class_list":{"0":"post-61299","1":"product","2":"type-product","3":"status-publish","4":"has-post-thumbnail","6":"product_cat-boardgames","7":"product_cat-retail-products-es","9":"first","10":"outofstock","11":"sale","12":"taxable","13":"shipping-taxable","14":"purchasable","15":"product-type-simple"},"exclude_global_add_ons":[],"addons":[],"acf":[],"_links":{"self":[{"href":"https:\/\/www.customeeple.com\/es\/wp-json\/wp\/v2\/product\/61299","targetHints":{"allow":["GET"]}}],"collection":[{"href":"https:\/\/www.customeeple.com\/es\/wp-json\/wp\/v2\/product"}],"about":[{"href":"https:\/\/www.customeeple.com\/es\/wp-json\/wp\/v2\/types\/product"}],"wp:featuredmedia":[{"embeddable":true,"href":"https:\/\/www.customeeple.com\/es\/wp-json\/wp\/v2\/media\/61293"}],"wp:attachment":[{"href":"https:\/\/www.customeeple.com\/es\/wp-json\/wp\/v2\/media?parent=61299"}],"wp:term":[{"taxonomy":"product_brand","embeddable":true,"href":"https:\/\/www.customeeple.com\/es\/wp-json\/wp\/v2\/product_brand?post=61299"},{"taxonomy":"product_cat","embeddable":true,"href":"https:\/\/www.customeeple.com\/es\/wp-json\/wp\/v2\/product_cat?post=61299"},{"taxonomy":"product_tag","embeddable":true,"href":"https:\/\/www.customeeple.com\/es\/wp-json\/wp\/v2\/product_tag?post=61299"}],"curies":[{"name":"wp","href":"https:\/\/api.w.org\/{rel}","templated":true}]}}