{"id":61284,"date":"2021-12-24T17:07:53","date_gmt":"2021-12-24T16:07:53","guid":{"rendered":"https:\/\/www.customeeple.com\/product\/la-masa-que-lo-deboraba-todo\/"},"modified":"2021-12-24T17:07:53","modified_gmt":"2021-12-24T16:07:53","slug":"la-masa-que-lo-deboraba-todo","status":"publish","type":"product","link":"https:\/\/www.customeeple.com\/es\/producto\/la-masa-que-lo-deboraba-todo\/","title":{"rendered":"La Masa que lo devoraba todo"},"content":{"rendered":"<p>Vino del espacio exterior&#8230;<\/p>\n<p>Los investigadores deben contener y destruir La masa que lo devoraba todo en este escenario especial para\u00a0<em>Arkham Horror: El juego de cartas<\/em>, dise\u00f1ado para la Gen Con 2019 y las Arkham Nights 2019. En este escenario especial, los equipos de investigadores deben descubrir la forma de derrotar a un enemigo extraterrestre con la capacidad de devorar cualquier cosa que encuentre en su camino.<\/p>\n<p>Este escenario puede jugarse como escenario independiente o como historia secundaria integrada en cualquier campa\u00f1a. Tambi\u00e9n puede jugarlo cualquier cantidad de investigadores en modo multijugador \u00e9pico.<\/p>\n<p><strong>CONTENIDO<\/strong><br \/>78 cartas y un reglamento.<\/p>\n","protected":false},"excerpt":{"rendered":"<p>Vino del espacio exterior&#8230; Los investigadores deben contener y destruir La masa que lo devoraba todo en este escenario especial para\u00a0Arkham Horror: El juego de cartas, dise\u00f1ado para la Gen Con 2019 y las Arkham Nights 2019. En este escenario especial, los equipos de investigadores deben descubrir la forma de derrotar a un enemigo extraterrestre [&hellip;]<\/p>\n","protected":false},"featured_media":61273,"template":"","meta":{"_acf_changed":false},"product_brand":[],"product_cat":[2003,1557,1653,2002,1180],"product_tag":[],"class_list":{"0":"post-61284","1":"product","2":"type-product","3":"status-publish","4":"has-post-thumbnail","6":"product_cat-cooperative-es","7":"product_cat-card-game-es","8":"product_cat-boardgames","9":"product_cat-solo-games-es","10":"product_cat-retail-products-es","12":"first","13":"outofstock","14":"sale","15":"taxable","16":"shipping-taxable","17":"purchasable","18":"product-type-simple"},"exclude_global_add_ons":[],"addons":[],"acf":[],"_links":{"self":[{"href":"https:\/\/www.customeeple.com\/es\/wp-json\/wp\/v2\/product\/61284","targetHints":{"allow":["GET"]}}],"collection":[{"href":"https:\/\/www.customeeple.com\/es\/wp-json\/wp\/v2\/product"}],"about":[{"href":"https:\/\/www.customeeple.com\/es\/wp-json\/wp\/v2\/types\/product"}],"wp:featuredmedia":[{"embeddable":true,"href":"https:\/\/www.customeeple.com\/es\/wp-json\/wp\/v2\/media\/61273"}],"wp:attachment":[{"href":"https:\/\/www.customeeple.com\/es\/wp-json\/wp\/v2\/media?parent=61284"}],"wp:term":[{"taxonomy":"product_brand","embeddable":true,"href":"https:\/\/www.customeeple.com\/es\/wp-json\/wp\/v2\/product_brand?post=61284"},{"taxonomy":"product_cat","embeddable":true,"href":"https:\/\/www.customeeple.com\/es\/wp-json\/wp\/v2\/product_cat?post=61284"},{"taxonomy":"product_tag","embeddable":true,"href":"https:\/\/www.customeeple.com\/es\/wp-json\/wp\/v2\/product_tag?post=61284"}],"curies":[{"name":"wp","href":"https:\/\/api.w.org\/{rel}","templated":true}]}}