{"id":61281,"date":"2021-12-24T17:07:26","date_gmt":"2021-12-24T16:07:26","guid":{"rendered":"https:\/\/www.customeeple.com\/product\/dobble-harry-potter-spa\/"},"modified":"2021-12-24T17:07:26","modified_gmt":"2021-12-24T16:07:26","slug":"dobble-harry-potter-spa","status":"publish","type":"product","link":"https:\/\/www.customeeple.com\/es\/producto\/dobble-harry-potter-spa\/","title":{"rendered":"Dobble Harry Potter (SPA)"},"content":{"rendered":"<p>Dobble Harry Potter es un juego en el tendr\u00e1s que descubrir qu\u00e9 personaje, objeto, bestia fant\u00e1stica o s\u00edmbolo de las historias de Hogwarts se repite entre dos cartas.<\/p>\n<p>Si nunca hab\u00e9is jugado a Dobble, coge dos cartas al azar y ponlas boca arriba sobre la mesa a la vista de todos los jugadores. Buscad el s\u00edmbolo id\u00e9ntico en las dos cartas (misma forma y mismo color, s\u00f3lo el tama\u00f1o puede variar). El primer jugador que encuentre este s\u00edmbolo, lo nombra y roba dos nuevas cartas que pondr\u00e1 sobre la mesa. Repetid esta operaci\u00f3n hasta que todos los jugadores hayan entendido que siempre hay solamente un s\u00edmbolo id\u00e9ntico entre dos cartas \u00a1Y ya est\u00e1! sencillo, \u00bfverdad?<\/p>\n<p>Pues ahora prep\u00e1rate, porque Dobble contiene varios mini-juegos, cada cual m\u00e1s divertido e hilarante, aunque el objetivo siempre es el mismo: ser el m\u00e1s r\u00e1pido, ya que todos los jugadores juegan a la vez.<\/p>\n","protected":false},"excerpt":{"rendered":"<p>Dobble Harry Potter es un juego en el tendr\u00e1s que descubrir qu\u00e9 personaje, objeto, bestia fant\u00e1stica o s\u00edmbolo de las historias de Hogwarts se repite entre dos cartas. Si nunca hab\u00e9is jugado a Dobble, coge dos cartas al azar y ponlas boca arriba sobre la mesa a la vista de todos los jugadores. Buscad el [&hellip;]<\/p>\n","protected":false},"featured_media":61267,"template":"","meta":{"_acf_changed":false},"product_brand":[],"product_cat":[1561,1564,2004,1557,1653,1180],"product_tag":[],"class_list":{"0":"post-61281","1":"product","2":"type-product","3":"status-publish","4":"has-post-thumbnail","6":"product_cat-familiar-es","7":"product_cat-childrens-es","8":"product_cat-party-game-es","9":"product_cat-card-game-es","10":"product_cat-boardgames","11":"product_cat-retail-products-es","13":"first","14":"outofstock","15":"sale","16":"taxable","17":"shipping-taxable","18":"purchasable","19":"product-type-simple"},"exclude_global_add_ons":[],"addons":[],"acf":[],"_links":{"self":[{"href":"https:\/\/www.customeeple.com\/es\/wp-json\/wp\/v2\/product\/61281","targetHints":{"allow":["GET"]}}],"collection":[{"href":"https:\/\/www.customeeple.com\/es\/wp-json\/wp\/v2\/product"}],"about":[{"href":"https:\/\/www.customeeple.com\/es\/wp-json\/wp\/v2\/types\/product"}],"wp:featuredmedia":[{"embeddable":true,"href":"https:\/\/www.customeeple.com\/es\/wp-json\/wp\/v2\/media\/61267"}],"wp:attachment":[{"href":"https:\/\/www.customeeple.com\/es\/wp-json\/wp\/v2\/media?parent=61281"}],"wp:term":[{"taxonomy":"product_brand","embeddable":true,"href":"https:\/\/www.customeeple.com\/es\/wp-json\/wp\/v2\/product_brand?post=61281"},{"taxonomy":"product_cat","embeddable":true,"href":"https:\/\/www.customeeple.com\/es\/wp-json\/wp\/v2\/product_cat?post=61281"},{"taxonomy":"product_tag","embeddable":true,"href":"https:\/\/www.customeeple.com\/es\/wp-json\/wp\/v2\/product_tag?post=61281"}],"curies":[{"name":"wp","href":"https:\/\/api.w.org\/{rel}","templated":true}]}}