{"id":61222,"date":"2021-12-18T14:24:12","date_gmt":"2021-12-18T13:24:12","guid":{"rendered":"https:\/\/www.customeeple.com\/product\/red-cathedral\/"},"modified":"2021-12-18T14:24:12","modified_gmt":"2021-12-18T13:24:12","slug":"red-cathedral","status":"publish","type":"product","link":"https:\/\/www.customeeple.com\/es\/producto\/red-cathedral\/","title":{"rendered":"Red Cathedral (ESP)"},"content":{"rendered":"<div class=\"small m-b-sm\"><strong>Descripci\u00f3n<\/strong><\/div>\n<div id=\"descripcion\">\n<p>El zar Iv\u00e1n El Terrible (no le dig\u00e1is que le llamamos as\u00ed) quiere ver resultados y nuestro equipo le demostrar\u00e1 que somos los mejores constructores de la ciudad, mejores que los otros.<\/p>\n<p>Estamos\u00a0seguros de que decoraremos de mejor manera esos arcos de la catedral con las piedras m\u00e1s preciosas y relucientes y aseguraremos nuestro lugar en la lista de trabajadores de confianza\u00a0del zar.<\/p>\n<p>\u00abThe Red Cathedral\u00bb es un juego de mesa estrat\u00e9gico con mec\u00e1nicas bastante sencillas, donde podremos contar con tres tipos de acciones: asignar y quedar con una secci\u00f3n\u00a0de la catedral; enviar recursos a esa secci\u00f3n; o ir al tablero de juego para conseguir m\u00e1s recursos.<\/p>\n<p>Se coronar\u00e1 como ganador de la partida el jugador que logre generar m\u00e1s puntos con las acciones anteriormente descritas.<\/p>\n<\/div>\n","protected":false},"excerpt":{"rendered":"<p>Descripci\u00f3n El zar Iv\u00e1n El Terrible (no le dig\u00e1is que le llamamos as\u00ed) quiere ver resultados y nuestro equipo le demostrar\u00e1 que somos los mejores constructores de la ciudad, mejores que los otros. Estamos\u00a0seguros de que decoraremos de mejor manera esos arcos de la catedral con las piedras m\u00e1s preciosas y relucientes y aseguraremos nuestro [&hellip;]<\/p>\n","protected":false},"featured_media":61219,"template":"","meta":{"_acf_changed":false},"product_brand":[],"product_cat":[2344,1653,1180],"product_tag":[],"class_list":{"0":"post-61222","1":"product","2":"type-product","3":"status-publish","4":"has-post-thumbnail","6":"product_cat-devir-es","7":"product_cat-boardgames","8":"product_cat-retail-products-es","10":"first","11":"instock","12":"sale","13":"taxable","14":"shipping-taxable","15":"purchasable","16":"product-type-simple"},"exclude_global_add_ons":[],"addons":[],"acf":[],"_links":{"self":[{"href":"https:\/\/www.customeeple.com\/es\/wp-json\/wp\/v2\/product\/61222","targetHints":{"allow":["GET"]}}],"collection":[{"href":"https:\/\/www.customeeple.com\/es\/wp-json\/wp\/v2\/product"}],"about":[{"href":"https:\/\/www.customeeple.com\/es\/wp-json\/wp\/v2\/types\/product"}],"wp:featuredmedia":[{"embeddable":true,"href":"https:\/\/www.customeeple.com\/es\/wp-json\/wp\/v2\/media\/61219"}],"wp:attachment":[{"href":"https:\/\/www.customeeple.com\/es\/wp-json\/wp\/v2\/media?parent=61222"}],"wp:term":[{"taxonomy":"product_brand","embeddable":true,"href":"https:\/\/www.customeeple.com\/es\/wp-json\/wp\/v2\/product_brand?post=61222"},{"taxonomy":"product_cat","embeddable":true,"href":"https:\/\/www.customeeple.com\/es\/wp-json\/wp\/v2\/product_cat?post=61222"},{"taxonomy":"product_tag","embeddable":true,"href":"https:\/\/www.customeeple.com\/es\/wp-json\/wp\/v2\/product_tag?post=61222"}],"curies":[{"name":"wp","href":"https:\/\/api.w.org\/{rel}","templated":true}]}}