{"id":61207,"date":"2021-12-18T12:23:26","date_gmt":"2021-12-18T11:23:26","guid":{"rendered":"https:\/\/www.customeeple.com\/product\/dice-flick\/"},"modified":"2021-12-18T12:23:26","modified_gmt":"2021-12-18T11:23:26","slug":"dice-flick","status":"publish","type":"product","link":"https:\/\/www.customeeple.com\/es\/producto\/dice-flick\/","title":{"rendered":"Dice Flick (SPA)"},"content":{"rendered":"<p>Golpea el dado.<\/p>\n<p>Intenta que caiga en uno de los huecos que m\u00e1s punt\u00faa.<\/p>\n<p>\u00a1Calcula tu puntuaci\u00f3n y prep\u00e1rate para el siguiente turno!<\/p>\n<p>As\u00ed de sencillo y a la vez emocionante es Dice Flick, un juego de mesa donde los protagonistas son veinte dados de distintos colores, una bolsa de tela y la propia caja del juego.<\/p>\n<p>\u00a1Y ya est\u00e1!<\/p>\n<div id=\"blockColorblindContent\">\n<div id=\"blockColorblindContent\">Es muy sencillo. Cuando te toque jugar, robas de la bolsa de tela hasta tener 3 dados. Eliges uno de ellos, lo colocas sobre una de las cuatro peanas que hay en los laterales de la caja y lo golpeas para tratar de que aterrice sobre los huecos que te den mayor puntuaci\u00f3n.<\/div>\n<div id=\"blockColorblindContent\">\u00a0<\/div>\n<div id=\"blockColorblindContent\">Luego, haces lo mismo con otro de tus dados. El tercer dado te lo guardas para tu siguiente turno.<\/div>\n<div id=\"blockColorblindContent\">\u00a0<\/div>\n<div id=\"blockColorblindContent\">As\u00ed de f\u00e1cil\u2026 siempre y cuando practiques lo suficiente y tengas buena punter\u00eda.<\/div>\n<div id=\"blockColorblindContent\">\u00a0<\/div>\n<div id=\"blockColorblindContent\">Ahora bien, \u00bfc\u00f3mo consigues puntos?<\/div>\n<div id=\"blockColorblindContent\">\u00a0<\/div>\n<div id=\"blockColorblindContent\">Punt\u00faas por todos los dados que formen parte de una combinaci\u00f3n v\u00e1lida. Sumas el resultado de la cara superior de cada dado y anotas el resultado en la hoja de puntaci\u00f3n.<\/div>\n<div id=\"blockColorblindContent\">\u00a0<\/div>\n<div id=\"blockColorblindContent\">Una puntuaci\u00f3n es v\u00e1lida si incluye al menos 3 dados de 1 color juntos, teniendo en cuenta que solo cuentan los dados adyacentes en horizontal o vertical. \u00a1Puedes puntuar varias combinaciones en un solo turno!<\/div>\n<div>\u00a0<\/div>\n<div>Componentes:<\/div>\n<div>\n<div>18 dados<\/div>\n<div>1 zona de juego que se engancha a la caja<\/div>\n<div>4 peanas para lanzar los dados<\/div>\n<div>1 bolsa de tela<\/div>\n<div>1 bloc de hojas y 1 l\u00e1piz<\/div>\n<div>1 hoja de pegatinas<\/div>\n<div>reglamento<\/div>\n<\/div>\n<\/div>\n","protected":false},"excerpt":{"rendered":"<p>Golpea el dado. Intenta que caiga en uno de los huecos que m\u00e1s punt\u00faa. \u00a1Calcula tu puntuaci\u00f3n y prep\u00e1rate para el siguiente turno! As\u00ed de sencillo y a la vez emocionante es Dice Flick, un juego de mesa donde los protagonistas son veinte dados de distintos colores, una bolsa de tela y la propia caja [&hellip;]<\/p>\n","protected":false},"featured_media":61198,"template":"","meta":{"_acf_changed":false},"product_brand":[],"product_cat":[1561,1562,1653,1180],"product_tag":[],"class_list":{"0":"post-61207","1":"product","2":"type-product","3":"status-publish","4":"has-post-thumbnail","6":"product_cat-familiar-es","7":"product_cat-dice-games-es","8":"product_cat-boardgames","9":"product_cat-retail-products-es","11":"first","12":"outofstock","13":"sale","14":"taxable","15":"shipping-taxable","16":"purchasable","17":"product-type-simple"},"exclude_global_add_ons":[],"addons":[],"acf":[],"_links":{"self":[{"href":"https:\/\/www.customeeple.com\/es\/wp-json\/wp\/v2\/product\/61207","targetHints":{"allow":["GET"]}}],"collection":[{"href":"https:\/\/www.customeeple.com\/es\/wp-json\/wp\/v2\/product"}],"about":[{"href":"https:\/\/www.customeeple.com\/es\/wp-json\/wp\/v2\/types\/product"}],"wp:featuredmedia":[{"embeddable":true,"href":"https:\/\/www.customeeple.com\/es\/wp-json\/wp\/v2\/media\/61198"}],"wp:attachment":[{"href":"https:\/\/www.customeeple.com\/es\/wp-json\/wp\/v2\/media?parent=61207"}],"wp:term":[{"taxonomy":"product_brand","embeddable":true,"href":"https:\/\/www.customeeple.com\/es\/wp-json\/wp\/v2\/product_brand?post=61207"},{"taxonomy":"product_cat","embeddable":true,"href":"https:\/\/www.customeeple.com\/es\/wp-json\/wp\/v2\/product_cat?post=61207"},{"taxonomy":"product_tag","embeddable":true,"href":"https:\/\/www.customeeple.com\/es\/wp-json\/wp\/v2\/product_tag?post=61207"}],"curies":[{"name":"wp","href":"https:\/\/api.w.org\/{rel}","templated":true}]}}