{"id":61187,"date":"2021-12-18T12:22:41","date_gmt":"2021-12-18T11:22:41","guid":{"rendered":"https:\/\/www.customeeple.com\/product\/railroad-ink-ed-verde-exuberante\/"},"modified":"2021-12-18T12:22:41","modified_gmt":"2021-12-18T11:22:41","slug":"railroad-ink-ed-verde-exuberante","status":"publish","type":"product","link":"https:\/\/www.customeeple.com\/es\/producto\/railroad-ink-ed-verde-exuberante\/","title":{"rendered":"Railroad Ink Ed. Verde Exuberante"},"content":{"rendered":"<p><em>Railroad Ink Challenge<\/em>\u00a0es un juego de ingenio competitivo para toda la familia. Lanza los dados y dibuja Rutas en tu tablero. Crea Redes de transporte para conectar Salidas y ganar puntos al final de la partida. \u00a1Juega con una de las dos variantes incluidas si quieres partidas m\u00e1s emocionantes!<\/p>\n<p><em>Railroad Ink Challenge<\/em>\u00a0es un juego con el que llegar\u00e1s tan lejos como te permita la tinta de tu rotulador. Coge un tablero, crea rutas y conecta tantas salidas como te sea posible para hacerte con la victoria. Tira los dados al comienzo de cada ronda para saber qu\u00e9 rutas, por carretera y ferrocarril, estar\u00e1n disponibles en vuestro pr\u00f3ximo turno. Dibuja estas rutas en tu tablero, sobre el que podr\u00e1s pintar y borrar infinidad de veces, crea m\u00e1s itinerarios de transporte y mejores que los de tus competidores con los recursos de los que dispones.<\/p>\n<p><strong>CONTENIDO<\/strong><br \/>4 dados de Ruta, 2 dados de Bosque, 2 dados de Sendero, 4 tableros, 4 rotuladores, 1 reglamento, 6 cartas de Objetivo, 3 cartas de Objetivo de la Expansi\u00f3n Bosques, 3 cartas de Objetivo de la Expansi\u00f3n Senderos.<\/p>\n","protected":false},"excerpt":{"rendered":"<p>Railroad Ink Challenge\u00a0es un juego de ingenio competitivo para toda la familia. Lanza los dados y dibuja Rutas en tu tablero. Crea Redes de transporte para conectar Salidas y ganar puntos al final de la partida. \u00a1Juega con una de las dos variantes incluidas si quieres partidas m\u00e1s emocionantes! Railroad Ink Challenge\u00a0es un juego con [&hellip;]<\/p>\n","protected":false},"featured_media":61181,"template":"","meta":{"_acf_changed":false},"product_brand":[],"product_cat":[1562,1653,1180],"product_tag":[],"class_list":{"0":"post-61187","1":"product","2":"type-product","3":"status-publish","4":"has-post-thumbnail","6":"product_cat-dice-games-es","7":"product_cat-boardgames","8":"product_cat-retail-products-es","10":"first","11":"outofstock","12":"sale","13":"taxable","14":"shipping-taxable","15":"purchasable","16":"product-type-simple"},"exclude_global_add_ons":[],"addons":[],"acf":[],"_links":{"self":[{"href":"https:\/\/www.customeeple.com\/es\/wp-json\/wp\/v2\/product\/61187","targetHints":{"allow":["GET"]}}],"collection":[{"href":"https:\/\/www.customeeple.com\/es\/wp-json\/wp\/v2\/product"}],"about":[{"href":"https:\/\/www.customeeple.com\/es\/wp-json\/wp\/v2\/types\/product"}],"wp:featuredmedia":[{"embeddable":true,"href":"https:\/\/www.customeeple.com\/es\/wp-json\/wp\/v2\/media\/61181"}],"wp:attachment":[{"href":"https:\/\/www.customeeple.com\/es\/wp-json\/wp\/v2\/media?parent=61187"}],"wp:term":[{"taxonomy":"product_brand","embeddable":true,"href":"https:\/\/www.customeeple.com\/es\/wp-json\/wp\/v2\/product_brand?post=61187"},{"taxonomy":"product_cat","embeddable":true,"href":"https:\/\/www.customeeple.com\/es\/wp-json\/wp\/v2\/product_cat?post=61187"},{"taxonomy":"product_tag","embeddable":true,"href":"https:\/\/www.customeeple.com\/es\/wp-json\/wp\/v2\/product_tag?post=61187"}],"curies":[{"name":"wp","href":"https:\/\/api.w.org\/{rel}","templated":true}]}}