{"id":61182,"date":"2021-12-18T12:12:35","date_gmt":"2021-12-18T11:12:35","guid":{"rendered":"https:\/\/www.customeeple.com\/product\/dixit-clasico\/"},"modified":"2023-12-21T16:03:07","modified_gmt":"2023-12-21T15:03:07","slug":"dixit-clasico","status":"publish","type":"product","link":"https:\/\/www.customeeple.com\/es\/producto\/dixit-clasico\/","title":{"rendered":"Dixit Cl\u00e1sico"},"content":{"rendered":"<p>Dixit es un juego de imaginaci\u00f3n creativa ilustrado con mucho amor. \u00a1Deja volar tu imaginaci\u00f3n!<\/p>\n<p><em>\u00bfC\u00f3mo se juega?<\/em><\/p>\n<ul>\n<li>Todos los jugadores act\u00faan como cuentacuentos por turnos. El cuentacuentos elige una carta de su mano y da una pista, ya sea una palabra, una frase, una canci\u00f3n&#8230;<\/li>\n<li>Los dem\u00e1s jugadores eligen la carta de su mano que mejor se ajuste a la pista. Luego, la carta del cuentacuentos se baraja con las cartas de los jugadores antes de revelar todas las cartas.<\/li>\n<li>\u00bfCu\u00e1l es la carta del cuentacuentos? Los jugadores votan en secreto y despu\u00e9s comienza la puntuaci\u00f3n.<\/li>\n<\/ul>\n<p><strong>CONTENIDO<\/strong><br \/>84 cartas, 8 diales de votaci\u00f3n, 8 conejos de madera y un tablero de puntuaci\u00f3n con espacio para 8 cartas y una ayuda de juego sobre la puntuaci\u00f3n.<\/p>\n","protected":false},"excerpt":{"rendered":"<p>Dixit es un juego de imaginaci\u00f3n creativa ilustrado con mucho amor. \u00a1Deja volar tu imaginaci\u00f3n! \u00bfC\u00f3mo se juega? Todos los jugadores act\u00faan como cuentacuentos por turnos. El cuentacuentos elige una carta de su mano y da una pista, ya sea una palabra, una frase, una canci\u00f3n&#8230; Los dem\u00e1s jugadores eligen la carta de su mano [&hellip;]<\/p>\n","protected":false},"featured_media":61160,"template":"","meta":{"_acf_changed":false},"product_brand":[],"product_cat":[1561,1557,1653,1180],"product_tag":[],"class_list":{"0":"post-61182","1":"product","2":"type-product","3":"status-publish","4":"has-post-thumbnail","6":"product_cat-familiar-es","7":"product_cat-card-game-es","8":"product_cat-boardgames","9":"product_cat-retail-products-es","11":"first","12":"instock","13":"sale","14":"taxable","15":"shipping-taxable","16":"purchasable","17":"product-type-simple"},"exclude_global_add_ons":[],"addons":[],"acf":[],"_links":{"self":[{"href":"https:\/\/www.customeeple.com\/es\/wp-json\/wp\/v2\/product\/61182","targetHints":{"allow":["GET"]}}],"collection":[{"href":"https:\/\/www.customeeple.com\/es\/wp-json\/wp\/v2\/product"}],"about":[{"href":"https:\/\/www.customeeple.com\/es\/wp-json\/wp\/v2\/types\/product"}],"wp:featuredmedia":[{"embeddable":true,"href":"https:\/\/www.customeeple.com\/es\/wp-json\/wp\/v2\/media\/61160"}],"wp:attachment":[{"href":"https:\/\/www.customeeple.com\/es\/wp-json\/wp\/v2\/media?parent=61182"}],"wp:term":[{"taxonomy":"product_brand","embeddable":true,"href":"https:\/\/www.customeeple.com\/es\/wp-json\/wp\/v2\/product_brand?post=61182"},{"taxonomy":"product_cat","embeddable":true,"href":"https:\/\/www.customeeple.com\/es\/wp-json\/wp\/v2\/product_cat?post=61182"},{"taxonomy":"product_tag","embeddable":true,"href":"https:\/\/www.customeeple.com\/es\/wp-json\/wp\/v2\/product_tag?post=61182"}],"curies":[{"name":"wp","href":"https:\/\/api.w.org\/{rel}","templated":true}]}}