{"id":61132,"date":"2021-12-15T09:39:00","date_gmt":"2021-12-15T08:39:00","guid":{"rendered":"https:\/\/www.customeeple.com\/product\/chaos-sm-dark-apostle\/"},"modified":"2024-07-13T00:00:23","modified_gmt":"2024-07-12T23:00:23","slug":"chaos-sm-dark-apostle","status":"publish","type":"product","link":"https:\/\/www.customeeple.com\/es\/producto\/chaos-sm-dark-apostle\/","title":{"rendered":"Chaos SM: Dark Apostle"},"content":{"rendered":"<p>Los Dark Apostles son los sacerdotes de los Dioses Oscuros. Igual que los Chaplains de los leales Space Marines defienden el credo de sus Cap\u00edtulos, los Dark Apostles consagran la vida a la propagaci\u00f3n del credo profano, difundiendo activamente el culto al Chaos por toda la galaxia. Sus esfuerzos tienen su recompensa: Los Dark Apostles est\u00e1n rodeados de auras daem\u00f3nicas de protecci\u00f3n que brillan y se retuercen mientras cantan sus plegarias blasfemas.<\/p>\n<p>El set de Dark Apostle es un kit de 3 miniaturas de pl\u00e1stico multicomponente. El Dark Apostle es una opci\u00f3n esencial del C.G. de un ej\u00e9rcito de Chaos Space Marines y puede acompa\u00f1arse por un par de Dark Disciples. El Dark Apostle lleva un crozius maldito y un libro daem\u00f3nico. En batalla, entona plegarias para rogar a los Dioses Oscuros por sus bendiciones profanas. Las reliquias de corrupci\u00f3n que llevan los Dark Apostles ayudan a su amo en sus oraciones a los Dioses del Chaos.<\/p>\n<p>Este kit permite montar un Dark Apostle y dos Dark Disciples. Est\u00e1n compuestos por 19 piezas de pl\u00e1stico e incluyen una peana redonda Citadel de 40 mm y dos de 25 mm.<\/p>\n","protected":false},"excerpt":{"rendered":"<p>Los Dark Apostles son los sacerdotes de los Dioses Oscuros. Igual que los Chaplains de los leales Space Marines defienden el credo de sus Cap\u00edtulos, los Dark Apostles consagran la vida a la propagaci\u00f3n del credo profano, difundiendo activamente el culto al Chaos por toda la galaxia. Sus esfuerzos tienen su recompensa: Los Dark Apostles [&hellip;]<\/p>\n","protected":false},"featured_media":61127,"template":"","meta":{"_acf_changed":false},"product_brand":[],"product_cat":[1177,1180,1623,1229],"product_tag":[],"class_list":{"0":"post-61132","1":"product","2":"type-product","3":"status-publish","4":"has-post-thumbnail","6":"product_cat-games-workshop-es","7":"product_cat-retail-products-es","8":"product_cat-wargames-es-2","9":"product_cat-warhammer-40k-es","11":"first","12":"outofstock","13":"sale","14":"taxable","15":"shipping-taxable","16":"purchasable","17":"product-type-simple"},"exclude_global_add_ons":[],"addons":[],"acf":[],"_links":{"self":[{"href":"https:\/\/www.customeeple.com\/es\/wp-json\/wp\/v2\/product\/61132","targetHints":{"allow":["GET"]}}],"collection":[{"href":"https:\/\/www.customeeple.com\/es\/wp-json\/wp\/v2\/product"}],"about":[{"href":"https:\/\/www.customeeple.com\/es\/wp-json\/wp\/v2\/types\/product"}],"wp:featuredmedia":[{"embeddable":true,"href":"https:\/\/www.customeeple.com\/es\/wp-json\/wp\/v2\/media\/61127"}],"wp:attachment":[{"href":"https:\/\/www.customeeple.com\/es\/wp-json\/wp\/v2\/media?parent=61132"}],"wp:term":[{"taxonomy":"product_brand","embeddable":true,"href":"https:\/\/www.customeeple.com\/es\/wp-json\/wp\/v2\/product_brand?post=61132"},{"taxonomy":"product_cat","embeddable":true,"href":"https:\/\/www.customeeple.com\/es\/wp-json\/wp\/v2\/product_cat?post=61132"},{"taxonomy":"product_tag","embeddable":true,"href":"https:\/\/www.customeeple.com\/es\/wp-json\/wp\/v2\/product_tag?post=61132"}],"curies":[{"name":"wp","href":"https:\/\/api.w.org\/{rel}","templated":true}]}}