{"id":61087,"date":"2021-12-04T18:40:58","date_gmt":"2021-12-04T17:40:58","guid":{"rendered":"https:\/\/www.customeeple.com\/product\/hero-realms-sobre-linaje\/"},"modified":"2021-12-04T18:40:58","modified_gmt":"2021-12-04T17:40:58","slug":"hero-realms-sobre-linaje","status":"publish","type":"product","link":"https:\/\/www.customeeple.com\/es\/producto\/hero-realms-sobre-linaje\/","title":{"rendered":"Hero Realms: Sobre Linaje"},"content":{"rendered":"<p>\u00a15 nuevas razas en tu poder!<\/p>\n<p>La expansi\u00f3n Linaje de Hero Realms pone en tus manos 20 cartas in\u00e9ditas que multiplican las posibles combinaciones del juego base.<\/p>\n<p>Ponte en la piel de un enano, un hobbit, un orco, un ogro, o un elfo y equ\u00edpalos con poderosos objetos, armas \u00fanicas y nuevas habilidades.<\/p>\n<p>Tu mazo subir\u00e1 de nivel con este nuevo pack de cartas, que ampl\u00eda las fronteras del mundo de fantas\u00eda de Hero Realms.<\/p>\n","protected":false},"excerpt":{"rendered":"<p>\u00a15 nuevas razas en tu poder! La expansi\u00f3n Linaje de Hero Realms pone en tus manos 20 cartas in\u00e9ditas que multiplican las posibles combinaciones del juego base. Ponte en la piel de un enano, un hobbit, un orco, un ogro, o un elfo y equ\u00edpalos con poderosos objetos, armas \u00fanicas y nuevas habilidades. Tu mazo [&hellip;]<\/p>\n","protected":false},"featured_media":61072,"template":"","meta":{"_acf_changed":false},"product_brand":[],"product_cat":[2344,1557,1653,1180],"product_tag":[],"class_list":{"0":"post-61087","1":"product","2":"type-product","3":"status-publish","4":"has-post-thumbnail","6":"product_cat-devir-es","7":"product_cat-card-game-es","8":"product_cat-boardgames","9":"product_cat-retail-products-es","11":"first","12":"instock","13":"sale","14":"taxable","15":"shipping-taxable","16":"purchasable","17":"product-type-simple"},"exclude_global_add_ons":[],"addons":[],"acf":[],"_links":{"self":[{"href":"https:\/\/www.customeeple.com\/es\/wp-json\/wp\/v2\/product\/61087","targetHints":{"allow":["GET"]}}],"collection":[{"href":"https:\/\/www.customeeple.com\/es\/wp-json\/wp\/v2\/product"}],"about":[{"href":"https:\/\/www.customeeple.com\/es\/wp-json\/wp\/v2\/types\/product"}],"wp:featuredmedia":[{"embeddable":true,"href":"https:\/\/www.customeeple.com\/es\/wp-json\/wp\/v2\/media\/61072"}],"wp:attachment":[{"href":"https:\/\/www.customeeple.com\/es\/wp-json\/wp\/v2\/media?parent=61087"}],"wp:term":[{"taxonomy":"product_brand","embeddable":true,"href":"https:\/\/www.customeeple.com\/es\/wp-json\/wp\/v2\/product_brand?post=61087"},{"taxonomy":"product_cat","embeddable":true,"href":"https:\/\/www.customeeple.com\/es\/wp-json\/wp\/v2\/product_cat?post=61087"},{"taxonomy":"product_tag","embeddable":true,"href":"https:\/\/www.customeeple.com\/es\/wp-json\/wp\/v2\/product_tag?post=61087"}],"curies":[{"name":"wp","href":"https:\/\/api.w.org\/{rel}","templated":true}]}}