{"id":61085,"date":"2021-12-07T13:18:17","date_gmt":"2021-12-07T12:18:17","guid":{"rendered":"https:\/\/www.customeeple.com\/product\/cronicas-del-crimen-1900\/"},"modified":"2021-12-07T13:18:17","modified_gmt":"2021-12-07T12:18:17","slug":"cronicas-del-crimen-1900","status":"publish","type":"product","link":"https:\/\/www.customeeple.com\/es\/producto\/cronicas-del-crimen-1900\/","title":{"rendered":"Cr\u00f3nicas del crimen 1900"},"content":{"rendered":"<p>Eres Victor Lavel, un joven y ambicioso periodista. Es 1900, en plena Belle \u00c9poque, con Par\u00eds floreciendo. Hay muchas historias interesantes que cubrir pero lo que m\u00e1s te atrae es investigar asesinatos, secuestros y robos. \u00bfPodr\u00e1 tu ingenio hacer que seas el primero en dar con el autor de los hechos?<br \/>Cr\u00f3nicas del Crimen es un juego cooperativo de investigaci\u00f3n criminal. El uso de la tecnolog\u00eda Escanea &amp; Juega mezcla los juegos digitales con los de tablero, permitiendo multitud de historias sobre investigaci\u00f3n criminal usando los mismos componentes. Cr\u00f3nicas del Crimen 1900 es la segunda entrega de la Saga Millenium.<\/p>\n<p><b>Fabricante:\u00a0<\/b>LUCKY DUCK GAMES Sp.z.o.o<br \/><b>N\u00ba de jugadores:\u00a0<\/b>1-4<br \/><b>Duraci\u00f3n:\u00a0<\/b>60-90<br \/><b>Edad m\u00ednima:\u00a0<\/b>14+<br \/><b>Idioma:\u00a0<\/b>Espa\u00f1ol<\/p>\n","protected":false},"excerpt":{"rendered":"<p>Eres Victor Lavel, un joven y ambicioso periodista. Es 1900, en plena Belle \u00c9poque, con Par\u00eds floreciendo. Hay muchas historias interesantes que cubrir pero lo que m\u00e1s te atrae es investigar asesinatos, secuestros y robos. \u00bfPodr\u00e1 tu ingenio hacer que seas el primero en dar con el autor de los hechos?Cr\u00f3nicas del Crimen es un [&hellip;]<\/p>\n","protected":false},"featured_media":61078,"template":"","meta":{"_acf_changed":false},"product_brand":[],"product_cat":[2003,1653,2002,1180],"product_tag":[],"class_list":{"0":"post-61085","1":"product","2":"type-product","3":"status-publish","4":"has-post-thumbnail","6":"product_cat-cooperative-es","7":"product_cat-boardgames","8":"product_cat-solo-games-es","9":"product_cat-retail-products-es","11":"first","12":"outofstock","13":"sale","14":"taxable","15":"shipping-taxable","16":"purchasable","17":"product-type-simple"},"exclude_global_add_ons":[],"addons":[],"acf":[],"_links":{"self":[{"href":"https:\/\/www.customeeple.com\/es\/wp-json\/wp\/v2\/product\/61085","targetHints":{"allow":["GET"]}}],"collection":[{"href":"https:\/\/www.customeeple.com\/es\/wp-json\/wp\/v2\/product"}],"about":[{"href":"https:\/\/www.customeeple.com\/es\/wp-json\/wp\/v2\/types\/product"}],"wp:featuredmedia":[{"embeddable":true,"href":"https:\/\/www.customeeple.com\/es\/wp-json\/wp\/v2\/media\/61078"}],"wp:attachment":[{"href":"https:\/\/www.customeeple.com\/es\/wp-json\/wp\/v2\/media?parent=61085"}],"wp:term":[{"taxonomy":"product_brand","embeddable":true,"href":"https:\/\/www.customeeple.com\/es\/wp-json\/wp\/v2\/product_brand?post=61085"},{"taxonomy":"product_cat","embeddable":true,"href":"https:\/\/www.customeeple.com\/es\/wp-json\/wp\/v2\/product_cat?post=61085"},{"taxonomy":"product_tag","embeddable":true,"href":"https:\/\/www.customeeple.com\/es\/wp-json\/wp\/v2\/product_tag?post=61085"}],"curies":[{"name":"wp","href":"https:\/\/api.w.org\/{rel}","templated":true}]}}