{"id":61068,"date":"2021-12-04T18:37:24","date_gmt":"2021-12-04T17:37:24","guid":{"rendered":"https:\/\/www.customeeple.com\/product\/mazescape-labyrinthos\/"},"modified":"2021-12-04T18:37:24","modified_gmt":"2021-12-04T17:37:24","slug":"mazescape-labyrinthos","status":"publish","type":"product","link":"https:\/\/www.customeeple.com\/es\/producto\/mazescape-labyrinthos\/","title":{"rendered":"Mazescape Lab\u00fdrinthos (SPA)"},"content":{"rendered":"<p>Mazescape es un puzzle que te transporta a un mundo misterioso, solitario e intrincado, lleno de caminos que cambian constantemente. A medida que abras y cierres las secciones que lo constituyen, descubrir\u00e1s diferentes rutas que pueden llevarte a la locura&#8230; o a encontrar el Tri\u00e1ngulo Imposible, que te transportar\u00e1 nuevamente al mundo real. O si quieres, a otro Mazescape.<\/p>\n<p>Mazescape es un juego para un solo jugador con un planteamiento totalmente original. Cada caja de Mazescape (Lab\u00fdrinthos y Ariadne) se presenta con siete retos \u00fanicos cada una. Los jugadores deber\u00e1n abrir y cerrar las p\u00e1ginas del mapa en busca de la salida del laberinto, sin levantar nunca el puntero de la mesa. Un desaf\u00edo \u00fanico para mentes despiertas<\/p>\n","protected":false},"excerpt":{"rendered":"<p>Mazescape es un puzzle que te transporta a un mundo misterioso, solitario e intrincado, lleno de caminos que cambian constantemente. A medida que abras y cierres las secciones que lo constituyen, descubrir\u00e1s diferentes rutas que pueden llevarte a la locura&#8230; o a encontrar el Tri\u00e1ngulo Imposible, que te transportar\u00e1 nuevamente al mundo real. O si [&hellip;]<\/p>\n","protected":false},"featured_media":61060,"template":"","meta":{"_acf_changed":false},"product_brand":[],"product_cat":[2003,1653,2002,1180],"product_tag":[],"class_list":{"0":"post-61068","1":"product","2":"type-product","3":"status-publish","4":"has-post-thumbnail","6":"product_cat-cooperative-es","7":"product_cat-boardgames","8":"product_cat-solo-games-es","9":"product_cat-retail-products-es","11":"first","12":"outofstock","13":"sale","14":"taxable","15":"shipping-taxable","16":"purchasable","17":"product-type-simple"},"exclude_global_add_ons":[],"addons":[],"acf":[],"_links":{"self":[{"href":"https:\/\/www.customeeple.com\/es\/wp-json\/wp\/v2\/product\/61068","targetHints":{"allow":["GET"]}}],"collection":[{"href":"https:\/\/www.customeeple.com\/es\/wp-json\/wp\/v2\/product"}],"about":[{"href":"https:\/\/www.customeeple.com\/es\/wp-json\/wp\/v2\/types\/product"}],"wp:featuredmedia":[{"embeddable":true,"href":"https:\/\/www.customeeple.com\/es\/wp-json\/wp\/v2\/media\/61060"}],"wp:attachment":[{"href":"https:\/\/www.customeeple.com\/es\/wp-json\/wp\/v2\/media?parent=61068"}],"wp:term":[{"taxonomy":"product_brand","embeddable":true,"href":"https:\/\/www.customeeple.com\/es\/wp-json\/wp\/v2\/product_brand?post=61068"},{"taxonomy":"product_cat","embeddable":true,"href":"https:\/\/www.customeeple.com\/es\/wp-json\/wp\/v2\/product_cat?post=61068"},{"taxonomy":"product_tag","embeddable":true,"href":"https:\/\/www.customeeple.com\/es\/wp-json\/wp\/v2\/product_tag?post=61068"}],"curies":[{"name":"wp","href":"https:\/\/api.w.org\/{rel}","templated":true}]}}