{"id":61064,"date":"2021-12-04T18:39:19","date_gmt":"2021-12-04T17:39:19","guid":{"rendered":"https:\/\/www.customeeple.com\/product\/1923-cotton-club\/"},"modified":"2021-12-04T18:39:19","modified_gmt":"2021-12-04T17:39:19","slug":"1923-cotton-club","status":"publish","type":"product","link":"https:\/\/www.customeeple.com\/es\/producto\/1923-cotton-club\/","title":{"rendered":"1923: Cotton Club (SPA)"},"content":{"rendered":"<p>En 1923, el contrabandista Owney Madden adquiri\u00f3 un local en Harlem, Nueva York, y lo bautiz\u00f3 como \u201cCotton Club\u201d. Su idea era utilizarlo como tapadera para vender alcohol durante la Ley Seca, pero el local creci\u00f3 en popularidad y artistas tan talentosos como Duke Ellington, Louis Armstrong, Ethel Waters o Cab Calloway lo convirtieron en la meca del jazz.<\/p>\n<p>En 1923 Cotton Club te pondr\u00e1s al frente de un local durante la compleja \u00e9poca de la Ley Seca. Deber\u00e1s buscar socios entre la gente del mundo criminal para conseguir alcohol de contrabando e invertir dinero para contratar artistas y mejorar tu local. Todo con el fin de atraer a las celebridades m\u00e1s importantes e influyentes de la \u00e9poca.<\/p>\n","protected":false},"excerpt":{"rendered":"<p>En 1923, el contrabandista Owney Madden adquiri\u00f3 un local en Harlem, Nueva York, y lo bautiz\u00f3 como \u201cCotton Club\u201d. Su idea era utilizarlo como tapadera para vender alcohol durante la Ley Seca, pero el local creci\u00f3 en popularidad y artistas tan talentosos como Duke Ellington, Louis Armstrong, Ethel Waters o Cab Calloway lo convirtieron en [&hellip;]<\/p>\n","protected":false},"featured_media":61062,"template":"","meta":{"_acf_changed":false},"product_brand":[],"product_cat":[1653,1180],"product_tag":[],"class_list":{"0":"post-61064","1":"product","2":"type-product","3":"status-publish","4":"has-post-thumbnail","6":"product_cat-boardgames","7":"product_cat-retail-products-es","9":"first","10":"onbackorder","11":"sale","12":"taxable","13":"shipping-taxable","14":"purchasable","15":"product-type-simple"},"exclude_global_add_ons":[],"addons":[],"acf":[],"_links":{"self":[{"href":"https:\/\/www.customeeple.com\/es\/wp-json\/wp\/v2\/product\/61064","targetHints":{"allow":["GET"]}}],"collection":[{"href":"https:\/\/www.customeeple.com\/es\/wp-json\/wp\/v2\/product"}],"about":[{"href":"https:\/\/www.customeeple.com\/es\/wp-json\/wp\/v2\/types\/product"}],"wp:featuredmedia":[{"embeddable":true,"href":"https:\/\/www.customeeple.com\/es\/wp-json\/wp\/v2\/media\/61062"}],"wp:attachment":[{"href":"https:\/\/www.customeeple.com\/es\/wp-json\/wp\/v2\/media?parent=61064"}],"wp:term":[{"taxonomy":"product_brand","embeddable":true,"href":"https:\/\/www.customeeple.com\/es\/wp-json\/wp\/v2\/product_brand?post=61064"},{"taxonomy":"product_cat","embeddable":true,"href":"https:\/\/www.customeeple.com\/es\/wp-json\/wp\/v2\/product_cat?post=61064"},{"taxonomy":"product_tag","embeddable":true,"href":"https:\/\/www.customeeple.com\/es\/wp-json\/wp\/v2\/product_tag?post=61064"}],"curies":[{"name":"wp","href":"https:\/\/api.w.org\/{rel}","templated":true}]}}