{"id":61020,"date":"2021-12-04T18:36:42","date_gmt":"2021-12-04T17:36:42","guid":{"rendered":"https:\/\/www.customeeple.com\/product\/adepta-sororitas-retributor-squad\/"},"modified":"2024-07-13T00:00:12","modified_gmt":"2024-07-12T23:00:12","slug":"adepta-sororitas-retributor-squad","status":"publish","type":"product","link":"https:\/\/www.customeeple.com\/es\/producto\/adepta-sororitas-retributor-squad\/","title":{"rendered":"Adepta Sororitas: Retributor Squad"},"content":{"rendered":"<p>Entre la mayor\u00eda de las \u00d3rdenes Militantes se necesitan muchos a\u00f1os para avanzar a las respetadas filas de las escuadras de Retributors. Las hermanas que componen estas bandas se encuentran entre las m\u00e1s equilibradas, imperturbables y decididamente sanguinarias. Salen tambi\u00e9n de las mejores francotiradoras de cada Orden. Y menos mal, porque en las Retributors recae la gran responsabilidad de dar apoyo de fuego a las hermanas que avanzan. Para cumplir mejor este papel, cada escuadra de Retributors va armada con una bater\u00eda de b\u00f3lteres pesados, multi-fusi\u00f3n y lanzallamas pesados \u200b\u200bque ponen su potencia de fuego a la altura de la propia de un blindado. Combinada con el ojo cl\u00ednico de las hermanas para la priorizaci\u00f3n de blancos, identificando puntos d\u00e9biles enemigos y optimizando soluciones de tiro, este devastador armamento convierte a toda escuadra de Retributors en un activo del campo de batalla de potencia sobrecogedora.<\/p>\n<p>Con este kit podr\u00e1s montar una escuadra de 5 Retributors y dos Armorium Cherubs. Puedes montar las Retributors con las armas que elijas, incluido un b\u00f3lter pesado y\/o lanzallamas pesado o multi-fusi\u00f3n (el producto incluye dos de cada), mientras que puedes armar a la Retributor Superior con una variedad de armas a distancia y combate.<\/p>\n<p>Este producto consta de 115 piezas de pl\u00e1stico e incluye 5 peanas redondas Citadel de 32 mm y 2 peanas redondas Citadel de 25 mm. Asimismo incluye una hoja de calcoman\u00edas de Adepta Sororitas.<\/p>\n","protected":false},"excerpt":{"rendered":"<p>Entre la mayor\u00eda de las \u00d3rdenes Militantes se necesitan muchos a\u00f1os para avanzar a las respetadas filas de las escuadras de Retributors. Las hermanas que componen estas bandas se encuentran entre las m\u00e1s equilibradas, imperturbables y decididamente sanguinarias. Salen tambi\u00e9n de las mejores francotiradoras de cada Orden. Y menos mal, porque en las Retributors recae [&hellip;]<\/p>\n","protected":false},"featured_media":61019,"template":"","meta":{"_acf_changed":false},"product_brand":[],"product_cat":[1177,1180,1623,1229],"product_tag":[],"class_list":{"0":"post-61020","1":"product","2":"type-product","3":"status-publish","4":"has-post-thumbnail","6":"product_cat-games-workshop-es","7":"product_cat-retail-products-es","8":"product_cat-wargames-es-2","9":"product_cat-warhammer-40k-es","11":"first","12":"onbackorder","13":"sale","14":"taxable","15":"shipping-taxable","16":"purchasable","17":"product-type-simple"},"exclude_global_add_ons":[],"addons":[],"acf":[],"_links":{"self":[{"href":"https:\/\/www.customeeple.com\/es\/wp-json\/wp\/v2\/product\/61020","targetHints":{"allow":["GET"]}}],"collection":[{"href":"https:\/\/www.customeeple.com\/es\/wp-json\/wp\/v2\/product"}],"about":[{"href":"https:\/\/www.customeeple.com\/es\/wp-json\/wp\/v2\/types\/product"}],"wp:featuredmedia":[{"embeddable":true,"href":"https:\/\/www.customeeple.com\/es\/wp-json\/wp\/v2\/media\/61019"}],"wp:attachment":[{"href":"https:\/\/www.customeeple.com\/es\/wp-json\/wp\/v2\/media?parent=61020"}],"wp:term":[{"taxonomy":"product_brand","embeddable":true,"href":"https:\/\/www.customeeple.com\/es\/wp-json\/wp\/v2\/product_brand?post=61020"},{"taxonomy":"product_cat","embeddable":true,"href":"https:\/\/www.customeeple.com\/es\/wp-json\/wp\/v2\/product_cat?post=61020"},{"taxonomy":"product_tag","embeddable":true,"href":"https:\/\/www.customeeple.com\/es\/wp-json\/wp\/v2\/product_tag?post=61020"}],"curies":[{"name":"wp","href":"https:\/\/api.w.org\/{rel}","templated":true}]}}