{"id":60980,"date":"2021-12-03T10:41:34","date_gmt":"2021-12-03T09:41:34","guid":{"rendered":"https:\/\/www.customeeple.com\/product\/caravana-al-oeste\/"},"modified":"2021-12-03T10:41:34","modified_gmt":"2021-12-03T09:41:34","slug":"caravana-al-oeste","status":"publish","type":"product","link":"https:\/\/www.customeeple.com\/es\/producto\/caravana-al-oeste\/","title":{"rendered":"Caravana al oeste"},"content":{"rendered":"<p>Hazte con tus territorios en el Salvaje Oeste.<\/p>\n<p>Caravana al Oeste es un juego para dos jugadores d\u00f3nde los jugadores tendr\u00e1n que construir su propio pueblo con cartas, tratando de obtener la mayor puntuaci\u00f3n en base a tres condiciones de puntuaci\u00f3n que salen al azar<br \/>y a la uni\u00f3n de territorios del mismo tipo que est\u00e9n adyacentes entre si.<\/p>\n<p>Caravana al Oeste se compone de 18 cartas, que por un lado muestran tipos distintos de territorios e iconos y por el otro lado tiene una condici\u00f3n de puntuaci\u00f3n diferente lo que le confiere al juego una rejugabilidad y variedad impresionante.<\/p>\n","protected":false},"excerpt":{"rendered":"<p>Hazte con tus territorios en el Salvaje Oeste. Caravana al Oeste es un juego para dos jugadores d\u00f3nde los jugadores tendr\u00e1n que construir su propio pueblo con cartas, tratando de obtener la mayor puntuaci\u00f3n en base a tres condiciones de puntuaci\u00f3n que salen al azary a la uni\u00f3n de territorios del mismo tipo que est\u00e9n [&hellip;]<\/p>\n","protected":false},"featured_media":60973,"template":"","meta":{"_acf_changed":false},"product_brand":[],"product_cat":[1557,1653,1180],"product_tag":[],"class_list":{"0":"post-60980","1":"product","2":"type-product","3":"status-publish","4":"has-post-thumbnail","6":"product_cat-card-game-es","7":"product_cat-boardgames","8":"product_cat-retail-products-es","10":"first","11":"instock","12":"sale","13":"taxable","14":"shipping-taxable","15":"purchasable","16":"product-type-simple"},"exclude_global_add_ons":[],"addons":[],"acf":[],"_links":{"self":[{"href":"https:\/\/www.customeeple.com\/es\/wp-json\/wp\/v2\/product\/60980","targetHints":{"allow":["GET"]}}],"collection":[{"href":"https:\/\/www.customeeple.com\/es\/wp-json\/wp\/v2\/product"}],"about":[{"href":"https:\/\/www.customeeple.com\/es\/wp-json\/wp\/v2\/types\/product"}],"wp:featuredmedia":[{"embeddable":true,"href":"https:\/\/www.customeeple.com\/es\/wp-json\/wp\/v2\/media\/60973"}],"wp:attachment":[{"href":"https:\/\/www.customeeple.com\/es\/wp-json\/wp\/v2\/media?parent=60980"}],"wp:term":[{"taxonomy":"product_brand","embeddable":true,"href":"https:\/\/www.customeeple.com\/es\/wp-json\/wp\/v2\/product_brand?post=60980"},{"taxonomy":"product_cat","embeddable":true,"href":"https:\/\/www.customeeple.com\/es\/wp-json\/wp\/v2\/product_cat?post=60980"},{"taxonomy":"product_tag","embeddable":true,"href":"https:\/\/www.customeeple.com\/es\/wp-json\/wp\/v2\/product_tag?post=60980"}],"curies":[{"name":"wp","href":"https:\/\/api.w.org\/{rel}","templated":true}]}}