{"id":60944,"date":"2021-11-30T11:31:18","date_gmt":"2021-11-30T10:31:19","guid":{"rendered":"https:\/\/www.customeeple.com\/?post_type=product&#038;p=60944"},"modified":"2021-11-30T11:46:04","modified_gmt":"2021-11-30T10:46:04","slug":"inserto-compatible-codex-naturalis","status":"publish","type":"product","link":"https:\/\/www.customeeple.com\/es\/producto\/inserto-compatible-codex-naturalis\/","title":{"rendered":"Inserto Codex Naturalis"},"content":{"rendered":"<p>Nuestro inserto para el juego de mesa <strong><a href=\"https:\/\/boardgamegeek.com\/boardgame\/314503\/codex-naturalis\">Codex Naturalis<\/a><\/strong><a href=\"https:\/\/boardgamegeek.com\/boardgame\/199966\/kingsburg-second-edition\"><strong>\u00a0<\/strong><\/a>te ayudar\u00e1 a mantener todos los componentes del juego organizados y perfectamente almacenado adem\u00e1s de acelerar el inicio de las partidas.<\/p>\n<p>El inserto incluye cajas para los diferentes componentes<\/p>\n<p>\u00bfEst\u00e1s cansado del aire de las cajas de juego? juegos que vienen con insertos molestos en lugar de uno pr\u00e1ctico ?. \u00a1Esta es tu soluci\u00f3n! compre su propio inserto que puede personalizar usted mismo. Nunca m\u00e1s las piezas retumbar\u00e1n por la caja o tambi\u00e9n podr\u00e1s mantener organizadas todas tus cartas de un juego de cartas.<\/p>\n<p>El inserto necesita ser pegado con cola blanca de carpintero.<\/p>\n<p>Este es un inserto de juego dise\u00f1ado para caber dentro de la caja de la segunda edici\u00f3n de <strong><a href=\"https:\/\/boardgamegeek.com\/boardgame\/314503\/codex-naturalis\">Codex Naturalis<\/a><\/strong><a href=\"https:\/\/boardgamegeek.com\/boardgame\/199966\/kingsburg-second-edition\"><strong>\u00a0<\/strong><\/a>para que pueda tener en orden todas las piezas que vienen con el juego.<\/p>\n<div class=\"moreinfo\"><strong>Material: <\/strong>DM<\/div>\n<div class=\"moreinfo\"><strong>Espesor:<\/strong> 2,5 mm<br \/>\n<strong>Tama\u00f1o:<\/strong> 28,5 x\u00a0 28,5 x 6,7 cm<\/div>\n<div class=\"moreinfo\">\n<p dir=\"ltr\"><span class=\"JLqJ4b ChMk0b\" data-language-for-alternatives=\"es\" data-language-to-translate-into=\"fr\" data-phrase-index=\"0\"><strong>Nota:<\/strong> este producto se vende sin montar ni pintar.<\/span> <span class=\"JLqJ4b ChMk0b\" data-language-for-alternatives=\"es\" data-language-to-translate-into=\"fr\" data-phrase-index=\"1\">Necesitar\u00e1s pegamento para montarlo.<\/span><\/p>\n<p><strong><a href=\"https:\/\/boardgamegeek.com\/boardgame\/314503\/codex-naturalis\">Codex Naturalis<\/a> <\/strong>es un juego de <a class=\"ng-binding\" title=\"Thomas Dupont\" href=\"https:\/\/boardgamegeek.com\/boardgamedesigner\/120680\/thomas-dupont\">Thomas Dupont<\/a> publicado por <a class=\"ng-binding\" title=\"Thomas Dupont\" href=\"https:\/\/boardgamegeek.com\/boardgamedesigner\/120680\/thomas-dupont\">Thomas Dupont<\/a>. <strong>Customeeple<\/strong>\u00a0no mantiene ninguna relaci\u00f3n con esta compa\u00f1\u00eda y este producto no esta apoyado por ellos de ninguna forma.<\/p>\n<\/div>\n","protected":false},"excerpt":{"rendered":"<p>Un resistente inserto pensado para cajas de <a href=\"https:\/\/boardgamegeek.com\/boardgame\/199966\/kingsburg-second-edition\"><strong>Kingsburg\u00a0<\/strong><\/a><\/p>\n","protected":false},"featured_media":60946,"template":"","meta":{"_acf_changed":false},"product_brand":[],"product_cat":[1370,1395],"product_tag":[332,1455],"class_list":{"0":"post-60944","1":"product","2":"type-product","3":"status-publish","4":"has-post-thumbnail","6":"product_cat-customeeple-es","7":"product_cat-insertos","8":"product_tag-insert-es","9":"product_tag-lgc-es","11":"first","12":"instock","13":"taxable","14":"shipping-taxable","15":"purchasable","16":"product-type-simple"},"exclude_global_add_ons":[],"addons":[],"acf":[],"_links":{"self":[{"href":"https:\/\/www.customeeple.com\/es\/wp-json\/wp\/v2\/product\/60944","targetHints":{"allow":["GET"]}}],"collection":[{"href":"https:\/\/www.customeeple.com\/es\/wp-json\/wp\/v2\/product"}],"about":[{"href":"https:\/\/www.customeeple.com\/es\/wp-json\/wp\/v2\/types\/product"}],"wp:featuredmedia":[{"embeddable":true,"href":"https:\/\/www.customeeple.com\/es\/wp-json\/wp\/v2\/media\/60946"}],"wp:attachment":[{"href":"https:\/\/www.customeeple.com\/es\/wp-json\/wp\/v2\/media?parent=60944"}],"wp:term":[{"taxonomy":"product_brand","embeddable":true,"href":"https:\/\/www.customeeple.com\/es\/wp-json\/wp\/v2\/product_brand?post=60944"},{"taxonomy":"product_cat","embeddable":true,"href":"https:\/\/www.customeeple.com\/es\/wp-json\/wp\/v2\/product_cat?post=60944"},{"taxonomy":"product_tag","embeddable":true,"href":"https:\/\/www.customeeple.com\/es\/wp-json\/wp\/v2\/product_tag?post=60944"}],"curies":[{"name":"wp","href":"https:\/\/api.w.org\/{rel}","templated":true}]}}