{"id":60782,"date":"2021-11-24T14:11:54","date_gmt":"2021-11-24T13:11:54","guid":{"rendered":"https:\/\/www.customeeple.com\/product\/el-rebano\/"},"modified":"2021-11-24T14:11:54","modified_gmt":"2021-11-24T13:11:54","slug":"el-rebano","status":"publish","type":"product","link":"https:\/\/www.customeeple.com\/es\/producto\/el-rebano\/","title":{"rendered":"El reba\u00f1o"},"content":{"rendered":"<p id=\"u1100754-2\">\u00bfOs hab\u00e9is sentido alguna vez como una oveja? Son inquietas, est\u00e1n hambrientas y son asustadizas, sobre todo cuando viene el lobo. Menos mal que el perro y el pastor est\u00e1n con ellas\u2026<\/p>\n<p id=\"u1100754-5\">Estad muy atentos a vuestras ovejas para seguir la actividad del redil e ir descartando cartas. El primero que se quede sin cartas, gana. Demostrad que la que vale, \u00a1bala!<\/p>\n","protected":false},"excerpt":{"rendered":"<p>\u00bfOs hab\u00e9is sentido alguna vez como una oveja? Son inquietas, est\u00e1n hambrientas y son asustadizas, sobre todo cuando viene el lobo. Menos mal que el perro y el pastor est\u00e1n con ellas\u2026 Estad muy atentos a vuestras ovejas para seguir la actividad del redil e ir descartando cartas. El primero que se quede sin cartas, [&hellip;]<\/p>\n","protected":false},"featured_media":60775,"template":"","meta":{"_acf_changed":false},"product_brand":[],"product_cat":[1564,1653,1180],"product_tag":[],"class_list":{"0":"post-60782","1":"product","2":"type-product","3":"status-publish","4":"has-post-thumbnail","6":"product_cat-childrens-es","7":"product_cat-boardgames","8":"product_cat-retail-products-es","10":"first","11":"instock","12":"sale","13":"taxable","14":"shipping-taxable","15":"purchasable","16":"product-type-simple"},"exclude_global_add_ons":[],"addons":[],"acf":[],"_links":{"self":[{"href":"https:\/\/www.customeeple.com\/es\/wp-json\/wp\/v2\/product\/60782","targetHints":{"allow":["GET"]}}],"collection":[{"href":"https:\/\/www.customeeple.com\/es\/wp-json\/wp\/v2\/product"}],"about":[{"href":"https:\/\/www.customeeple.com\/es\/wp-json\/wp\/v2\/types\/product"}],"wp:featuredmedia":[{"embeddable":true,"href":"https:\/\/www.customeeple.com\/es\/wp-json\/wp\/v2\/media\/60775"}],"wp:attachment":[{"href":"https:\/\/www.customeeple.com\/es\/wp-json\/wp\/v2\/media?parent=60782"}],"wp:term":[{"taxonomy":"product_brand","embeddable":true,"href":"https:\/\/www.customeeple.com\/es\/wp-json\/wp\/v2\/product_brand?post=60782"},{"taxonomy":"product_cat","embeddable":true,"href":"https:\/\/www.customeeple.com\/es\/wp-json\/wp\/v2\/product_cat?post=60782"},{"taxonomy":"product_tag","embeddable":true,"href":"https:\/\/www.customeeple.com\/es\/wp-json\/wp\/v2\/product_tag?post=60782"}],"curies":[{"name":"wp","href":"https:\/\/api.w.org\/{rel}","templated":true}]}}