{"id":60781,"date":"2021-11-24T14:12:01","date_gmt":"2021-11-24T13:12:01","guid":{"rendered":"https:\/\/www.customeeple.com\/product\/dino-bones\/"},"modified":"2021-11-24T14:12:01","modified_gmt":"2021-11-24T13:12:01","slug":"dino-bones","status":"publish","type":"product","link":"https:\/\/www.customeeple.com\/es\/producto\/dino-bones\/","title":{"rendered":"Dino Bones (SPA)"},"content":{"rendered":"<p id=\"u1300093-2\">\u00a1Esta es la excavaci\u00f3n de f\u00f3siles de dinosaurios m\u00e1s divertida de la historia!<\/p>\n<p id=\"u1300093-5\">Se ha descubierto un enorme yacimiento con huesos gigantescos. Expertos paleont\u00f3logos de todo el mundo se han reunido para su excavaci\u00f3n. Convert\u00edos en uno de ellos encontrando y restaurando f\u00f3siles.<\/p>\n<p id=\"u1300093-8\">Pero, \u00a1cuidado!, si excav\u00e1is demasiado r\u00e1pido o \u00aba lo loco\u00bb, la excavaci\u00f3n de f\u00f3siles&#8230;\u00a0 \u00a1podr\u00eda derrumbarse!<\/p>\n","protected":false},"excerpt":{"rendered":"<p>\u00a1Esta es la excavaci\u00f3n de f\u00f3siles de dinosaurios m\u00e1s divertida de la historia! Se ha descubierto un enorme yacimiento con huesos gigantescos. Expertos paleont\u00f3logos de todo el mundo se han reunido para su excavaci\u00f3n. Convert\u00edos en uno de ellos encontrando y restaurando f\u00f3siles. Pero, \u00a1cuidado!, si excav\u00e1is demasiado r\u00e1pido o \u00aba lo loco\u00bb, la excavaci\u00f3n [&hellip;]<\/p>\n","protected":false},"featured_media":60773,"template":"","meta":{"_acf_changed":false},"product_brand":[],"product_cat":[1564,1653,1556,2347,1180],"product_tag":[],"class_list":{"0":"post-60781","1":"product","2":"type-product","3":"status-publish","4":"has-post-thumbnail","6":"product_cat-childrens-es","7":"product_cat-boardgames","8":"product_cat-board-games-es","9":"product_cat-mercurio-es","10":"product_cat-retail-products-es","12":"first","13":"instock","14":"sale","15":"taxable","16":"shipping-taxable","17":"purchasable","18":"product-type-simple"},"exclude_global_add_ons":[],"addons":[],"acf":[],"_links":{"self":[{"href":"https:\/\/www.customeeple.com\/es\/wp-json\/wp\/v2\/product\/60781","targetHints":{"allow":["GET"]}}],"collection":[{"href":"https:\/\/www.customeeple.com\/es\/wp-json\/wp\/v2\/product"}],"about":[{"href":"https:\/\/www.customeeple.com\/es\/wp-json\/wp\/v2\/types\/product"}],"wp:featuredmedia":[{"embeddable":true,"href":"https:\/\/www.customeeple.com\/es\/wp-json\/wp\/v2\/media\/60773"}],"wp:attachment":[{"href":"https:\/\/www.customeeple.com\/es\/wp-json\/wp\/v2\/media?parent=60781"}],"wp:term":[{"taxonomy":"product_brand","embeddable":true,"href":"https:\/\/www.customeeple.com\/es\/wp-json\/wp\/v2\/product_brand?post=60781"},{"taxonomy":"product_cat","embeddable":true,"href":"https:\/\/www.customeeple.com\/es\/wp-json\/wp\/v2\/product_cat?post=60781"},{"taxonomy":"product_tag","embeddable":true,"href":"https:\/\/www.customeeple.com\/es\/wp-json\/wp\/v2\/product_tag?post=60781"}],"curies":[{"name":"wp","href":"https:\/\/api.w.org\/{rel}","templated":true}]}}