{"id":60741,"date":"2021-11-24T09:44:03","date_gmt":"2021-11-24T08:44:03","guid":{"rendered":"https:\/\/www.customeeple.com\/product\/bananazul-spa-pt\/"},"modified":"2021-11-24T09:44:03","modified_gmt":"2021-11-24T08:44:03","slug":"bananazul-spa-pt","status":"publish","type":"product","link":"https:\/\/www.customeeple.com\/es\/producto\/bananazul-spa-pt\/","title":{"rendered":"Bananazul (SPA\/PT)"},"content":{"rendered":"<p id=\"u1298846-2\">Una banana azul, un flamenco verde y una pelota de baloncesto rosa&#8230;<\/p>\n<p id=\"u1298846-5\">\u00a1Algo no est\u00e1 yendo bien!<\/p>\n<p id=\"u1298846-8\">Los jugadores con la mayor velocidad y capacidad de pensamiento lateral ser\u00e1n los que acaben llev\u00e1ndose la mayor cantidad de cartas con los objetos y colores requeridos.<\/p>\n<p id=\"u1298846-11\">\u00bfPreparado?\u00bfSer\u00e1s capaz de coger la banana azul para sumar muchos m\u00e1s puntos?<\/p>\n","protected":false},"excerpt":{"rendered":"<p>Una banana azul, un flamenco verde y una pelota de baloncesto rosa&#8230; \u00a1Algo no est\u00e1 yendo bien! Los jugadores con la mayor velocidad y capacidad de pensamiento lateral ser\u00e1n los que acaben llev\u00e1ndose la mayor cantidad de cartas con los objetos y colores requeridos. \u00bfPreparado?\u00bfSer\u00e1s capaz de coger la banana azul para sumar muchos m\u00e1s [&hellip;]<\/p>\n","protected":false},"featured_media":60691,"template":"","meta":{"_acf_changed":false},"product_brand":[],"product_cat":[1561,1653,2347,1180],"product_tag":[],"class_list":{"0":"post-60741","1":"product","2":"type-product","3":"status-publish","4":"has-post-thumbnail","6":"product_cat-familiar-es","7":"product_cat-boardgames","8":"product_cat-mercurio-es","9":"product_cat-retail-products-es","11":"first","12":"instock","13":"sale","14":"taxable","15":"shipping-taxable","16":"purchasable","17":"product-type-simple"},"exclude_global_add_ons":[],"addons":[],"acf":[],"_links":{"self":[{"href":"https:\/\/www.customeeple.com\/es\/wp-json\/wp\/v2\/product\/60741","targetHints":{"allow":["GET"]}}],"collection":[{"href":"https:\/\/www.customeeple.com\/es\/wp-json\/wp\/v2\/product"}],"about":[{"href":"https:\/\/www.customeeple.com\/es\/wp-json\/wp\/v2\/types\/product"}],"wp:featuredmedia":[{"embeddable":true,"href":"https:\/\/www.customeeple.com\/es\/wp-json\/wp\/v2\/media\/60691"}],"wp:attachment":[{"href":"https:\/\/www.customeeple.com\/es\/wp-json\/wp\/v2\/media?parent=60741"}],"wp:term":[{"taxonomy":"product_brand","embeddable":true,"href":"https:\/\/www.customeeple.com\/es\/wp-json\/wp\/v2\/product_brand?post=60741"},{"taxonomy":"product_cat","embeddable":true,"href":"https:\/\/www.customeeple.com\/es\/wp-json\/wp\/v2\/product_cat?post=60741"},{"taxonomy":"product_tag","embeddable":true,"href":"https:\/\/www.customeeple.com\/es\/wp-json\/wp\/v2\/product_tag?post=60741"}],"curies":[{"name":"wp","href":"https:\/\/api.w.org\/{rel}","templated":true}]}}