{"id":60739,"date":"2021-11-24T10:32:56","date_gmt":"2021-11-24T09:32:56","guid":{"rendered":"https:\/\/www.customeeple.com\/product\/animalea\/"},"modified":"2021-11-24T10:32:56","modified_gmt":"2021-11-24T09:32:56","slug":"animalea","status":"publish","type":"product","link":"https:\/\/www.customeeple.com\/es\/producto\/animalea\/","title":{"rendered":"Animalea"},"content":{"rendered":"<p>Animalea puede ser: un tr\u00edo de color, un tr\u00edo de animal o 2 del mismo color y 2 del mismo animal.<\/p>\n<p>El que m\u00e1s tr\u00edos consiga ganar\u00e1 la partida.<\/p>\n","protected":false},"excerpt":{"rendered":"<p>Animalea puede ser: un tr\u00edo de color, un tr\u00edo de animal o 2 del mismo color y 2 del mismo animal. El que m\u00e1s tr\u00edos consiga ganar\u00e1 la partida.<\/p>\n","protected":false},"featured_media":60705,"template":"","meta":{"_acf_changed":false},"product_brand":[],"product_cat":[1564,1653,2345,1180],"product_tag":[],"class_list":{"0":"post-60739","1":"product","2":"type-product","3":"status-publish","4":"has-post-thumbnail","6":"product_cat-childrens-es","7":"product_cat-boardgames","8":"product_cat-ludilo-es","9":"product_cat-retail-products-es","11":"first","12":"instock","13":"sale","14":"taxable","15":"shipping-taxable","16":"purchasable","17":"product-type-simple"},"exclude_global_add_ons":[],"addons":[],"acf":[],"_links":{"self":[{"href":"https:\/\/www.customeeple.com\/es\/wp-json\/wp\/v2\/product\/60739","targetHints":{"allow":["GET"]}}],"collection":[{"href":"https:\/\/www.customeeple.com\/es\/wp-json\/wp\/v2\/product"}],"about":[{"href":"https:\/\/www.customeeple.com\/es\/wp-json\/wp\/v2\/types\/product"}],"wp:featuredmedia":[{"embeddable":true,"href":"https:\/\/www.customeeple.com\/es\/wp-json\/wp\/v2\/media\/60705"}],"wp:attachment":[{"href":"https:\/\/www.customeeple.com\/es\/wp-json\/wp\/v2\/media?parent=60739"}],"wp:term":[{"taxonomy":"product_brand","embeddable":true,"href":"https:\/\/www.customeeple.com\/es\/wp-json\/wp\/v2\/product_brand?post=60739"},{"taxonomy":"product_cat","embeddable":true,"href":"https:\/\/www.customeeple.com\/es\/wp-json\/wp\/v2\/product_cat?post=60739"},{"taxonomy":"product_tag","embeddable":true,"href":"https:\/\/www.customeeple.com\/es\/wp-json\/wp\/v2\/product_tag?post=60739"}],"curies":[{"name":"wp","href":"https:\/\/api.w.org\/{rel}","templated":true}]}}