{"id":60736,"date":"2021-11-24T10:35:26","date_gmt":"2021-11-24T09:35:26","guid":{"rendered":"https:\/\/www.customeeple.com\/product\/k3-spa\/"},"modified":"2021-11-24T10:35:26","modified_gmt":"2021-11-24T09:35:26","slug":"k3-spa","status":"publish","type":"product","link":"https:\/\/www.customeeple.com\/es\/producto\/k3-spa\/","title":{"rendered":"K3 (SPA)"},"content":{"rendered":"<p>Prepara tu escalada y s\u00e9 el que m\u00e1s aguanta.<\/p>\n<p>K3 es la d\u00e9cimo segunda monta\u00f1a m\u00e1s alta del mundo, con 8.051 m de altura, y tambi\u00e9n unas de las cimas m\u00e1s peligrosas para escalar del mundo. Cada jugador debe intentar conquistar la cima paso a paso, pero pocos podr\u00e1n finalizar la aventura. Intenta ser el \u00faltimo jugador en poder seguir escalando.<\/p>\n","protected":false},"excerpt":{"rendered":"<p>Prepara tu escalada y s\u00e9 el que m\u00e1s aguanta. K3 es la d\u00e9cimo segunda monta\u00f1a m\u00e1s alta del mundo, con 8.051 m de altura, y tambi\u00e9n unas de las cimas m\u00e1s peligrosas para escalar del mundo. Cada jugador debe intentar conquistar la cima paso a paso, pero pocos podr\u00e1n finalizar la aventura. Intenta ser el [&hellip;]<\/p>\n","protected":false},"featured_media":60711,"template":"","meta":{"_acf_changed":false},"product_brand":[],"product_cat":[1564,1653,1180],"product_tag":[],"class_list":{"0":"post-60736","1":"product","2":"type-product","3":"status-publish","4":"has-post-thumbnail","6":"product_cat-childrens-es","7":"product_cat-boardgames","8":"product_cat-retail-products-es","10":"first","11":"instock","12":"sale","13":"taxable","14":"shipping-taxable","15":"purchasable","16":"product-type-simple"},"exclude_global_add_ons":[],"addons":[],"acf":[],"_links":{"self":[{"href":"https:\/\/www.customeeple.com\/es\/wp-json\/wp\/v2\/product\/60736","targetHints":{"allow":["GET"]}}],"collection":[{"href":"https:\/\/www.customeeple.com\/es\/wp-json\/wp\/v2\/product"}],"about":[{"href":"https:\/\/www.customeeple.com\/es\/wp-json\/wp\/v2\/types\/product"}],"wp:featuredmedia":[{"embeddable":true,"href":"https:\/\/www.customeeple.com\/es\/wp-json\/wp\/v2\/media\/60711"}],"wp:attachment":[{"href":"https:\/\/www.customeeple.com\/es\/wp-json\/wp\/v2\/media?parent=60736"}],"wp:term":[{"taxonomy":"product_brand","embeddable":true,"href":"https:\/\/www.customeeple.com\/es\/wp-json\/wp\/v2\/product_brand?post=60736"},{"taxonomy":"product_cat","embeddable":true,"href":"https:\/\/www.customeeple.com\/es\/wp-json\/wp\/v2\/product_cat?post=60736"},{"taxonomy":"product_tag","embeddable":true,"href":"https:\/\/www.customeeple.com\/es\/wp-json\/wp\/v2\/product_tag?post=60736"}],"curies":[{"name":"wp","href":"https:\/\/api.w.org\/{rel}","templated":true}]}}