{"id":60735,"date":"2021-11-24T10:35:37","date_gmt":"2021-11-24T09:35:37","guid":{"rendered":"https:\/\/www.customeeple.com\/product\/taco-gato-cabra-queso-pizza\/"},"modified":"2021-11-24T10:35:37","modified_gmt":"2021-11-24T09:35:37","slug":"taco-gato-cabra-queso-pizza","status":"publish","type":"product","link":"https:\/\/www.customeeple.com\/es\/producto\/taco-gato-cabra-queso-pizza\/","title":{"rendered":"Taco, Gato, Cabra, Queso, Pizza"},"content":{"rendered":"<p>En Taco gato cabra queso pizza debes ser el m\u00e1s r\u00e1pido.<\/p>\n<p>Cuando un jugador se descarte de una carta que coincida con la palabra que dice, coloca tu mano sobre el mont\u00f3n central, \u00a1el \u00faltimo en poner la mano se queda con todas las cartas del mont\u00f3n!<\/p>\n<p>Conc\u00e9ntrate y s\u00e9 el m\u00e1s r\u00e1pido en deshacerte de todas tus cartas. La diversi\u00f3n est\u00e1 garantizada con este fren\u00e9tico y divertido juego de cartas.<\/p>\n","protected":false},"excerpt":{"rendered":"<p>En Taco gato cabra queso pizza debes ser el m\u00e1s r\u00e1pido. Cuando un jugador se descarte de una carta que coincida con la palabra que dice, coloca tu mano sobre el mont\u00f3n central, \u00a1el \u00faltimo en poner la mano se queda con todas las cartas del mont\u00f3n! Conc\u00e9ntrate y s\u00e9 el m\u00e1s r\u00e1pido en deshacerte [&hellip;]<\/p>\n","protected":false},"featured_media":60713,"template":"","meta":{"_acf_changed":false},"product_brand":[],"product_cat":[1564,1653,2345,1180],"product_tag":[],"class_list":{"0":"post-60735","1":"product","2":"type-product","3":"status-publish","4":"has-post-thumbnail","6":"product_cat-childrens-es","7":"product_cat-boardgames","8":"product_cat-ludilo-es","9":"product_cat-retail-products-es","11":"first","12":"instock","13":"sale","14":"taxable","15":"shipping-taxable","16":"purchasable","17":"product-type-simple"},"exclude_global_add_ons":[],"addons":[],"acf":[],"_links":{"self":[{"href":"https:\/\/www.customeeple.com\/es\/wp-json\/wp\/v2\/product\/60735","targetHints":{"allow":["GET"]}}],"collection":[{"href":"https:\/\/www.customeeple.com\/es\/wp-json\/wp\/v2\/product"}],"about":[{"href":"https:\/\/www.customeeple.com\/es\/wp-json\/wp\/v2\/types\/product"}],"wp:featuredmedia":[{"embeddable":true,"href":"https:\/\/www.customeeple.com\/es\/wp-json\/wp\/v2\/media\/60713"}],"wp:attachment":[{"href":"https:\/\/www.customeeple.com\/es\/wp-json\/wp\/v2\/media?parent=60735"}],"wp:term":[{"taxonomy":"product_brand","embeddable":true,"href":"https:\/\/www.customeeple.com\/es\/wp-json\/wp\/v2\/product_brand?post=60735"},{"taxonomy":"product_cat","embeddable":true,"href":"https:\/\/www.customeeple.com\/es\/wp-json\/wp\/v2\/product_cat?post=60735"},{"taxonomy":"product_tag","embeddable":true,"href":"https:\/\/www.customeeple.com\/es\/wp-json\/wp\/v2\/product_tag?post=60735"}],"curies":[{"name":"wp","href":"https:\/\/api.w.org\/{rel}","templated":true}]}}