{"id":60612,"date":"2021-11-13T19:31:57","date_gmt":"2021-11-13T18:31:57","guid":{"rendered":"https:\/\/www.customeeple.com\/product\/black-templars-mejoras-y-calcomanias\/"},"modified":"2024-07-13T00:00:11","modified_gmt":"2024-07-12T23:00:11","slug":"black-templars-mejoras-y-calcomanias","status":"publish","type":"product","link":"https:\/\/www.customeeple.com\/es\/producto\/black-templars-mejoras-y-calcomanias\/","title":{"rendered":"Black Templars: Mejoras y calcoman\u00edas"},"content":{"rendered":"<p>Los Templarios Negros act\u00faan en batalla como la ira del Emperador manifestada. Cayendo desde el vac\u00edo o avanzando a la guerra en puntas de lanza mecanizadas, atacan con una furia que deja a los enemigos de la humanidad descolocados y tambale\u00e1ndose. Con las armas en ristre, las espadas afiladas y sus cuerpos blindados ataviados con las vestimentas y reliquias de la Fe Imperial, masacran a todos los que se interponen en su camino.<\/p>\n<p>Dise\u00f1ado para permitirte a\u00f1adir una mayor variedad a tus escuadras de Cruzados con una amplia gama de cabezas, armas y armamento, este set tambi\u00e9n incluye un ca\u00f1\u00f3n de fusi\u00f3n para el veh\u00edculo que elijas, seis poderosas Reliquias con las que equipar a tus Portadores de Reliquias, y varias hombreras esculpidas.<\/p>\n<p>Esta matriz de mejora contiene:<\/p>\n<p><strong>Hombreras<\/strong><br \/>\n12 hombreras Mk X Tacticus (incluyendo 2 para usar en Hermanos de Armas o l\u00edderes de unidad)<br \/>\n6 hombreras de armadura Mk X Gravis<br \/>\n1 hombrera de servoarmadura Mk VI<\/p>\n<p><strong>Mejoras para veh\u00edculos<\/strong><br \/>\n1 ca\u00f1\u00f3n de fusi\u00f3n para usar en veh\u00edculos de los Templarios Negros<br \/>\n6 piezas para decorar veh\u00edculos, incluyendo 5 iconos de los Templarios Negros y 1 espada\/arma de decoraci\u00f3n de chasis.<\/p>\n<p><strong>Reliquias<\/strong><br \/>\nComponentes espec\u00edficamente dise\u00f1ados para representar seis de las Reliquias disponibles para el Cap\u00edtulo de los Templarios Negros:<br \/>\nEl Sudario Aurilliano, el Cr\u00e1neo del Cacodominus, la Espada del Juicio, los Proyectiles buscabrujas, el Breviario Antiguo y el Yelmo del Cruzado.<\/p>\n<p><strong>Cabezas<\/strong><br \/>\n4 Cabezas de Iniciado<br \/>\n1 Cabeza de Mariscal, con diadema\/corona<br \/>\n4 Cabezas de Ne\u00f3fito<\/p>\n<p><strong>Armas y opciones de los ne\u00f3fitos<\/strong><br \/>\n4 Brazos de ne\u00f3fito con escopetas<br \/>\n3 opciones de brazos (uno con carabina b\u00f3lter, otro con granada y otro con casco de Iniciado)<\/p>\n<p><strong>Opciones adicionales, accesorios y decoraciones<\/strong><br \/>\n1 opci\u00f3n de brazo con dos manos a elegir, cada una de las cuales sostiene diferentes relicarios<br \/>\n1 espada sierra Astartes con vaina<br \/>\n1 mochila de Templario Negro con un hueco en su borde superior donde poner accesorios o Reliquias<br \/>\n3 sellos de pureza<br \/>\n3 cintas honor\u00edficas m\u00e1s grandes<br \/>\n1 granada santificada<br \/>\n1 cinta<br \/>\n2 linternas<br \/>\n2 huesos de reliquia<br \/>\n2 pilas de velas encendidas<\/p>\n<p><strong>Hoja de calcoman\u00edas<\/strong><br \/>\nIncluye una hoja de calcoman\u00edas de los Templarios Negros que incluye 240 calcoman\u00edas.<\/p>\n<p>Estos accesorios se suministran sin pintar y requieren montaje. Recomendamos utilizar pegamento para pl\u00e1stico Citadel y pinturas Citadel.<\/p>\n","protected":false},"excerpt":{"rendered":"<p>Los Templarios Negros act\u00faan en batalla como la ira del Emperador manifestada. Cayendo desde el vac\u00edo o avanzando a la guerra en puntas de lanza mecanizadas, atacan con una furia que deja a los enemigos de la humanidad descolocados y tambale\u00e1ndose. Con las armas en ristre, las espadas afiladas y sus cuerpos blindados ataviados con [&hellip;]<\/p>\n","protected":false},"featured_media":60579,"template":"","meta":{"_acf_changed":false},"product_brand":[],"product_cat":[1177,1180,1229],"product_tag":[],"class_list":{"0":"post-60612","1":"product","2":"type-product","3":"status-publish","4":"has-post-thumbnail","6":"product_cat-games-workshop-es","7":"product_cat-retail-products-es","8":"product_cat-warhammer-40k-es","10":"first","11":"onbackorder","12":"sale","13":"taxable","14":"shipping-taxable","15":"purchasable","16":"product-type-simple"},"exclude_global_add_ons":[],"addons":[],"acf":[],"_links":{"self":[{"href":"https:\/\/www.customeeple.com\/es\/wp-json\/wp\/v2\/product\/60612","targetHints":{"allow":["GET"]}}],"collection":[{"href":"https:\/\/www.customeeple.com\/es\/wp-json\/wp\/v2\/product"}],"about":[{"href":"https:\/\/www.customeeple.com\/es\/wp-json\/wp\/v2\/types\/product"}],"wp:featuredmedia":[{"embeddable":true,"href":"https:\/\/www.customeeple.com\/es\/wp-json\/wp\/v2\/media\/60579"}],"wp:attachment":[{"href":"https:\/\/www.customeeple.com\/es\/wp-json\/wp\/v2\/media?parent=60612"}],"wp:term":[{"taxonomy":"product_brand","embeddable":true,"href":"https:\/\/www.customeeple.com\/es\/wp-json\/wp\/v2\/product_brand?post=60612"},{"taxonomy":"product_cat","embeddable":true,"href":"https:\/\/www.customeeple.com\/es\/wp-json\/wp\/v2\/product_cat?post=60612"},{"taxonomy":"product_tag","embeddable":true,"href":"https:\/\/www.customeeple.com\/es\/wp-json\/wp\/v2\/product_tag?post=60612"}],"curies":[{"name":"wp","href":"https:\/\/api.w.org\/{rel}","templated":true}]}}